{"id":27351,"date":"2026-02-27T00:36:37","date_gmt":"2026-02-27T00:36:37","guid":{"rendered":"https:\/\/nordicmart.andreevmaster.com\/product\/viga-traebrandstation-garage-saet-14-stk\/"},"modified":"2026-02-27T09:15:13","modified_gmt":"2026-02-27T09:15:13","slug":"viga-traebrandstation-garage-saet-14-stk","status":"publish","type":"product","link":"https:\/\/nordicmart.andreevmaster.com\/da\/vare\/viga-traebrandstation-garage-saet-14-stk\/","title":{"rendered":"VIGA Tr\u00e6brandstation Garage S\u00e6t 14 stk."},"content":{"rendered":"<p>Den 3-etagers VIGA brandstation er den perfekte gave til sm\u00e5 helte! Denne rummelige, farverige konstruktion giver timevis af actionfyldt sjov med at redde og hj\u00e6lpe andre. Med en r\u00e6kke forskellige elementer og niveauer kan b\u00f8rnene skabe utallige redningsscenarier og udvikle deres kreativitet og sociale f\u00e6rdigheder.<\/p>\n<p>\u2705 Egenskaber:<\/p>\n<p>\u2714\ufe0f Til b\u00f8rn fra 3 \u00e5r og opefter \u2714\ufe0f Fremstillet af tr\u00e6 af h\u00f8j kvalitet \u2714\ufe0f Rummelig stueetage med plads til en brandbil og opbevaring af vigtigt v\u00e6rkt\u00f8j \u2714\ufe0f Anden sal med et hyggeligt hvilested for brandm\u00e6nd, en fungerende klokke og en rutsjebane til hurtig reaktion p\u00e5 alarmer \u2714\ufe0f Tredje sal med en landingsplads til en brandbek\u00e6mpelseshelikopter, der muligg\u00f8r luftoperationer<\/p>\n<p>\u2705 S\u00e6ttet indeholder:<\/p>\n<p>\u25fe Tr\u00e6brandstation i 3 etager \u25fe Brandbil \u25fe Brandhelikopter med vandbeholder \u25fe 2 brandmandsfigurer \u25fe Flammeelement til slukning \u25fe 2 trafikkegler \u25fe Brandslukker \u25fe Brandstationsm\u00f8bler: seng, skrivebord, stol<\/p>\n<p>\u2705 Leget\u00f8jet udvikler:<\/p>\n<p>\u2714\ufe0f Kreativitet og fantasi \u2714\ufe0f Motoriske f\u00e6rdigheder \u2714\ufe0f H\u00e5nd-\u00f8je-koordination \u2714\ufe0f Logisk t\u00e6nkning<\/p>\n","protected":false},"excerpt":{"rendered":"<p>Den 3-etagers VIGA brandstation er den perfekte gave til sm\u00e5 helte! Denne rummelige, farverige konstruktion giver timevis af actionfyldt sjov med at redde og hj\u00e6lpe andre. Med en r\u00e6kke forskellige elementer og niveauer kan b\u00f8rnene skabe utallige redningsscenarier og udvikle deres kreativitet og sociale f\u00e6rdigheder. \u2705 Egenskaber: \u2714\ufe0f Til b\u00f8rn fra 3 \u00e5r og opefter [&hellip;]<\/p>\n","protected":false},"featured_media":0,"comment_status":"open","ping_status":"closed","template":"","meta":[],"product_brand":[],"product_cat":[31],"product_tag":[],"class_list":{"0":"post-27351","1":"product","2":"type-product","3":"status-publish","5":"product_cat-uncategorized-da","7":"first","8":"instock","9":"shipping-taxable","10":"purchasable","11":"product-type-simple"},"_links":{"self":[{"href":"https:\/\/nordicmart.andreevmaster.com\/da\/wp-json\/wp\/v2\/product\/27351","targetHints":{"allow":["GET"]}}],"collection":[{"href":"https:\/\/nordicmart.andreevmaster.com\/da\/wp-json\/wp\/v2\/product"}],"about":[{"href":"https:\/\/nordicmart.andreevmaster.com\/da\/wp-json\/wp\/v2\/types\/product"}],"replies":[{"embeddable":true,"href":"https:\/\/nordicmart.andreevmaster.com\/da\/wp-json\/wp\/v2\/comments?post=27351"}],"wp:attachment":[{"href":"https:\/\/nordicmart.andreevmaster.com\/da\/wp-json\/wp\/v2\/media?parent=27351"}],"wp:term":[{"taxonomy":"product_brand","embeddable":true,"href":"https:\/\/nordicmart.andreevmaster.com\/da\/wp-json\/wp\/v2\/product_brand?post=27351"},{"taxonomy":"product_cat","embeddable":true,"href":"https:\/\/nordicmart.andreevmaster.com\/da\/wp-json\/wp\/v2\/product_cat?post=27351"},{"taxonomy":"product_tag","embeddable":true,"href":"https:\/\/nordicmart.andreevmaster.com\/da\/wp-json\/wp\/v2\/product_tag?post=27351"}],"curies":[{"name":"wp","href":"https:\/\/api.w.org\/{rel}","templated":true}]}}