{"id":27350,"date":"2026-02-27T00:36:36","date_gmt":"2026-02-27T00:36:36","guid":{"rendered":"https:\/\/nordicmart.andreevmaster.com\/product\/viga-trae-5-i-1-paedagogisk-terning\/"},"modified":"2026-02-27T09:15:13","modified_gmt":"2026-02-27T09:15:13","slug":"viga-trae-5-i-1-paedagogisk-terning","status":"publish","type":"product","link":"https:\/\/nordicmart.andreevmaster.com\/da\/vare\/viga-trae-5-i-1-paedagogisk-terning\/","title":{"rendered":"Viga Tr\u00e6 5-i-1 p\u00e6dagogisk terning"},"content":{"rendered":"<p>Oplev en verden af farver, former og lyde med vores p\u00e6dagogiske aktivitetskube! Det er et multifunktionelt leget\u00f8j, der giver timevis af sp\u00e6ndende sjov og samtidig underst\u00f8tter dit barns udvikling. Hver side af kuben er et nyt, fascinerende eventyr fuld af udfordringer, der stimulerer sanserne, udvikler motoriske f\u00e6rdigheder og l\u00e6rer gennem leg. Det er det perfekte valg til sm\u00e5 opdagelsesrejsende, der elsker at eksperimentere og opdage verden!<\/p>\n<p>\u2705 Egenskaber:<\/p>\n<p>\u2714\ufe0f Leget\u00f8j til b\u00f8rn fra 18 m\u00e5neder og opefter \u2714\ufe0f 5-i-1 p\u00e6dagogisk terning \u2013 hver side tilbyder en anden aktivitet \u2714\ufe0f Fremstillet af massivt tr\u00e6 for holdbarhed og sikkerhed \u2714\ufe0f Levende farver og omhyggeligt h\u00e5ndv\u00e6rk tiltr\u00e6kker barnets opm\u00e6rksomhed<\/p>\n<p>\u2705 Leget\u00f8jets funktioner:<\/p>\n<p>\u2714\ufe0f Perle-labyrint \u2013 fremragende \u00f8velse for sm\u00e5 h\u00e6nder, udvikler h\u00e5nd-\u00f8je-koordination og underst\u00f8tter logisk t\u00e6nkning . \u2714\ufe0f Form-sorterer \u2013 l\u00e6rer genkendelse af geometriske former og farver og underst\u00f8tter udviklingen af manuelle f\u00e6rdigheder. \u2714\ufe0f Tandhjul \u2013 b\u00f8rn kan manipulere dem, hvilket l\u00e6rer dem om \u00e5rsag og virkning og udvikler manuelle f\u00e6rdigheder. \u2714\ufe0f Ur med bev\u00e6gelige visere \u2013 f\u00f8rste skridt i at l\u00e6re at se, hvad klokken er, og forst\u00e5 begrebet tid. \u2714\ufe0f B\u00e6kkener \u2013 opmuntrer til udforskning af lydens verden, udvikler musikalsk \u00f8re og kreativitet. \u2714\ufe0f Aftagelig v\u00e6g med sorteringsmaskine \u2013 ekstra sjov og mulighed for at matche elementer. \u2714\ufe0f Klodser i forskellige former \u2013 perfekte til at stable og bygge med, hj\u00e6lper med at udvikle rumlig fantasi.<\/p>\n","protected":false},"excerpt":{"rendered":"<p>Oplev en verden af farver, former og lyde med vores p\u00e6dagogiske aktivitetskube! Det er et multifunktionelt leget\u00f8j, der giver timevis af sp\u00e6ndende sjov og samtidig underst\u00f8tter dit barns udvikling. Hver side af kuben er et nyt, fascinerende eventyr fuld af udfordringer, der stimulerer sanserne, udvikler motoriske f\u00e6rdigheder og l\u00e6rer gennem leg. Det er det perfekte [&hellip;]<\/p>\n","protected":false},"featured_media":0,"comment_status":"open","ping_status":"closed","template":"","meta":[],"product_brand":[],"product_cat":[31],"product_tag":[],"class_list":{"0":"post-27350","1":"product","2":"type-product","3":"status-publish","5":"product_cat-uncategorized-da","7":"first","8":"instock","9":"shipping-taxable","10":"purchasable","11":"product-type-simple"},"_links":{"self":[{"href":"https:\/\/nordicmart.andreevmaster.com\/da\/wp-json\/wp\/v2\/product\/27350","targetHints":{"allow":["GET"]}}],"collection":[{"href":"https:\/\/nordicmart.andreevmaster.com\/da\/wp-json\/wp\/v2\/product"}],"about":[{"href":"https:\/\/nordicmart.andreevmaster.com\/da\/wp-json\/wp\/v2\/types\/product"}],"replies":[{"embeddable":true,"href":"https:\/\/nordicmart.andreevmaster.com\/da\/wp-json\/wp\/v2\/comments?post=27350"}],"wp:attachment":[{"href":"https:\/\/nordicmart.andreevmaster.com\/da\/wp-json\/wp\/v2\/media?parent=27350"}],"wp:term":[{"taxonomy":"product_brand","embeddable":true,"href":"https:\/\/nordicmart.andreevmaster.com\/da\/wp-json\/wp\/v2\/product_brand?post=27350"},{"taxonomy":"product_cat","embeddable":true,"href":"https:\/\/nordicmart.andreevmaster.com\/da\/wp-json\/wp\/v2\/product_cat?post=27350"},{"taxonomy":"product_tag","embeddable":true,"href":"https:\/\/nordicmart.andreevmaster.com\/da\/wp-json\/wp\/v2\/product_tag?post=27350"}],"curies":[{"name":"wp","href":"https:\/\/api.w.org\/{rel}","templated":true}]}}