{"id":27349,"date":"2026-02-27T00:36:36","date_gmt":"2026-02-27T00:36:36","guid":{"rendered":"https:\/\/nordicmart.andreevmaster.com\/product\/viga-stort-hvidt-og-lyserodt-traetoiletsbord-med-spejl-og-stol\/"},"modified":"2026-02-27T09:15:13","modified_gmt":"2026-02-27T09:15:13","slug":"viga-stort-hvidt-og-lyserodt-traetoiletsbord-med-spejl-og-stol","status":"publish","type":"product","link":"https:\/\/nordicmart.andreevmaster.com\/da\/vare\/viga-stort-hvidt-og-lyserodt-traetoiletsbord-med-spejl-og-stol\/","title":{"rendered":"VIGA Stort hvidt og lyser\u00f8dt tr\u00e6toiletsbord med spejl og stol"},"content":{"rendered":"<p>Det store tr\u00e6toiletsbord fra Viga er et unikt tr\u00e6toiletsbord til en lille prinsesse, der vil g\u00f8re enhver piges dr\u00f8mme til virkelighed! Dette charmerende toiletsbord er lavet af tr\u00e6 af h\u00f8jeste kvalitet i delikate nuancer af lyser\u00f8dt og hvidt og gl\u00e6der med sit eventyrlige design. Stilfulde, afrundede former, subtile dekorationer og elegante ben g\u00f8r det perfekt til et b\u00f8rnev\u00e6relse, hvor det tilf\u00f8jer charme og magi. Toilettebordet udvikler kreativitet, fantasi og tilskynder til rollespil. Det er ogs\u00e5 en god gaveid\u00e9 \u2013 dets solide konstruktion og \u00e6stetiske udseende sikrer, at det vil holde i mange \u00e5r fremover.<\/p>\n<p>\u2705 Egenskaber:<\/p>\n<p>\u2714\ufe0f Toiletbord med spejl \u2013 et sikkert spejl i en elegant lyser\u00f8d ramme med en dekorativ krone. \u2714\ufe0f Komfortabel skammel \u2013 matchende toiletbordet, stabil og charmerende dekoreret. \u2714\ufe0f Rummelig skuffe \u2013 perfekt til opbevaring af tilbeh\u00f8r og skatte fra en lille prinsesse. \u2714\ufe0fLeget\u00f8jet har ingen skarpe kanter. \u2714\ufe0fMalet med giftfri maling.<\/p>\n<p>\u2705 Toilettbordet indeholder:<\/p>\n<p>\u2714\ufe0fTr\u00e6makeuppalette med pensel \u2714\ufe0fL\u00e6bestift i elegant emballage \u2714\ufe0fTr\u00e6neglakker \u2714\ufe0fPink parfumeflaske \u2714\ufe0fH\u00e5rkam \u2714\ufe0fBl\u00f8d pudderpensel \u2714\ufe0fH\u00e5rt\u00f8rrer med udskiftelige tilbeh\u00f8rsdele<\/p>\n<p>\u2705 Leget\u00f8jet udvikler:<\/p>\n<p>\u2714\ufe0f kreativitet \u2714\ufe0f fingerf\u00e6rdighed \u2714\ufe0f fantasi \u2714\ufe0f h\u00e5nd-\u00f8je-koordination \u2714\ufe0f h\u00e5ndfleksibilitet<\/p>\n","protected":false},"excerpt":{"rendered":"<p>Det store tr\u00e6toiletsbord fra Viga er et unikt tr\u00e6toiletsbord til en lille prinsesse, der vil g\u00f8re enhver piges dr\u00f8mme til virkelighed! Dette charmerende toiletsbord er lavet af tr\u00e6 af h\u00f8jeste kvalitet i delikate nuancer af lyser\u00f8dt og hvidt og gl\u00e6der med sit eventyrlige design. Stilfulde, afrundede former, subtile dekorationer og elegante ben g\u00f8r det perfekt [&hellip;]<\/p>\n","protected":false},"featured_media":0,"comment_status":"open","ping_status":"closed","template":"","meta":[],"product_brand":[],"product_cat":[31],"product_tag":[],"class_list":{"0":"post-27349","1":"product","2":"type-product","3":"status-publish","5":"product_cat-uncategorized-da","7":"first","8":"instock","9":"shipping-taxable","10":"purchasable","11":"product-type-simple"},"_links":{"self":[{"href":"https:\/\/nordicmart.andreevmaster.com\/da\/wp-json\/wp\/v2\/product\/27349","targetHints":{"allow":["GET"]}}],"collection":[{"href":"https:\/\/nordicmart.andreevmaster.com\/da\/wp-json\/wp\/v2\/product"}],"about":[{"href":"https:\/\/nordicmart.andreevmaster.com\/da\/wp-json\/wp\/v2\/types\/product"}],"replies":[{"embeddable":true,"href":"https:\/\/nordicmart.andreevmaster.com\/da\/wp-json\/wp\/v2\/comments?post=27349"}],"wp:attachment":[{"href":"https:\/\/nordicmart.andreevmaster.com\/da\/wp-json\/wp\/v2\/media?parent=27349"}],"wp:term":[{"taxonomy":"product_brand","embeddable":true,"href":"https:\/\/nordicmart.andreevmaster.com\/da\/wp-json\/wp\/v2\/product_brand?post=27349"},{"taxonomy":"product_cat","embeddable":true,"href":"https:\/\/nordicmart.andreevmaster.com\/da\/wp-json\/wp\/v2\/product_cat?post=27349"},{"taxonomy":"product_tag","embeddable":true,"href":"https:\/\/nordicmart.andreevmaster.com\/da\/wp-json\/wp\/v2\/product_tag?post=27349"}],"curies":[{"name":"wp","href":"https:\/\/api.w.org\/{rel}","templated":true}]}}