{"id":27348,"date":"2026-02-27T00:36:36","date_gmt":"2026-02-27T00:36:36","guid":{"rendered":"https:\/\/nordicmart.andreevmaster.com\/product\/viga-montessori-vaegmanipulationsbraet\/"},"modified":"2026-02-27T09:15:13","modified_gmt":"2026-02-27T09:15:13","slug":"viga-montessori-vaegmanipulationsbraet","status":"publish","type":"product","link":"https:\/\/nordicmart.andreevmaster.com\/da\/vare\/viga-montessori-vaegmanipulationsbraet\/","title":{"rendered":"VIGA Montessori v\u00e6gmanipulationsbr\u00e6t"},"content":{"rendered":"<p>VIGA Montessori sensorisk v\u00e6gmanipulationsbr\u00e6t er et p\u00e6dagogisk leget\u00f8j, der udvikler manuelle f\u00e6rdigheder og stimulerer b\u00f8rns nysgerrighed. Med en r\u00e6kke forskellige elementer giver det timevis af sp\u00e6ndende leg, samtidig med at det underst\u00f8tter sensorisk udvikling og h\u00e5nd-\u00f8je-koordination. Solidt h\u00e5ndv\u00e6rk og opm\u00e6rksomhed for detaljer g\u00f8r tavlen til et fremragende valg til hjemmet, b\u00f8rnehaven eller legerummet! Egenskaber:<\/p>\n<p>* Alder: 18 m\u00e5neder<br \/>\n* Buet design: tilpasset b\u00f8rn i forskellige h\u00f8jder<br \/>\n* Frit konfigurerbar: tavlen best\u00e5r af 5 dele, der kan arrangeres i forskellige r\u00e6kkef\u00f8lger<br \/>\n* Let at transportere og samle<\/p>\n<p>12 interaktive elementer:<\/p>\n<p>* &#8211; roterende tandhjul,<br \/>\n* &#8211; vejrbr\u00e6t,<br \/>\n* &#8211; rullende skive,<br \/>\n* &#8211; form-matchende klodser,<br \/>\n* &#8211; b\u00e6kkener,<br \/>\n* &#8211; konkave og konvekse spejle,<br \/>\n* &#8211; gong<br \/>\n* &#8211; bev\u00e6gelige perler<br \/>\n* &#8211; labyrint<br \/>\n* &#8211; Termometer<br \/>\n* &#8211; Skift af \u00e5rstider<\/p>\n<p>Leget\u00f8jet udvikler:<\/p>\n<p>* Manuel fingerf\u00e6rdighed og h\u00e5nd-\u00f8je-koordination<br \/>\n* Form- og farvegenkendelse<br \/>\n* Sensorisk perception<br \/>\n* Musikalsk evner og kreativitet<br \/>\n* Koncentration og logisk t\u00e6nkning<\/p>\n","protected":false},"excerpt":{"rendered":"<p>VIGA Montessori sensorisk v\u00e6gmanipulationsbr\u00e6t er et p\u00e6dagogisk leget\u00f8j, der udvikler manuelle f\u00e6rdigheder og stimulerer b\u00f8rns nysgerrighed. Med en r\u00e6kke forskellige elementer giver det timevis af sp\u00e6ndende leg, samtidig med at det underst\u00f8tter sensorisk udvikling og h\u00e5nd-\u00f8je-koordination. Solidt h\u00e5ndv\u00e6rk og opm\u00e6rksomhed for detaljer g\u00f8r tavlen til et fremragende valg til hjemmet, b\u00f8rnehaven eller legerummet! Egenskaber: * [&hellip;]<\/p>\n","protected":false},"featured_media":0,"comment_status":"open","ping_status":"closed","template":"","meta":[],"product_brand":[],"product_cat":[31],"product_tag":[],"class_list":{"0":"post-27348","1":"product","2":"type-product","3":"status-publish","5":"product_cat-uncategorized-da","7":"first","8":"instock","9":"shipping-taxable","10":"purchasable","11":"product-type-simple"},"_links":{"self":[{"href":"https:\/\/nordicmart.andreevmaster.com\/da\/wp-json\/wp\/v2\/product\/27348","targetHints":{"allow":["GET"]}}],"collection":[{"href":"https:\/\/nordicmart.andreevmaster.com\/da\/wp-json\/wp\/v2\/product"}],"about":[{"href":"https:\/\/nordicmart.andreevmaster.com\/da\/wp-json\/wp\/v2\/types\/product"}],"replies":[{"embeddable":true,"href":"https:\/\/nordicmart.andreevmaster.com\/da\/wp-json\/wp\/v2\/comments?post=27348"}],"wp:attachment":[{"href":"https:\/\/nordicmart.andreevmaster.com\/da\/wp-json\/wp\/v2\/media?parent=27348"}],"wp:term":[{"taxonomy":"product_brand","embeddable":true,"href":"https:\/\/nordicmart.andreevmaster.com\/da\/wp-json\/wp\/v2\/product_brand?post=27348"},{"taxonomy":"product_cat","embeddable":true,"href":"https:\/\/nordicmart.andreevmaster.com\/da\/wp-json\/wp\/v2\/product_cat?post=27348"},{"taxonomy":"product_tag","embeddable":true,"href":"https:\/\/nordicmart.andreevmaster.com\/da\/wp-json\/wp\/v2\/product_tag?post=27348"}],"curies":[{"name":"wp","href":"https:\/\/api.w.org\/{rel}","templated":true}]}}