{"id":27347,"date":"2026-02-27T00:36:35","date_gmt":"2026-02-27T00:36:35","guid":{"rendered":"https:\/\/nordicmart.andreevmaster.com\/product\/viga-traeparkeringshus-med-elevator-4-biler-og-helikopter\/"},"modified":"2026-02-27T09:15:13","modified_gmt":"2026-02-27T09:15:13","slug":"viga-traeparkeringshus-med-elevator-4-biler-og-helikopter","status":"publish","type":"product","link":"https:\/\/nordicmart.andreevmaster.com\/da\/vare\/viga-traeparkeringshus-med-elevator-4-biler-og-helikopter\/","title":{"rendered":"VIGA Tr\u00e6parkeringshus med elevator, 4 biler og helikopter"},"content":{"rendered":"<p>### Viga tr\u00e6parkeringshus \u2013 kreativ leg for de sm\u00e5!<\/p>\n<p>Tr\u00e6parkeringshuset fra Viga er det perfekte s\u00e6t til b\u00f8rn fra 3 \u00e5r, som udvikler deres fantasi, motoriske f\u00e6rdigheder og sociale evner. Med sin robuste konstruktion, realistiske detaljer og store st\u00f8rrelse vil dette s\u00e6t give timevis af sjov. Udstyret med elevator, bilvask og helikopterlandingsplads vil det opfylde dr\u00f8mmene for alle sm\u00e5 bil- og flyentusiaster!<\/p>\n<p>### Egenskaber:<\/p>\n<p>* &#8211; Leget\u00f8j til b\u00f8rn fra 3 \u00e5r<br \/>\n* &#8211; Sikkert og holdbart materiale<br \/>\n* &#8211; H\u00e5nddrevet elevator<br \/>\n* &#8211; 4 biler og en helikopter medf\u00f8lger!<br \/>\n* &#8211; Tre parkeringsniveauer og en landingsplads<br \/>\n* &#8211; St\u00f8rrelse tilpasset til gruppespil \u2013 parkeringshuset har plads til ikke kun de medf\u00f8lgende k\u00f8ret\u00f8jer, men ogs\u00e5 andet leget\u00f8j<br \/>\n* &#8211; Parkeringspladsen m\u00e5ler 58 x 45,3 cm!<\/p>\n<p>### Hvad er der i s\u00e6ttet?<\/p>\n<p>* Et parkeringshus i tr\u00e6 med tre niveauer, en elevator og en bilvask.* 4 tr\u00e6biler i forskellige farver.<br \/>\n* En tr\u00e6helikopter med en landingsplads p\u00e5 toppen af parkeringshuset.<br \/>\n* Indgangs- og udgangsrampeelementer.<br \/>\n* Detaljerede markeringer s\u00e5som parkeringspladser og elevator.<\/p>\n","protected":false},"excerpt":{"rendered":"<p>### Viga tr\u00e6parkeringshus \u2013 kreativ leg for de sm\u00e5! Tr\u00e6parkeringshuset fra Viga er det perfekte s\u00e6t til b\u00f8rn fra 3 \u00e5r, som udvikler deres fantasi, motoriske f\u00e6rdigheder og sociale evner. Med sin robuste konstruktion, realistiske detaljer og store st\u00f8rrelse vil dette s\u00e6t give timevis af sjov. Udstyret med elevator, bilvask og helikopterlandingsplads vil det opfylde [&hellip;]<\/p>\n","protected":false},"featured_media":0,"comment_status":"open","ping_status":"closed","template":"","meta":[],"product_brand":[],"product_cat":[31],"product_tag":[],"class_list":{"0":"post-27347","1":"product","2":"type-product","3":"status-publish","5":"product_cat-uncategorized-da","7":"first","8":"instock","9":"shipping-taxable","10":"purchasable","11":"product-type-simple"},"_links":{"self":[{"href":"https:\/\/nordicmart.andreevmaster.com\/da\/wp-json\/wp\/v2\/product\/27347","targetHints":{"allow":["GET"]}}],"collection":[{"href":"https:\/\/nordicmart.andreevmaster.com\/da\/wp-json\/wp\/v2\/product"}],"about":[{"href":"https:\/\/nordicmart.andreevmaster.com\/da\/wp-json\/wp\/v2\/types\/product"}],"replies":[{"embeddable":true,"href":"https:\/\/nordicmart.andreevmaster.com\/da\/wp-json\/wp\/v2\/comments?post=27347"}],"wp:attachment":[{"href":"https:\/\/nordicmart.andreevmaster.com\/da\/wp-json\/wp\/v2\/media?parent=27347"}],"wp:term":[{"taxonomy":"product_brand","embeddable":true,"href":"https:\/\/nordicmart.andreevmaster.com\/da\/wp-json\/wp\/v2\/product_brand?post=27347"},{"taxonomy":"product_cat","embeddable":true,"href":"https:\/\/nordicmart.andreevmaster.com\/da\/wp-json\/wp\/v2\/product_cat?post=27347"},{"taxonomy":"product_tag","embeddable":true,"href":"https:\/\/nordicmart.andreevmaster.com\/da\/wp-json\/wp\/v2\/product_tag?post=27347"}],"curies":[{"name":"wp","href":"https:\/\/api.w.org\/{rel}","templated":true}]}}