{"id":27346,"date":"2026-02-27T00:36:35","date_gmt":"2026-02-27T00:36:35","guid":{"rendered":"https:\/\/nordicmart.andreevmaster.com\/product\/viga-traegyngebro-2-i-1-montessori-regnbuesving\/"},"modified":"2026-02-27T09:15:13","modified_gmt":"2026-02-27T09:15:13","slug":"viga-traegyngebro-2-i-1-montessori-regnbuesving","status":"publish","type":"product","link":"https:\/\/nordicmart.andreevmaster.com\/da\/vare\/viga-traegyngebro-2-i-1-montessori-regnbuesving\/","title":{"rendered":"VIGA Tr\u00e6gyngebro 2-i-1 Montessori Regnbuesving"},"content":{"rendered":"<p>En gyngestol og gynge fra VIGA, der vil tr\u00e6kke dem ind i en hvirvelvind af sjov og bruge deres uendelige energi! Gyngestolens design og funktionalitet passer perfekt til Montessori-filosofien. Gyngestolen bruges til balance\u00f8velser og underst\u00f8tter udviklingen af motoriske f\u00e6rdigheder. Egenskaber:<\/p>\n<p>* &#8211; leget\u00f8j til b\u00f8rn over 3 \u00e5r<br \/>\n* &#8211; produkt fremstillet af tr\u00e6<br \/>\n* &#8211; multifunktionelt, kan bruges som gyngestol eller gynge<br \/>\n* &#8211; produkt malet med lyse, giftfri malinger<br \/>\n* &#8211; gyngen underst\u00f8tter barnets motoriske udvikling<\/p>\n<p>Leg udvikler:<\/p>\n<p>* &#8211; h\u00e5nd-\u00f8je-koordination<br \/>\n* &#8211; fantasi<br \/>\n* &#8211; konkurrenceevne<br \/>\n* &#8211; grovmotorik<\/p>\n","protected":false},"excerpt":{"rendered":"<p>En gyngestol og gynge fra VIGA, der vil tr\u00e6kke dem ind i en hvirvelvind af sjov og bruge deres uendelige energi! Gyngestolens design og funktionalitet passer perfekt til Montessori-filosofien. Gyngestolen bruges til balance\u00f8velser og underst\u00f8tter udviklingen af motoriske f\u00e6rdigheder. Egenskaber: * &#8211; leget\u00f8j til b\u00f8rn over 3 \u00e5r * &#8211; produkt fremstillet af tr\u00e6 * [&hellip;]<\/p>\n","protected":false},"featured_media":0,"comment_status":"open","ping_status":"closed","template":"","meta":[],"product_brand":[],"product_cat":[31],"product_tag":[],"class_list":{"0":"post-27346","1":"product","2":"type-product","3":"status-publish","5":"product_cat-uncategorized-da","7":"first","8":"instock","9":"shipping-taxable","10":"purchasable","11":"product-type-simple"},"_links":{"self":[{"href":"https:\/\/nordicmart.andreevmaster.com\/da\/wp-json\/wp\/v2\/product\/27346","targetHints":{"allow":["GET"]}}],"collection":[{"href":"https:\/\/nordicmart.andreevmaster.com\/da\/wp-json\/wp\/v2\/product"}],"about":[{"href":"https:\/\/nordicmart.andreevmaster.com\/da\/wp-json\/wp\/v2\/types\/product"}],"replies":[{"embeddable":true,"href":"https:\/\/nordicmart.andreevmaster.com\/da\/wp-json\/wp\/v2\/comments?post=27346"}],"wp:attachment":[{"href":"https:\/\/nordicmart.andreevmaster.com\/da\/wp-json\/wp\/v2\/media?parent=27346"}],"wp:term":[{"taxonomy":"product_brand","embeddable":true,"href":"https:\/\/nordicmart.andreevmaster.com\/da\/wp-json\/wp\/v2\/product_brand?post=27346"},{"taxonomy":"product_cat","embeddable":true,"href":"https:\/\/nordicmart.andreevmaster.com\/da\/wp-json\/wp\/v2\/product_cat?post=27346"},{"taxonomy":"product_tag","embeddable":true,"href":"https:\/\/nordicmart.andreevmaster.com\/da\/wp-json\/wp\/v2\/product_tag?post=27346"}],"curies":[{"name":"wp","href":"https:\/\/api.w.org\/{rel}","templated":true}]}}