{"id":27345,"date":"2026-02-27T00:36:35","date_gmt":"2026-02-27T00:36:35","guid":{"rendered":"https:\/\/nordicmart.andreevmaster.com\/product\/viga-traebraet-til-sensorisk-manipulation-edu-triceratops\/"},"modified":"2026-02-27T09:15:12","modified_gmt":"2026-02-27T09:15:12","slug":"viga-traebraet-til-sensorisk-manipulation-edu-triceratops","status":"publish","type":"product","link":"https:\/\/nordicmart.andreevmaster.com\/da\/vare\/viga-traebraet-til-sensorisk-manipulation-edu-triceratops\/","title":{"rendered":"VIGA Tr\u00e6br\u00e6t til sensorisk manipulation EDU Triceratops"},"content":{"rendered":"<p>Det farverige Triceratops Manipulative Board fra Viga Toys er et multifunktionelt v\u00e6gleget\u00f8j i tr\u00e6, der giver b\u00f8rn timevis af sjov og l\u00e6ring. Br\u00e6ttet er et leget\u00f8j, som flere b\u00f8rn kan lege med p\u00e5 samme tid. Det indeholder aktiviteter s\u00e5som tandhjul, en motorisk f\u00e6rdighedssl\u00f8jfe med en perlekaster, en glidende labyrint med \u00e6g, der kan \u00e5bnes, et xylofon, en gong og roterende dinosaur\u00f8jne. En genial kombination af leget\u00f8j til skoler, b\u00f8rnehaver, l\u00e6ringscentre og offentlige steder.<\/p>\n<p>Egenskaber:<\/p>\n<p>* &#8211; Leget\u00f8j til b\u00f8rn fra 3 \u00e5r<br \/>\n* &#8211; Det tr\u00e6baserede sensoriske og manipulerende br\u00e6t i form af en triceratops er i\u00f8jnefaldende og opmuntrer til leg<br \/>\n* &#8211; Manen har et regnbue-xylofon med en hammer og en gong<br \/>\n* &#8211; Dinosaurens \u00f8jne kan \u00e6ndres ved hj\u00e6lp af en tr\u00e6knap<br \/>\n* &#8211; I midten er der en glidende labyrint med 5 \u00e6g, der kan \u00e5bnes, hvoraf det ene skjuler et spejl og 4 sm\u00e5 dinosaurer<br \/>\n* &#8211; Tandhjul med kugler inde i det store hjul<br \/>\n* &#8211; P\u00e5 halen er der en motorsl\u00f8jfe og en perlekaster<br \/>\n* &#8211; Produktet er lavet af lakeret tr\u00e6 af h\u00f8j kvalitet og malet med giftfri maling.* &#8211; Dette br\u00e6t overholder Montessori-principperne<\/p>\n<p>Leget\u00f8jet udvikler:<\/p>\n<p>* &#8211; Motoriske f\u00e6rdigheder<br \/>\n* &#8211; H\u00e5nd-\u00f8je-koordination<br \/>\n* &#8211; Kreativitet<br \/>\n* &#8211; Uafh\u00e6ngighed og pr\u00e6cision<\/p>\n","protected":false},"excerpt":{"rendered":"<p>Det farverige Triceratops Manipulative Board fra Viga Toys er et multifunktionelt v\u00e6gleget\u00f8j i tr\u00e6, der giver b\u00f8rn timevis af sjov og l\u00e6ring. Br\u00e6ttet er et leget\u00f8j, som flere b\u00f8rn kan lege med p\u00e5 samme tid. Det indeholder aktiviteter s\u00e5som tandhjul, en motorisk f\u00e6rdighedssl\u00f8jfe med en perlekaster, en glidende labyrint med \u00e6g, der kan \u00e5bnes, et [&hellip;]<\/p>\n","protected":false},"featured_media":0,"comment_status":"open","ping_status":"closed","template":"","meta":[],"product_brand":[],"product_cat":[31],"product_tag":[],"class_list":{"0":"post-27345","1":"product","2":"type-product","3":"status-publish","5":"product_cat-uncategorized-da","7":"first","8":"instock","9":"shipping-taxable","10":"purchasable","11":"product-type-simple"},"_links":{"self":[{"href":"https:\/\/nordicmart.andreevmaster.com\/da\/wp-json\/wp\/v2\/product\/27345","targetHints":{"allow":["GET"]}}],"collection":[{"href":"https:\/\/nordicmart.andreevmaster.com\/da\/wp-json\/wp\/v2\/product"}],"about":[{"href":"https:\/\/nordicmart.andreevmaster.com\/da\/wp-json\/wp\/v2\/types\/product"}],"replies":[{"embeddable":true,"href":"https:\/\/nordicmart.andreevmaster.com\/da\/wp-json\/wp\/v2\/comments?post=27345"}],"wp:attachment":[{"href":"https:\/\/nordicmart.andreevmaster.com\/da\/wp-json\/wp\/v2\/media?parent=27345"}],"wp:term":[{"taxonomy":"product_brand","embeddable":true,"href":"https:\/\/nordicmart.andreevmaster.com\/da\/wp-json\/wp\/v2\/product_brand?post=27345"},{"taxonomy":"product_cat","embeddable":true,"href":"https:\/\/nordicmart.andreevmaster.com\/da\/wp-json\/wp\/v2\/product_cat?post=27345"},{"taxonomy":"product_tag","embeddable":true,"href":"https:\/\/nordicmart.andreevmaster.com\/da\/wp-json\/wp\/v2\/product_tag?post=27345"}],"curies":[{"name":"wp","href":"https:\/\/api.w.org\/{rel}","templated":true}]}}