{"id":27344,"date":"2026-02-27T00:36:35","date_gmt":"2026-02-27T00:36:35","guid":{"rendered":"https:\/\/nordicmart.andreevmaster.com\/product\/viga-trae-2-i-1-puslebord-og-dukke-badekar\/"},"modified":"2026-02-27T09:15:12","modified_gmt":"2026-02-27T09:15:12","slug":"viga-trae-2-i-1-puslebord-og-dukke-badekar","status":"publish","type":"product","link":"https:\/\/nordicmart.andreevmaster.com\/da\/vare\/viga-trae-2-i-1-puslebord-og-dukke-badekar\/","title":{"rendered":"VIGA Tr\u00e6 2-i-1 puslebord og dukke badekar"},"content":{"rendered":"<p>2-i-1-puslebordet i tr\u00e6 fra Viga er en unik gaveid\u00e9 til et barn, da det kombinerer funktionerne fra et puslebord og et babybadekar. Puslebordet har en behagelig, flad overflade p\u00e5 den \u00f8verste plade, der er ideel til leg. For at begynde at lege med puslebordet skal du blot l\u00e6gge et lagen og en bl\u00f8d pude p\u00e5 den \u00f8verste plade. Hylden under puslebordet er et praktisk sted at opbevare tilbeh\u00f8r, og der er en stofkurv p\u00e5 den, der giver ekstra plads til sikker opbevaring af genstande. N\u00e5r du bruger det som badekar, skal du fjerne den \u00f8verste plade og montere vandhanen og brusehovedet. Den solide tr\u00e6konstruktion garanterer sikkerhed og stabilitet under leg. Derudover er farverne afstemt, s\u00e5 leget\u00f8jet passer ind i enhver rumindretning. Viga 2-i-1 tr\u00e6puslebord er ikke kun et praktisk m\u00f8bel, men ogs\u00e5 et fremragende leget\u00f8j, der udvikler b\u00f8rns fantasi og omsorgsevner. <\/p>\n<p>Funktioner: <\/p>\n<p>* &#8211; Leget\u00f8j til b\u00f8rn fra 3 \u00e5r og opefter<br \/>\n* &#8211; 2-i-1 puslebord og badekar<br \/>\n* &#8211; Ekstra hylde med kurv til opbevaring af tilbeh\u00f8r<br \/>\n* &#8211; S\u00f8d gul and medf\u00f8lger i s\u00e6ttet<br \/>\n* &#8211; Plads til dukker op til 43 cm h\u00f8je<br \/>\n* &#8211; Perfekt til rollespil<br \/>\n* &#8211; Ikke kun et leget\u00f8j, men ogs\u00e5 et redskab til at udvikle k\u00e6rlighed og omsorg gennem pleje af en dukke.<\/p>\n<p>Produktst\u00f8rrelse: 50 x 30 x 54,5 (cm)<\/p>\n","protected":false},"excerpt":{"rendered":"<p>2-i-1-puslebordet i tr\u00e6 fra Viga er en unik gaveid\u00e9 til et barn, da det kombinerer funktionerne fra et puslebord og et babybadekar. Puslebordet har en behagelig, flad overflade p\u00e5 den \u00f8verste plade, der er ideel til leg. For at begynde at lege med puslebordet skal du blot l\u00e6gge et lagen og en bl\u00f8d pude p\u00e5 [&hellip;]<\/p>\n","protected":false},"featured_media":0,"comment_status":"open","ping_status":"closed","template":"","meta":[],"product_brand":[],"product_cat":[31],"product_tag":[],"class_list":{"0":"post-27344","1":"product","2":"type-product","3":"status-publish","5":"product_cat-uncategorized-da","7":"first","8":"instock","9":"shipping-taxable","10":"purchasable","11":"product-type-simple"},"_links":{"self":[{"href":"https:\/\/nordicmart.andreevmaster.com\/da\/wp-json\/wp\/v2\/product\/27344","targetHints":{"allow":["GET"]}}],"collection":[{"href":"https:\/\/nordicmart.andreevmaster.com\/da\/wp-json\/wp\/v2\/product"}],"about":[{"href":"https:\/\/nordicmart.andreevmaster.com\/da\/wp-json\/wp\/v2\/types\/product"}],"replies":[{"embeddable":true,"href":"https:\/\/nordicmart.andreevmaster.com\/da\/wp-json\/wp\/v2\/comments?post=27344"}],"wp:attachment":[{"href":"https:\/\/nordicmart.andreevmaster.com\/da\/wp-json\/wp\/v2\/media?parent=27344"}],"wp:term":[{"taxonomy":"product_brand","embeddable":true,"href":"https:\/\/nordicmart.andreevmaster.com\/da\/wp-json\/wp\/v2\/product_brand?post=27344"},{"taxonomy":"product_cat","embeddable":true,"href":"https:\/\/nordicmart.andreevmaster.com\/da\/wp-json\/wp\/v2\/product_cat?post=27344"},{"taxonomy":"product_tag","embeddable":true,"href":"https:\/\/nordicmart.andreevmaster.com\/da\/wp-json\/wp\/v2\/product_tag?post=27344"}],"curies":[{"name":"wp","href":"https:\/\/api.w.org\/{rel}","templated":true}]}}