{"id":27343,"date":"2026-02-27T00:36:35","date_gmt":"2026-02-27T00:36:35","guid":{"rendered":"https:\/\/nordicmart.andreevmaster.com\/product\/viga-traemusikbraet-med-12-slaginstrumenter\/"},"modified":"2026-02-27T09:15:12","modified_gmt":"2026-02-27T09:15:12","slug":"viga-traemusikbraet-med-12-slaginstrumenter","status":"publish","type":"product","link":"https:\/\/nordicmart.andreevmaster.com\/da\/vare\/viga-traemusikbraet-med-12-slaginstrumenter\/","title":{"rendered":"VIGA Tr\u00e6musikbr\u00e6t med 12 slaginstrumenter"},"content":{"rendered":"<p>Musikbr\u00e6ttet fra Viga er en unik tilf\u00f8jelse til ethvert undervisningslokale. Det giver b\u00f8rnene mulighed for frit at eksperimentere med 12 forskellige instrumenter, hvilket fremmer udviklingen af auditive og musikalske evner. Instrumenterne, der er oph\u00e6ngt p\u00e5 br\u00e6ttet, er let tilg\u00e6ngelige for b\u00f8rnene, hvilket tilskynder til aktiv deltagelse i musikundervisningen og stimulerer en alsidig udvikling. <\/p>\n<p>Egenskaber: <\/p>\n<p>* &#8211; leget\u00f8j til b\u00f8rn fra 3 \u00e5r<br \/>\n* &#8211; det perfekte supplement til ethvert undervisningslokale<br \/>\n* &#8211; indeholder 12 forskellige instrumenter: xylofon, tromme, triangel og andre slaginstrumenter<br \/>\n* &#8211; fremmer udviklingen af musikundervisningen<br \/>\n* &#8211; let at samle<br \/>\n* &#8211; fremstillet af tr\u00e6 af h\u00f8j kvalitet<\/p>\n<p>Leget\u00f8jet udvikler:<\/p>\n<p>* &#8211; Finmotorik<br \/>\n* &#8211; Kreativitet<br \/>\n* &#8211; Fantasi<br \/>\n* &#8211; Musikalske evner<br \/>\n* &#8211; Motorisk koordination<\/p>\n","protected":false},"excerpt":{"rendered":"<p>Musikbr\u00e6ttet fra Viga er en unik tilf\u00f8jelse til ethvert undervisningslokale. Det giver b\u00f8rnene mulighed for frit at eksperimentere med 12 forskellige instrumenter, hvilket fremmer udviklingen af auditive og musikalske evner. Instrumenterne, der er oph\u00e6ngt p\u00e5 br\u00e6ttet, er let tilg\u00e6ngelige for b\u00f8rnene, hvilket tilskynder til aktiv deltagelse i musikundervisningen og stimulerer en alsidig udvikling. Egenskaber: * [&hellip;]<\/p>\n","protected":false},"featured_media":0,"comment_status":"open","ping_status":"closed","template":"","meta":[],"product_brand":[],"product_cat":[31],"product_tag":[],"class_list":{"0":"post-27343","1":"product","2":"type-product","3":"status-publish","5":"product_cat-uncategorized-da","7":"first","8":"instock","9":"shipping-taxable","10":"purchasable","11":"product-type-simple"},"_links":{"self":[{"href":"https:\/\/nordicmart.andreevmaster.com\/da\/wp-json\/wp\/v2\/product\/27343","targetHints":{"allow":["GET"]}}],"collection":[{"href":"https:\/\/nordicmart.andreevmaster.com\/da\/wp-json\/wp\/v2\/product"}],"about":[{"href":"https:\/\/nordicmart.andreevmaster.com\/da\/wp-json\/wp\/v2\/types\/product"}],"replies":[{"embeddable":true,"href":"https:\/\/nordicmart.andreevmaster.com\/da\/wp-json\/wp\/v2\/comments?post=27343"}],"wp:attachment":[{"href":"https:\/\/nordicmart.andreevmaster.com\/da\/wp-json\/wp\/v2\/media?parent=27343"}],"wp:term":[{"taxonomy":"product_brand","embeddable":true,"href":"https:\/\/nordicmart.andreevmaster.com\/da\/wp-json\/wp\/v2\/product_brand?post=27343"},{"taxonomy":"product_cat","embeddable":true,"href":"https:\/\/nordicmart.andreevmaster.com\/da\/wp-json\/wp\/v2\/product_cat?post=27343"},{"taxonomy":"product_tag","embeddable":true,"href":"https:\/\/nordicmart.andreevmaster.com\/da\/wp-json\/wp\/v2\/product_tag?post=27343"}],"curies":[{"name":"wp","href":"https:\/\/api.w.org\/{rel}","templated":true}]}}