{"id":27342,"date":"2026-02-27T00:36:34","date_gmt":"2026-02-27T00:36:34","guid":{"rendered":"https:\/\/nordicmart.andreevmaster.com\/product\/viga-traebraet-til-sensorisk-manipulation-edu-train\/"},"modified":"2026-02-27T09:15:12","modified_gmt":"2026-02-27T09:15:12","slug":"viga-traebraet-til-sensorisk-manipulation-edu-train","status":"publish","type":"product","link":"https:\/\/nordicmart.andreevmaster.com\/da\/vare\/viga-traebraet-til-sensorisk-manipulation-edu-train\/","title":{"rendered":"VIGA Tr\u00e6br\u00e6t til sensorisk manipulation EDU Train"},"content":{"rendered":"<p>Det farverige leget\u00f8jstog fra Viga Toys er et multifunktionelt v\u00e6gleget\u00f8j af tr\u00e6, der giver b\u00f8rn timevis af sjov og l\u00e6ring. Leget\u00f8jet best\u00e5r af tre separate sektioner: et r\u00f8dt lokomotiv med tandhjul, et m\u00f8llehjul og et spejl; en bl\u00e5 vogn med b\u00e6kkener, en motorsl\u00f8jfe og en perlekaster; og en gr\u00f8n vogn med et interaktivt glidende tog og roterende klodser, der forestiller ber\u00f8mte steder. Hver sektion byder p\u00e5 en r\u00e6kke attraktioner, der stimulerer de sm\u00e5s sanser og f\u00e6rdigheder, samtidig med at de f\u00e5r masser af sjov. <\/p>\n<p>Egenskaber: <\/p>\n<p>* &#8211; Leget\u00f8j til b\u00f8rn fra 3 \u00e5r<br \/>\n* &#8211; Det tr\u00e6baserede sensoriske og manipulerende br\u00e6t i form af et tog er i\u00f8jnefaldende og opmuntrer til leg.<br \/>\n* &#8211; R\u00f8dt lokomotiv med tandhjul, m\u00f8llehjul og spejl.* &#8211; Bl\u00e5 vogn med b\u00e6kkener, motorsl\u00f8jfe og perlekaster. * &#8211; Gr\u00f8n vogn med et interaktivt glidende tog og roterende klodser, der forestiller ber\u00f8mte steder. * &#8211; Produktet er lavet af lakeret tr\u00e6 af h\u00f8j kvalitet og malet med giftfri maling. * &#8211; Dette br\u00e6t overholder Montessori-principperne.<\/p>\n<p>Leget\u00f8jet udvikler:<\/p>\n<p>* &#8211; Motoriske f\u00e6rdigheder<br \/>\n* &#8211; H\u00e5nd-\u00f8je-koordination<br \/>\n* &#8211; Kreativitet<br \/>\n* &#8211; Uafh\u00e6ngighed og pr\u00e6cision<\/p>\n","protected":false},"excerpt":{"rendered":"<p>Det farverige leget\u00f8jstog fra Viga Toys er et multifunktionelt v\u00e6gleget\u00f8j af tr\u00e6, der giver b\u00f8rn timevis af sjov og l\u00e6ring. Leget\u00f8jet best\u00e5r af tre separate sektioner: et r\u00f8dt lokomotiv med tandhjul, et m\u00f8llehjul og et spejl; en bl\u00e5 vogn med b\u00e6kkener, en motorsl\u00f8jfe og en perlekaster; og en gr\u00f8n vogn med et interaktivt glidende tog [&hellip;]<\/p>\n","protected":false},"featured_media":0,"comment_status":"open","ping_status":"closed","template":"","meta":[],"product_brand":[],"product_cat":[31],"product_tag":[],"class_list":{"0":"post-27342","1":"product","2":"type-product","3":"status-publish","5":"product_cat-uncategorized-da","7":"first","8":"instock","9":"shipping-taxable","10":"purchasable","11":"product-type-simple"},"_links":{"self":[{"href":"https:\/\/nordicmart.andreevmaster.com\/da\/wp-json\/wp\/v2\/product\/27342","targetHints":{"allow":["GET"]}}],"collection":[{"href":"https:\/\/nordicmart.andreevmaster.com\/da\/wp-json\/wp\/v2\/product"}],"about":[{"href":"https:\/\/nordicmart.andreevmaster.com\/da\/wp-json\/wp\/v2\/types\/product"}],"replies":[{"embeddable":true,"href":"https:\/\/nordicmart.andreevmaster.com\/da\/wp-json\/wp\/v2\/comments?post=27342"}],"wp:attachment":[{"href":"https:\/\/nordicmart.andreevmaster.com\/da\/wp-json\/wp\/v2\/media?parent=27342"}],"wp:term":[{"taxonomy":"product_brand","embeddable":true,"href":"https:\/\/nordicmart.andreevmaster.com\/da\/wp-json\/wp\/v2\/product_brand?post=27342"},{"taxonomy":"product_cat","embeddable":true,"href":"https:\/\/nordicmart.andreevmaster.com\/da\/wp-json\/wp\/v2\/product_cat?post=27342"},{"taxonomy":"product_tag","embeddable":true,"href":"https:\/\/nordicmart.andreevmaster.com\/da\/wp-json\/wp\/v2\/product_tag?post=27342"}],"curies":[{"name":"wp","href":"https:\/\/api.w.org\/{rel}","templated":true}]}}