{"id":27341,"date":"2026-02-27T00:36:34","date_gmt":"2026-02-27T00:36:34","guid":{"rendered":"https:\/\/nordicmart.andreevmaster.com\/product\/viga-brandmandssaet-kostume-hjelm-walkie-talkies-2-stk-tilbehor-megafon-lommelygte\/"},"modified":"2026-02-27T09:15:11","modified_gmt":"2026-02-27T09:15:11","slug":"viga-brandmandssaet-kostume-hjelm-walkie-talkies-2-stk-tilbehor-megafon-lommelygte","status":"publish","type":"product","link":"https:\/\/nordicmart.andreevmaster.com\/da\/vare\/viga-brandmandssaet-kostume-hjelm-walkie-talkies-2-stk-tilbehor-megafon-lommelygte\/","title":{"rendered":"VIGA Brandmandss\u00e6t Kostume Hjelm Walkie-Talkies 2 stk. Tilbeh\u00f8r Megafon Lommelygte"},"content":{"rendered":"<p>Brandmandskostume og tilbeh\u00f8rss\u00e6t fra VIGA er den perfekte gave til b\u00f8rn, der dr\u00f8mmer om at blive brandm\u00e6nd. S\u00e6ttet indeholder 2 refleksveste, 2 r\u00f8de hjelme, 2 walkie-talkies af tr\u00e6, en megafon og en lommelygte. Veste har lommer og lukkes med velcro.<\/p>\n<p>Egenskaber:<\/p>\n<p>* &#8211; s\u00e6t til b\u00f8rn fra 3 \u00e5r<br \/>\n* &#8211; s\u00e6t til to b\u00f8rn<br \/>\n* &#8211; indeholder 2 veste, 2 brandmandshjelme, 2 walkie-talkies af tr\u00e6, en megafon og en lommelygte<br \/>\n* &#8211; veste lukkes med velcro og har lommer til opbevaring af tilbeh\u00f8r<br \/>\n* &#8211; s\u00e6tets komponenter er af h\u00f8j kvalitet<\/p>\n","protected":false},"excerpt":{"rendered":"<p>Brandmandskostume og tilbeh\u00f8rss\u00e6t fra VIGA er den perfekte gave til b\u00f8rn, der dr\u00f8mmer om at blive brandm\u00e6nd. S\u00e6ttet indeholder 2 refleksveste, 2 r\u00f8de hjelme, 2 walkie-talkies af tr\u00e6, en megafon og en lommelygte. Veste har lommer og lukkes med velcro. Egenskaber: * &#8211; s\u00e6t til b\u00f8rn fra 3 \u00e5r * &#8211; s\u00e6t til to b\u00f8rn [&hellip;]<\/p>\n","protected":false},"featured_media":0,"comment_status":"open","ping_status":"closed","template":"","meta":[],"product_brand":[],"product_cat":[31],"product_tag":[],"class_list":{"0":"post-27341","1":"product","2":"type-product","3":"status-publish","5":"product_cat-uncategorized-da","7":"first","8":"instock","9":"shipping-taxable","10":"purchasable","11":"product-type-simple"},"_links":{"self":[{"href":"https:\/\/nordicmart.andreevmaster.com\/da\/wp-json\/wp\/v2\/product\/27341","targetHints":{"allow":["GET"]}}],"collection":[{"href":"https:\/\/nordicmart.andreevmaster.com\/da\/wp-json\/wp\/v2\/product"}],"about":[{"href":"https:\/\/nordicmart.andreevmaster.com\/da\/wp-json\/wp\/v2\/types\/product"}],"replies":[{"embeddable":true,"href":"https:\/\/nordicmart.andreevmaster.com\/da\/wp-json\/wp\/v2\/comments?post=27341"}],"wp:attachment":[{"href":"https:\/\/nordicmart.andreevmaster.com\/da\/wp-json\/wp\/v2\/media?parent=27341"}],"wp:term":[{"taxonomy":"product_brand","embeddable":true,"href":"https:\/\/nordicmart.andreevmaster.com\/da\/wp-json\/wp\/v2\/product_brand?post=27341"},{"taxonomy":"product_cat","embeddable":true,"href":"https:\/\/nordicmart.andreevmaster.com\/da\/wp-json\/wp\/v2\/product_cat?post=27341"},{"taxonomy":"product_tag","embeddable":true,"href":"https:\/\/nordicmart.andreevmaster.com\/da\/wp-json\/wp\/v2\/product_tag?post=27341"}],"curies":[{"name":"wp","href":"https:\/\/api.w.org\/{rel}","templated":true}]}}