{"id":27340,"date":"2026-02-27T00:36:34","date_gmt":"2026-02-27T00:36:34","guid":{"rendered":"https:\/\/nordicmart.andreevmaster.com\/product\/viga-stor-traebrandbil-montessori-legeplads\/"},"modified":"2026-02-27T09:15:11","modified_gmt":"2026-02-27T09:15:11","slug":"viga-stor-traebrandbil-montessori-legeplads","status":"publish","type":"product","link":"https:\/\/nordicmart.andreevmaster.com\/da\/vare\/viga-stor-traebrandbil-montessori-legeplads\/","title":{"rendered":"VIGA Stor tr\u00e6brandbil Montessori-legeplads"},"content":{"rendered":"<p>Den store tr\u00e6brandbil fra VIGA er et leget\u00f8j, der giver b\u00f8rn en rig oplevelse i brandbek\u00e6mpelsens verden. Det er ogs\u00e5 en stor indend\u00f8rs legeplads, hvor b\u00f8rnene kan finde p\u00e5 mange lege sammen. B\u00f8rnene kan lege modige brandm\u00e6nd, slukke brande, redde udstoppede dyr eller navigere gennem en kompleks redningslabyrint. Dette interaktive leget\u00f8j tilskynder til aktiv l\u00e6ring, samtidig med at det udvikler motoriske f\u00e6rdigheder, logisk t\u00e6nkning og sociale f\u00e6rdigheder. Takket v\u00e6re det l\u00e6rer de sm\u00e5 helte, hvor vigtigt det er at t\u00e6nke og handle hurtigt i n\u00f8dsituationer, samt hvor v\u00e6rdifuldt det er at have en plan og arbejde sammen som et team. <\/p>\n<p>Funktioner: <\/p>\n<p>* &#8211; Stor indend\u00f8rs legeplads<br \/>\n* &#8211; Udstyret inspirerer til nye legescenarier<br \/>\n* &#8211; B\u00f8rnene kan tilslutte brandslangen til brandbilen eller en brandhane<br \/>\n* &#8211; F\u00f8rerhus med bev\u00e6geligt rat, gearstang og sireneknap<br \/>\n* &#8211; Fliser med brandsikre underlag<br \/>\n* &#8211; Stort br\u00e6t med labyrint til at flytte tr\u00e6figurer rundt i<br \/>\n* &#8211; Opbevaringsplads holder tilbeh\u00f8r p\u00e6nt og ordentligt<br \/>\n* &#8211; Engagerer b\u00f8rn i en r\u00e6kke forskellige legescenarier<\/p>\n<p>Leget\u00f8jet udvikler:<\/p>\n<p>* &#8211; motoriske f\u00e6rdigheder<br \/>\n* &#8211; sociale f\u00e6rdigheder<br \/>\n* &#8211; logisk t\u00e6nkning<br \/>\n* &#8211; fantasi og kreativitet<\/p>\n<p>### S\u00e6ttet leveres med et gratis tilbeh\u00f8rss\u00e6t, som vist p\u00e5 billedet (kode 44713): 2 brandmandst\u00f8j, 2 walkie-talkies, en lommelygte og en megafon.<\/p>\n<p>&lt;center&gt;&lt;iframe width=&#8221;467&#8243; height=&#8221;831&#8243; src=&#8221;https:\/\/www.youtube.com\/embed\/-zJ3ar8et5o&#8221; title=&#8221;VIGA Stor tr\u00e6brandbil Montessori-legeplads&#8221; frameborder=&#8221;0&#8243; allow=&#8221;accelerometer; autoplay; clipboard-write; encrypted-media; gyroscope; picture-in-picture; web-share&#8221; referrerpolicy=&#8221;strict-origin-when-cross-origin&#8221; allowfullscreen&gt;&lt;\/iframe&gt;&lt;\/center&gt;<\/p>\n","protected":false},"excerpt":{"rendered":"<p>Den store tr\u00e6brandbil fra VIGA er et leget\u00f8j, der giver b\u00f8rn en rig oplevelse i brandbek\u00e6mpelsens verden. Det er ogs\u00e5 en stor indend\u00f8rs legeplads, hvor b\u00f8rnene kan finde p\u00e5 mange lege sammen. B\u00f8rnene kan lege modige brandm\u00e6nd, slukke brande, redde udstoppede dyr eller navigere gennem en kompleks redningslabyrint. Dette interaktive leget\u00f8j tilskynder til aktiv l\u00e6ring, [&hellip;]<\/p>\n","protected":false},"featured_media":0,"comment_status":"open","ping_status":"closed","template":"","meta":[],"product_brand":[],"product_cat":[31],"product_tag":[],"class_list":{"0":"post-27340","1":"product","2":"type-product","3":"status-publish","5":"product_cat-uncategorized-da","7":"first","8":"instock","9":"shipping-taxable","10":"purchasable","11":"product-type-simple"},"_links":{"self":[{"href":"https:\/\/nordicmart.andreevmaster.com\/da\/wp-json\/wp\/v2\/product\/27340","targetHints":{"allow":["GET"]}}],"collection":[{"href":"https:\/\/nordicmart.andreevmaster.com\/da\/wp-json\/wp\/v2\/product"}],"about":[{"href":"https:\/\/nordicmart.andreevmaster.com\/da\/wp-json\/wp\/v2\/types\/product"}],"replies":[{"embeddable":true,"href":"https:\/\/nordicmart.andreevmaster.com\/da\/wp-json\/wp\/v2\/comments?post=27340"}],"wp:attachment":[{"href":"https:\/\/nordicmart.andreevmaster.com\/da\/wp-json\/wp\/v2\/media?parent=27340"}],"wp:term":[{"taxonomy":"product_brand","embeddable":true,"href":"https:\/\/nordicmart.andreevmaster.com\/da\/wp-json\/wp\/v2\/product_brand?post=27340"},{"taxonomy":"product_cat","embeddable":true,"href":"https:\/\/nordicmart.andreevmaster.com\/da\/wp-json\/wp\/v2\/product_cat?post=27340"},{"taxonomy":"product_tag","embeddable":true,"href":"https:\/\/nordicmart.andreevmaster.com\/da\/wp-json\/wp\/v2\/product_tag?post=27340"}],"curies":[{"name":"wp","href":"https:\/\/api.w.org\/{rel}","templated":true}]}}