{"id":27339,"date":"2026-02-27T00:36:33","date_gmt":"2026-02-27T00:36:33","guid":{"rendered":"https:\/\/nordicmart.andreevmaster.com\/product\/viga-naturlig-traegynge-i-montessori-stil\/"},"modified":"2026-02-27T09:15:11","modified_gmt":"2026-02-27T09:15:11","slug":"viga-naturlig-traegynge-i-montessori-stil","status":"publish","type":"product","link":"https:\/\/nordicmart.andreevmaster.com\/da\/vare\/viga-naturlig-traegynge-i-montessori-stil\/","title":{"rendered":"VIGA Naturlig tr\u00e6gynge i Montessori-stil"},"content":{"rendered":"<p>En gynge og en vippe fra VIGA, der vil tr\u00e6kke dem ind i en hvirvelvind af sjov og bruge deres uendelige energi! Gyngens design og funktionalitet er helt i tr\u00e5d med Montessori-filosofien. Gyngestolen bruges til balance\u00f8velser og underst\u00f8tter udviklingen af motoriske f\u00e6rdigheder. Sammen med en klatretrekant og en tr\u00e6sklie kan den blive en del af en hjemmelavet legeplads. Egenskaber:<\/p>\n<p>* &#8211; leget\u00f8j til b\u00f8rn fra 18 m\u00e5neder<br \/>\n* &#8211; produkt fremstillet af tr\u00e6<br \/>\n* &#8211; multifunktionel, kan bruges som gyngestol eller gynge<br \/>\n* &#8211; produktet er malet med lyse, giftfri malinger<br \/>\n* &#8211; gyngen underst\u00f8tter barnets motoriske udvikling<br \/>\n* &#8211; kan kombineres med en tr\u00e6sklie (44709) og en klatretrekant (44708)<\/p>\n<p>Leg udvikler:<\/p>\n<p>* &#8211; grovmotorik<br \/>\n* &#8211; h\u00e5nd-\u00f8je-koordination<br \/>\n* &#8211; balanceevne<\/p>\n","protected":false},"excerpt":{"rendered":"<p>En gynge og en vippe fra VIGA, der vil tr\u00e6kke dem ind i en hvirvelvind af sjov og bruge deres uendelige energi! Gyngens design og funktionalitet er helt i tr\u00e5d med Montessori-filosofien. Gyngestolen bruges til balance\u00f8velser og underst\u00f8tter udviklingen af motoriske f\u00e6rdigheder. Sammen med en klatretrekant og en tr\u00e6sklie kan den blive en del af [&hellip;]<\/p>\n","protected":false},"featured_media":0,"comment_status":"open","ping_status":"closed","template":"","meta":[],"product_brand":[],"product_cat":[31],"product_tag":[],"class_list":{"0":"post-27339","1":"product","2":"type-product","3":"status-publish","5":"product_cat-uncategorized-da","7":"first","8":"instock","9":"shipping-taxable","10":"purchasable","11":"product-type-simple"},"_links":{"self":[{"href":"https:\/\/nordicmart.andreevmaster.com\/da\/wp-json\/wp\/v2\/product\/27339","targetHints":{"allow":["GET"]}}],"collection":[{"href":"https:\/\/nordicmart.andreevmaster.com\/da\/wp-json\/wp\/v2\/product"}],"about":[{"href":"https:\/\/nordicmart.andreevmaster.com\/da\/wp-json\/wp\/v2\/types\/product"}],"replies":[{"embeddable":true,"href":"https:\/\/nordicmart.andreevmaster.com\/da\/wp-json\/wp\/v2\/comments?post=27339"}],"wp:attachment":[{"href":"https:\/\/nordicmart.andreevmaster.com\/da\/wp-json\/wp\/v2\/media?parent=27339"}],"wp:term":[{"taxonomy":"product_brand","embeddable":true,"href":"https:\/\/nordicmart.andreevmaster.com\/da\/wp-json\/wp\/v2\/product_brand?post=27339"},{"taxonomy":"product_cat","embeddable":true,"href":"https:\/\/nordicmart.andreevmaster.com\/da\/wp-json\/wp\/v2\/product_cat?post=27339"},{"taxonomy":"product_tag","embeddable":true,"href":"https:\/\/nordicmart.andreevmaster.com\/da\/wp-json\/wp\/v2\/product_tag?post=27339"}],"curies":[{"name":"wp","href":"https:\/\/api.w.org\/{rel}","templated":true}]}}