{"id":27338,"date":"2026-02-27T00:36:33","date_gmt":"2026-02-27T00:36:33","guid":{"rendered":"https:\/\/nordicmart.andreevmaster.com\/product\/viga-trae-pikler-stige-montessori-klatretrekant\/"},"modified":"2026-02-27T09:15:11","modified_gmt":"2026-02-27T09:15:11","slug":"viga-trae-pikler-stige-montessori-klatretrekant","status":"publish","type":"product","link":"https:\/\/nordicmart.andreevmaster.com\/da\/vare\/viga-trae-pikler-stige-montessori-klatretrekant\/","title":{"rendered":"VIGA Tr\u00e6 Pikler-stige Montessori klatretrekant"},"content":{"rendered":"<p>Pikler-klatretrekanten er et uundv\u00e6rligt element i en hjemmelegeplads baseret p\u00e5 Montessori-filosofien. Mens barnet klatrer, tr\u00e6ner det grovmotoriske f\u00e6rdigheder, tr\u00e6ner sin balanceevne og forbedrer sin kropslige koordination. Klatring p\u00e5 stigen skal overv\u00e5ges af en voksen. P\u00e5 den ene side finder barnet en klassisk stige at klatre p\u00e5, mens der p\u00e5 den anden side er en v\u00e6g med forskellige klatrehuller. En tr\u00e6sklie (44709) kan k\u00f8bes separat og vendes om for at fungere som en ekstra v\u00e6g eller bruges til at forbinde klatretrekanten med vippen (44708).<\/p>\n<p>Egenskaber:<\/p>\n<p>* &#8211; leget\u00f8j til b\u00f8rn fra 18 m\u00e5neder og opefter<br \/>\n* &#8211; perfekt til din legeplads derhjemme<br \/>\n* &#8211; den ene side har en klassisk stige, mens den anden har en v\u00e6g med klatrehuller<br \/>\n* &#8211; sm\u00e5 b\u00f8rn b\u00f8r klatre op ad stigen under opsyn af en voksen<br \/>\n* &#8211; solid konstruktion, sikker for b\u00f8rn<br \/>\n* &#8211; kan kombineres med en tr\u00e6sklie og gyngestol<\/p>\n<p>Leget\u00f8jet udvikler:<\/p>\n<p>* &#8211; grovmotorik<br \/>\n* &#8211; motorisk koordination<br \/>\n* &#8211; balanceevne<\/p>\n","protected":false},"excerpt":{"rendered":"<p>Pikler-klatretrekanten er et uundv\u00e6rligt element i en hjemmelegeplads baseret p\u00e5 Montessori-filosofien. Mens barnet klatrer, tr\u00e6ner det grovmotoriske f\u00e6rdigheder, tr\u00e6ner sin balanceevne og forbedrer sin kropslige koordination. Klatring p\u00e5 stigen skal overv\u00e5ges af en voksen. P\u00e5 den ene side finder barnet en klassisk stige at klatre p\u00e5, mens der p\u00e5 den anden side er en v\u00e6g [&hellip;]<\/p>\n","protected":false},"featured_media":0,"comment_status":"open","ping_status":"closed","template":"","meta":[],"product_brand":[],"product_cat":[31],"product_tag":[],"class_list":{"0":"post-27338","1":"product","2":"type-product","3":"status-publish","5":"product_cat-uncategorized-da","7":"first","8":"instock","9":"shipping-taxable","10":"purchasable","11":"product-type-simple"},"_links":{"self":[{"href":"https:\/\/nordicmart.andreevmaster.com\/da\/wp-json\/wp\/v2\/product\/27338","targetHints":{"allow":["GET"]}}],"collection":[{"href":"https:\/\/nordicmart.andreevmaster.com\/da\/wp-json\/wp\/v2\/product"}],"about":[{"href":"https:\/\/nordicmart.andreevmaster.com\/da\/wp-json\/wp\/v2\/types\/product"}],"replies":[{"embeddable":true,"href":"https:\/\/nordicmart.andreevmaster.com\/da\/wp-json\/wp\/v2\/comments?post=27338"}],"wp:attachment":[{"href":"https:\/\/nordicmart.andreevmaster.com\/da\/wp-json\/wp\/v2\/media?parent=27338"}],"wp:term":[{"taxonomy":"product_brand","embeddable":true,"href":"https:\/\/nordicmart.andreevmaster.com\/da\/wp-json\/wp\/v2\/product_brand?post=27338"},{"taxonomy":"product_cat","embeddable":true,"href":"https:\/\/nordicmart.andreevmaster.com\/da\/wp-json\/wp\/v2\/product_cat?post=27338"},{"taxonomy":"product_tag","embeddable":true,"href":"https:\/\/nordicmart.andreevmaster.com\/da\/wp-json\/wp\/v2\/product_tag?post=27338"}],"curies":[{"name":"wp","href":"https:\/\/api.w.org\/{rel}","templated":true}]}}