{"id":27337,"date":"2026-02-27T00:36:33","date_gmt":"2026-02-27T00:36:33","guid":{"rendered":"https:\/\/nordicmart.andreevmaster.com\/product\/viga-traedukkevogn\/"},"modified":"2026-02-27T09:15:11","modified_gmt":"2026-02-27T09:15:11","slug":"viga-traedukkevogn","status":"publish","type":"product","link":"https:\/\/nordicmart.andreevmaster.com\/da\/vare\/viga-traedukkevogn\/","title":{"rendered":"VIGA Tr\u00e6dukkevogn"},"content":{"rendered":"<p>Dukkevognen fra VIGA er lavet af massivt b\u00f8getr\u00e6 med store plasthjul og skridsikre gummid\u00e6k. Den er designet til dukker op til 38 cm. <\/p>\n<p>Egenskaber:<\/p>\n<p>* &#8211; leget\u00f8j til b\u00f8rn fra 18 m\u00e5neder og opefter<br \/>\n* &#8211; lavet af massivt b\u00f8getr\u00e6<br \/>\n* &#8211; store plasthjul med gummierede, skridsikre d\u00e6k<br \/>\n* &#8211; egnet til dukker op til 38 cm h\u00f8je<\/p>\n<p>Leget\u00f8jet udvikler:<\/p>\n<p>* &#8211; fantasi<br \/>\n* &#8211; grovmotorik<br \/>\n* &#8211; sociale f\u00e6rdigheder<\/p>\n","protected":false},"excerpt":{"rendered":"<p>Dukkevognen fra VIGA er lavet af massivt b\u00f8getr\u00e6 med store plasthjul og skridsikre gummid\u00e6k. Den er designet til dukker op til 38 cm. Egenskaber: * &#8211; leget\u00f8j til b\u00f8rn fra 18 m\u00e5neder og opefter * &#8211; lavet af massivt b\u00f8getr\u00e6 * &#8211; store plasthjul med gummierede, skridsikre d\u00e6k * &#8211; egnet til dukker op til [&hellip;]<\/p>\n","protected":false},"featured_media":0,"comment_status":"open","ping_status":"closed","template":"","meta":[],"product_brand":[],"product_cat":[31],"product_tag":[],"class_list":{"0":"post-27337","1":"product","2":"type-product","3":"status-publish","5":"product_cat-uncategorized-da","7":"first","8":"instock","9":"shipping-taxable","10":"purchasable","11":"product-type-simple"},"_links":{"self":[{"href":"https:\/\/nordicmart.andreevmaster.com\/da\/wp-json\/wp\/v2\/product\/27337","targetHints":{"allow":["GET"]}}],"collection":[{"href":"https:\/\/nordicmart.andreevmaster.com\/da\/wp-json\/wp\/v2\/product"}],"about":[{"href":"https:\/\/nordicmart.andreevmaster.com\/da\/wp-json\/wp\/v2\/types\/product"}],"replies":[{"embeddable":true,"href":"https:\/\/nordicmart.andreevmaster.com\/da\/wp-json\/wp\/v2\/comments?post=27337"}],"wp:attachment":[{"href":"https:\/\/nordicmart.andreevmaster.com\/da\/wp-json\/wp\/v2\/media?parent=27337"}],"wp:term":[{"taxonomy":"product_brand","embeddable":true,"href":"https:\/\/nordicmart.andreevmaster.com\/da\/wp-json\/wp\/v2\/product_brand?post=27337"},{"taxonomy":"product_cat","embeddable":true,"href":"https:\/\/nordicmart.andreevmaster.com\/da\/wp-json\/wp\/v2\/product_cat?post=27337"},{"taxonomy":"product_tag","embeddable":true,"href":"https:\/\/nordicmart.andreevmaster.com\/da\/wp-json\/wp\/v2\/product_tag?post=27337"}],"curies":[{"name":"wp","href":"https:\/\/api.w.org\/{rel}","templated":true}]}}