{"id":27336,"date":"2026-02-27T00:36:33","date_gmt":"2026-02-27T00:36:33","guid":{"rendered":"https:\/\/nordicmart.andreevmaster.com\/product\/viga-trae-laegetoj-til-at-skubbe-med-krokodille-12-i-1\/"},"modified":"2026-02-27T09:15:10","modified_gmt":"2026-02-27T09:15:10","slug":"viga-trae-laegetoj-til-at-skubbe-med-krokodille-12-i-1","status":"publish","type":"product","link":"https:\/\/nordicmart.andreevmaster.com\/da\/vare\/viga-trae-laegetoj-til-at-skubbe-med-krokodille-12-i-1\/","title":{"rendered":"VIGA Tr\u00e6-l\u00e6get\u00f8j til at skubbe med Krokodille 12-i-1"},"content":{"rendered":"<p>Den tr\u00e6-krokodille-g\u00e5vogn fra VIGA tilbyder en lang r\u00e6kke sp\u00e6ndende aktiviteter til dit barn: en dyre-labyrint, xylofon, tandhjul, form-sorterer, abacus og meget mere. Den robuste konstruktion giver stabil st\u00f8tte, s\u00e5 dit barn trygt kan begynde at l\u00e6re at g\u00e5 og hj\u00e6lper det med at holde balancen. Ved at deltage i aktiviteterne i denne g\u00e5vogn vil dit barn kunne udvikle sine manuelle f\u00e6rdigheder, h\u00e5nd-\u00f8je-koordination og logik samt begynde at l\u00e6re former, farver og tal. Der er plads til dit barns yndlingsleget\u00f8j.<\/p>\n<p>Funktioner:<\/p>\n<p>* &#8211; leget\u00f8j til b\u00f8rn fra 12 m\u00e5neder og opefter,<br \/>\n* &#8211; hj\u00e6lper b\u00f8rn med at l\u00e6re at g\u00e5,<br \/>\n* &#8211; indeholder en bred vifte af aktiviteter:<br \/>\n* &#8211; abacus til tidlig l\u00e6ring af tal,<br \/>\n* &#8211; roterende klodser med tal og billeder, der repr\u00e6senterer dem,<br \/>\n* &#8211; en labyrint med dyr,<br \/>\n* &#8211; xylofon til at l\u00e6re musik,<br \/>\n* &#8211; tandhjul, der kan drejes,<br \/>\n* &#8211; puslespil p\u00e5 pinde,<br \/>\n* &#8211; en krokodille med en blok p\u00e5 den ene side, der kan flyttes langs en bestemt rute,<br \/>\n* &#8211; formsorterer,<br \/>\n* &#8211; en roterende, resonansplade,<br \/>\n* &#8211; gong,<br \/>\n* &#8211; motorl\u00f8kke med 5 perler.* &#8211; abacus til tidlig talindl\u00e6ring,<br \/>\n* &#8211; roterende klodser med tal og billeder, der repr\u00e6senterer dem,<br \/>\n* &#8211; en labyrint med dyr,<br \/>\n* &#8211; et xylofon til at l\u00e6re musik,<br \/>\n* &#8211; tandhjul til at dreje,<br \/>\n* &#8211; puslespil p\u00e5 pinde,* &#8211; en krokodille med en blok p\u00e5 den ene side, der kan flyttes langs en bestemt rute,<br \/>\n* &#8211; formsorterer,<br \/>\n* &#8211; en roterende resonansplade,<br \/>\n* &#8211; gong,<br \/>\n* &#8211; motorl\u00f8kke med 5 perler.<\/p>\n<p>Leget\u00f8jet udvikler:<\/p>\n<p>* &#8211; grovmotorik,<br \/>\n* &#8211; finmotorik (manuel fingerf\u00e6rdighed),<br \/>\n* &#8211; logisk t\u00e6nkning,<br \/>\n* &#8211; fantasi,<br \/>\n* &#8211; h\u00e5nd-\u00f8je-koordination,<br \/>\n* &#8211; stimulerer h\u00f8resansen,<br \/>\n* &#8211; introducerer farver, former og tal.<\/p>\n<p>VIGA TOYS er smukt, veldesignet og sikkert tr\u00e6leget\u00f8j. Over 20 \u00e5rs erfaring garanterer kvalitet og fremragende design. Sortimentet af tr\u00e6leget\u00f8j omfatter: k\u00f8kkener, tilbeh\u00f8r, babywalkere, cykler, p\u00e6dagogisk leget\u00f8j, musikleget\u00f8j, sn\u00f8releget\u00f8j, f\u00e6rdighedsspil, flade klodser, rumlige klodser, tog og togs\u00e6t, legehuse og teatre, puslespil, spil, minileget\u00f8j, skoleartikler og meget mere.<\/p>\n","protected":false},"excerpt":{"rendered":"<p>Den tr\u00e6-krokodille-g\u00e5vogn fra VIGA tilbyder en lang r\u00e6kke sp\u00e6ndende aktiviteter til dit barn: en dyre-labyrint, xylofon, tandhjul, form-sorterer, abacus og meget mere. Den robuste konstruktion giver stabil st\u00f8tte, s\u00e5 dit barn trygt kan begynde at l\u00e6re at g\u00e5 og hj\u00e6lper det med at holde balancen. Ved at deltage i aktiviteterne i denne g\u00e5vogn vil dit [&hellip;]<\/p>\n","protected":false},"featured_media":0,"comment_status":"open","ping_status":"closed","template":"","meta":[],"product_brand":[],"product_cat":[31],"product_tag":[],"class_list":{"0":"post-27336","1":"product","2":"type-product","3":"status-publish","5":"product_cat-uncategorized-da","7":"first","8":"instock","9":"shipping-taxable","10":"purchasable","11":"product-type-simple"},"_links":{"self":[{"href":"https:\/\/nordicmart.andreevmaster.com\/da\/wp-json\/wp\/v2\/product\/27336","targetHints":{"allow":["GET"]}}],"collection":[{"href":"https:\/\/nordicmart.andreevmaster.com\/da\/wp-json\/wp\/v2\/product"}],"about":[{"href":"https:\/\/nordicmart.andreevmaster.com\/da\/wp-json\/wp\/v2\/types\/product"}],"replies":[{"embeddable":true,"href":"https:\/\/nordicmart.andreevmaster.com\/da\/wp-json\/wp\/v2\/comments?post=27336"}],"wp:attachment":[{"href":"https:\/\/nordicmart.andreevmaster.com\/da\/wp-json\/wp\/v2\/media?parent=27336"}],"wp:term":[{"taxonomy":"product_brand","embeddable":true,"href":"https:\/\/nordicmart.andreevmaster.com\/da\/wp-json\/wp\/v2\/product_brand?post=27336"},{"taxonomy":"product_cat","embeddable":true,"href":"https:\/\/nordicmart.andreevmaster.com\/da\/wp-json\/wp\/v2\/product_cat?post=27336"},{"taxonomy":"product_tag","embeddable":true,"href":"https:\/\/nordicmart.andreevmaster.com\/da\/wp-json\/wp\/v2\/product_tag?post=27336"}],"curies":[{"name":"wp","href":"https:\/\/api.w.org\/{rel}","templated":true}]}}