{"id":27335,"date":"2026-02-27T00:36:32","date_gmt":"2026-02-27T00:36:32","guid":{"rendered":"https:\/\/nordicmart.andreevmaster.com\/product\/viga-polarb-paedagogisk-aktivitetsbord-pyramide-cymbaler-sensorisk-montessori\/"},"modified":"2026-02-27T09:15:10","modified_gmt":"2026-02-27T09:15:10","slug":"viga-polarb-paedagogisk-aktivitetsbord-pyramide-cymbaler-sensorisk-montessori","status":"publish","type":"product","link":"https:\/\/nordicmart.andreevmaster.com\/da\/vare\/viga-polarb-paedagogisk-aktivitetsbord-pyramide-cymbaler-sensorisk-montessori\/","title":{"rendered":"VIGA PolarB P\u00e6dagogisk aktivitetsbord Pyramide Cymbaler Sensorisk Montessori"},"content":{"rendered":"<p>Det p\u00e6dagogiske tr\u00e6bord fra Viga er et af de f\u00f8rende leget\u00f8jsprodukter, der vil holde i lang tid og give dit barn mange \u00e5rs interessant og kreativ leg. Bordet er stort nok til, at flere b\u00f8rn kan lege p\u00e5 det samtidig. Det farverige p\u00e6dagogiske bord er en fryd for \u00f8jet og opmuntrer til leg. Bordet er udstyret med tandhjul, cymbaler, en klokke, pyramider, et togspor og puslespil. Det hele er lakeret og malet med b\u00f8rnesikre malinger i levende farver, der vil tilfredsstille alle brugere og give dem masser af sjov.<\/p>\n<p>Egenskaber:<\/p>\n<p>* &#8211; fra 18 m\u00e5neder,<br \/>\n* &#8211; leget\u00f8j lavet af tr\u00e6,<br \/>\n* &#8211; et bredt udvalg af aktiviteter sikrer langvarig sjov,<br \/>\n* &#8211; malet med giftfri maling,<br \/>\n* &#8211; udvikler motoriske f\u00e6rdigheder gennem leg.<\/p>\n<p>Leget\u00f8j:<\/p>\n<p>* &#8211; fremmer udviklingen af manuelle f\u00e6rdigheder,<br \/>\n* &#8211; tr\u00e6ner pr\u00e6cision i finger- og h\u00e5ndbev\u00e6gelser,<br \/>\n* &#8211; stimulerer kreativitet og fantasi,<br \/>\n* &#8211; l\u00e6rer farve- og formgenkendelse.<\/p>\n","protected":false},"excerpt":{"rendered":"<p>Det p\u00e6dagogiske tr\u00e6bord fra Viga er et af de f\u00f8rende leget\u00f8jsprodukter, der vil holde i lang tid og give dit barn mange \u00e5rs interessant og kreativ leg. Bordet er stort nok til, at flere b\u00f8rn kan lege p\u00e5 det samtidig. Det farverige p\u00e6dagogiske bord er en fryd for \u00f8jet og opmuntrer til leg. Bordet er [&hellip;]<\/p>\n","protected":false},"featured_media":0,"comment_status":"open","ping_status":"closed","template":"","meta":[],"product_brand":[],"product_cat":[31],"product_tag":[],"class_list":{"0":"post-27335","1":"product","2":"type-product","3":"status-publish","5":"product_cat-uncategorized-da","7":"first","8":"instock","9":"shipping-taxable","10":"purchasable","11":"product-type-simple"},"_links":{"self":[{"href":"https:\/\/nordicmart.andreevmaster.com\/da\/wp-json\/wp\/v2\/product\/27335","targetHints":{"allow":["GET"]}}],"collection":[{"href":"https:\/\/nordicmart.andreevmaster.com\/da\/wp-json\/wp\/v2\/product"}],"about":[{"href":"https:\/\/nordicmart.andreevmaster.com\/da\/wp-json\/wp\/v2\/types\/product"}],"replies":[{"embeddable":true,"href":"https:\/\/nordicmart.andreevmaster.com\/da\/wp-json\/wp\/v2\/comments?post=27335"}],"wp:attachment":[{"href":"https:\/\/nordicmart.andreevmaster.com\/da\/wp-json\/wp\/v2\/media?parent=27335"}],"wp:term":[{"taxonomy":"product_brand","embeddable":true,"href":"https:\/\/nordicmart.andreevmaster.com\/da\/wp-json\/wp\/v2\/product_brand?post=27335"},{"taxonomy":"product_cat","embeddable":true,"href":"https:\/\/nordicmart.andreevmaster.com\/da\/wp-json\/wp\/v2\/product_cat?post=27335"},{"taxonomy":"product_tag","embeddable":true,"href":"https:\/\/nordicmart.andreevmaster.com\/da\/wp-json\/wp\/v2\/product_tag?post=27335"}],"curies":[{"name":"wp","href":"https:\/\/api.w.org\/{rel}","templated":true}]}}