{"id":27334,"date":"2026-02-27T00:36:32","date_gmt":"2026-02-27T00:36:32","guid":{"rendered":"https:\/\/nordicmart.andreevmaster.com\/product\/viga-stor-traegrill-til-born-47-tilbehorsdele\/"},"modified":"2026-02-27T09:15:10","modified_gmt":"2026-02-27T09:15:10","slug":"viga-stor-traegrill-til-born-47-tilbehorsdele","status":"publish","type":"product","link":"https:\/\/nordicmart.andreevmaster.com\/da\/vare\/viga-stor-traegrill-til-born-47-tilbehorsdele\/","title":{"rendered":"VIGA Stor tr\u00e6grill til b\u00f8rn + 47 tilbeh\u00f8rsdele"},"content":{"rendered":"<p>Tr\u00e6grillen fra VIGA er ligesom en rigtig grill! S\u00e6ttet indeholder 47 tilbeh\u00f8rsdele, s\u00e5som krydderikrukker, ketchup, sennep, tang, bestik osv. Lydeffekter g\u00f8r den endnu mere realistisk. B\u00f8rnene kan lave kebab, sandwich og burgere. Det aftagelige l\u00e5g beskytter den &#8220;varme&#8221; grill efter grillningen, og hjulene og det praktiske h\u00e5ndtag g\u00f8r det muligt at flytte grillen rundt i haven eller huset. Dit barn kan lege, at det er en voksen, der holder \u00f8je med familiens grillfest.<\/p>\n<p>Funktioner:<\/p>\n<p>* &#8211; grill lavet af tr\u00e6 af h\u00f8j kvalitet,<br \/>\n* &#8211; grillknapper, der drejer og afgiver en lyd,<br \/>\n* &#8211; lille hylde til opbevaring af krydderier og tilbeh\u00f8r,<br \/>\n* &#8211; udtr\u00e6kkelig grillrist,<br \/>\n* &#8211; stor hylde under grillristen,<br \/>\n* &#8211; s\u00e6t grilltilbeh\u00f8r,* &#8211; s\u00e6t gr\u00f8ntsager og k\u00f8d til grillning,<br \/>\n* &#8211; h\u00f8jeste kvalitet &#8211; opm\u00e6rksomhed p\u00e5 detaljer,<br \/>\n* &#8211; stor st\u00f8rrelse &#8211; velegnet ogs\u00e5 til st\u00f8rre b\u00f8rn.<\/p>\n<p>S\u00e6ttet indeholder:<\/p>\n<p>* &#8211; gr\u00f8ntsager,<br \/>\n* &#8211; k\u00f8d,<br \/>\n* &#8211; bestik,<br \/>\n* &#8211; tang,<br \/>\n* &#8211; krydderier,<br \/>\n* &#8211; tallerkener,<br \/>\n* &#8211; tr\u00e6kul,<br \/>\n* &#8211; grill p\u00e5 hjul,<br \/>\n* &#8211; spyd.<\/p>\n<p>Leget\u00f8jet udvikler:<\/p>\n<p>* &#8211; h\u00e5nd-\u00f8je-koordination,<br \/>\n* &#8211; motoriske f\u00e6rdigheder,<br \/>\n* &#8211; fantasi,<br \/>\n* &#8211; kreativitet,<br \/>\n* &#8211; muligheder for rollespil.<\/p>\n","protected":false},"excerpt":{"rendered":"<p>Tr\u00e6grillen fra VIGA er ligesom en rigtig grill! S\u00e6ttet indeholder 47 tilbeh\u00f8rsdele, s\u00e5som krydderikrukker, ketchup, sennep, tang, bestik osv. Lydeffekter g\u00f8r den endnu mere realistisk. B\u00f8rnene kan lave kebab, sandwich og burgere. Det aftagelige l\u00e5g beskytter den &#8220;varme&#8221; grill efter grillningen, og hjulene og det praktiske h\u00e5ndtag g\u00f8r det muligt at flytte grillen rundt i [&hellip;]<\/p>\n","protected":false},"featured_media":0,"comment_status":"open","ping_status":"closed","template":"","meta":[],"product_brand":[],"product_cat":[31],"product_tag":[],"class_list":{"0":"post-27334","1":"product","2":"type-product","3":"status-publish","5":"product_cat-uncategorized-da","7":"first","8":"instock","9":"shipping-taxable","10":"purchasable","11":"product-type-simple"},"_links":{"self":[{"href":"https:\/\/nordicmart.andreevmaster.com\/da\/wp-json\/wp\/v2\/product\/27334","targetHints":{"allow":["GET"]}}],"collection":[{"href":"https:\/\/nordicmart.andreevmaster.com\/da\/wp-json\/wp\/v2\/product"}],"about":[{"href":"https:\/\/nordicmart.andreevmaster.com\/da\/wp-json\/wp\/v2\/types\/product"}],"replies":[{"embeddable":true,"href":"https:\/\/nordicmart.andreevmaster.com\/da\/wp-json\/wp\/v2\/comments?post=27334"}],"wp:attachment":[{"href":"https:\/\/nordicmart.andreevmaster.com\/da\/wp-json\/wp\/v2\/media?parent=27334"}],"wp:term":[{"taxonomy":"product_brand","embeddable":true,"href":"https:\/\/nordicmart.andreevmaster.com\/da\/wp-json\/wp\/v2\/product_brand?post=27334"},{"taxonomy":"product_cat","embeddable":true,"href":"https:\/\/nordicmart.andreevmaster.com\/da\/wp-json\/wp\/v2\/product_cat?post=27334"},{"taxonomy":"product_tag","embeddable":true,"href":"https:\/\/nordicmart.andreevmaster.com\/da\/wp-json\/wp\/v2\/product_tag?post=27334"}],"curies":[{"name":"wp","href":"https:\/\/api.w.org\/{rel}","templated":true}]}}