{"id":27333,"date":"2026-02-27T00:36:32","date_gmt":"2026-02-27T00:36:32","guid":{"rendered":"https:\/\/nordicmart.andreevmaster.com\/product\/viga-traesensorisk-manipulerende-tavle-edu-rainbow-fsc-certificeret\/"},"modified":"2026-02-27T09:15:10","modified_gmt":"2026-02-27T09:15:10","slug":"viga-traesensorisk-manipulerende-tavle-edu-rainbow-fsc-certificeret","status":"publish","type":"product","link":"https:\/\/nordicmart.andreevmaster.com\/da\/vare\/viga-traesensorisk-manipulerende-tavle-edu-rainbow-fsc-certificeret\/","title":{"rendered":"VIGA Tr\u00e6sensorisk manipulerende tavle EDU Rainbow FSC-certificeret"},"content":{"rendered":"<p>Rainbow Sensory-Manipulative Board fra Viga Toys er et multifunktionelt v\u00e6gleget\u00f8j af tr\u00e6, der giver b\u00f8rn timevis af sjov. Blandt de forskellige aktiviteter finder du 12 aktiviteter: roterende tandhjul, et vejrbr\u00e6t, en rullende skive, blokmatchning, et xylofon, konkave og konvekse spejle, en gong og en perlev\u00e6ver. Vejrbr\u00e6ttet er specielt designet til at matche regnbue-temaet. Panelet med de skiftende \u00e5rstider kan udforskes i forbindelse med vejrskift og temperaturudsving. Opdelt i 5 dele for nem transport og samling. Alle 5 dele er af samme st\u00f8rrelse, s\u00e5 de kan samles i vilk\u00e5rlig r\u00e6kkef\u00f8lge. Det buede design tilskynder b\u00f8rn af forskellig h\u00f8jde til at lege sammen og l\u00e6re grundl\u00e6ggende begreber om farver, former, lyde og vejr. Leget\u00f8jet er designet til at stimulere sanserne og st\u00f8tte udviklingen af barnets motoriske f\u00e6rdigheder. Det er en glimrende \u00f8velse for sm\u00e5 fingre. Leget\u00f8jet l\u00e6rer ogs\u00e5 logisk t\u00e6nkning og t\u00e5lmodighed. Et ideelt supplement til tidlige l\u00e6ringsmilj\u00f8er og b\u00f8rnepasningsfaciliteter. <\/p>\n<p>Funktioner: <\/p>\n<p>* &#8211; et tr\u00e6br\u00e6t til sensorisk og manipulerende leg i form af en regnbue tiltr\u00e6kker \u00f8jet og opmuntrer til leg,<br \/>\n* &#8211; br\u00e6ttet har 12 aktiviteter: roterende tandhjul, et vejrbr\u00e6t, en rullende skive, blokmatchning, et xylofon, konkave og konvekse spejle, en gong og en perlev\u00e6ver,* &#8211; det buede design tilskynder b\u00f8rn af forskellig h\u00f8jde til at lege sammen,<br \/>\n* &#8211; opdelt i 5 lige store dele,<br \/>\n* &#8211; leget\u00f8jet er FSC-certificeret og overholder Montessori-principperne,<br \/>\n* &#8211; produktet er lavet af lakeret tr\u00e6 og malet med giftfri maling.<\/p>\n<p>Leget\u00f8jet udvikler:<\/p>\n<p>* &#8211; logisk t\u00e6nkning,<br \/>\n* &#8211; motoriske f\u00e6rdigheder,<br \/>\n* &#8211; h\u00e5nd-\u00f8je-koordination,<br \/>\n* &#8211; kreativitet,<br \/>\n* &#8211; uafh\u00e6ngighed,<br \/>\n* &#8211; t\u00e5lmodighed,<br \/>\n* &#8211; n\u00f8jagtighed.<\/p>\n","protected":false},"excerpt":{"rendered":"<p>Rainbow Sensory-Manipulative Board fra Viga Toys er et multifunktionelt v\u00e6gleget\u00f8j af tr\u00e6, der giver b\u00f8rn timevis af sjov. Blandt de forskellige aktiviteter finder du 12 aktiviteter: roterende tandhjul, et vejrbr\u00e6t, en rullende skive, blokmatchning, et xylofon, konkave og konvekse spejle, en gong og en perlev\u00e6ver. Vejrbr\u00e6ttet er specielt designet til at matche regnbue-temaet. Panelet med [&hellip;]<\/p>\n","protected":false},"featured_media":0,"comment_status":"open","ping_status":"closed","template":"","meta":[],"product_brand":[],"product_cat":[31],"product_tag":[],"class_list":{"0":"post-27333","1":"product","2":"type-product","3":"status-publish","5":"product_cat-uncategorized-da","7":"first","8":"instock","9":"shipping-taxable","10":"purchasable","11":"product-type-simple"},"_links":{"self":[{"href":"https:\/\/nordicmart.andreevmaster.com\/da\/wp-json\/wp\/v2\/product\/27333","targetHints":{"allow":["GET"]}}],"collection":[{"href":"https:\/\/nordicmart.andreevmaster.com\/da\/wp-json\/wp\/v2\/product"}],"about":[{"href":"https:\/\/nordicmart.andreevmaster.com\/da\/wp-json\/wp\/v2\/types\/product"}],"replies":[{"embeddable":true,"href":"https:\/\/nordicmart.andreevmaster.com\/da\/wp-json\/wp\/v2\/comments?post=27333"}],"wp:attachment":[{"href":"https:\/\/nordicmart.andreevmaster.com\/da\/wp-json\/wp\/v2\/media?parent=27333"}],"wp:term":[{"taxonomy":"product_brand","embeddable":true,"href":"https:\/\/nordicmart.andreevmaster.com\/da\/wp-json\/wp\/v2\/product_brand?post=27333"},{"taxonomy":"product_cat","embeddable":true,"href":"https:\/\/nordicmart.andreevmaster.com\/da\/wp-json\/wp\/v2\/product_cat?post=27333"},{"taxonomy":"product_tag","embeddable":true,"href":"https:\/\/nordicmart.andreevmaster.com\/da\/wp-json\/wp\/v2\/product_tag?post=27333"}],"curies":[{"name":"wp","href":"https:\/\/api.w.org\/{rel}","templated":true}]}}