{"id":27332,"date":"2026-02-27T00:36:31","date_gmt":"2026-02-27T00:36:31","guid":{"rendered":"https:\/\/nordicmart.andreevmaster.com\/product\/viga-vaegbraet-med-hjul-til-at-vise-folelser-fsc-montessori-certifikat\/"},"modified":"2026-02-27T09:15:09","modified_gmt":"2026-02-27T09:15:09","slug":"viga-vaegbraet-med-hjul-til-at-vise-folelser-fsc-montessori-certifikat","status":"publish","type":"product","link":"https:\/\/nordicmart.andreevmaster.com\/da\/vare\/viga-vaegbraet-med-hjul-til-at-vise-folelser-fsc-montessori-certifikat\/","title":{"rendered":"VIGA V\u00e6gbr\u00e6t med hjul til at vise f\u00f8lelser FSC Montessori-certifikat"},"content":{"rendered":"<p>Et interaktivt leget\u00f8j fra Viga lavet af tr\u00e6. Br\u00e6ttet viser 12 b\u00f8rn med forskellige ansigtsudtryk og aktiviteter. Drej hjulet og vent p\u00e5, at det stopper. Den r\u00f8de pil peger p\u00e5 det barn, der skal efterlignes. Spillet hj\u00e6lper b\u00f8rn med at opdage forskellige f\u00f8lelser og kropsbev\u00e6gelser og l\u00e6rer dem at observere og reagere hurtigt. Perfekt til brug i skoler og andre institutioner.<\/p>\n<p>Egenskaber:<\/p>\n<p>* &#8211; til b\u00f8rn fra 18 m\u00e5neder,<br \/>\n* &#8211; lavet af tr\u00e6 af h\u00f8j kvalitet,<br \/>\n* &#8211; malet med giftfri maling.<\/p>\n<p>Leget\u00f8jet udvikler:<\/p>\n<p>* &#8211; logisk t\u00e6nkning,<br \/>\n* &#8211; fantasi,<br \/>\n* &#8211; h\u00e5nd-\u00f8je-koordination,<br \/>\n* &#8211; manuelle f\u00e6rdigheder.<\/p>\n","protected":false},"excerpt":{"rendered":"<p>Et interaktivt leget\u00f8j fra Viga lavet af tr\u00e6. Br\u00e6ttet viser 12 b\u00f8rn med forskellige ansigtsudtryk og aktiviteter. Drej hjulet og vent p\u00e5, at det stopper. Den r\u00f8de pil peger p\u00e5 det barn, der skal efterlignes. Spillet hj\u00e6lper b\u00f8rn med at opdage forskellige f\u00f8lelser og kropsbev\u00e6gelser og l\u00e6rer dem at observere og reagere hurtigt. Perfekt til [&hellip;]<\/p>\n","protected":false},"featured_media":0,"comment_status":"open","ping_status":"closed","template":"","meta":[],"product_brand":[],"product_cat":[31],"product_tag":[],"class_list":{"0":"post-27332","1":"product","2":"type-product","3":"status-publish","5":"product_cat-uncategorized-da","7":"first","8":"instock","9":"shipping-taxable","10":"purchasable","11":"product-type-simple"},"_links":{"self":[{"href":"https:\/\/nordicmart.andreevmaster.com\/da\/wp-json\/wp\/v2\/product\/27332","targetHints":{"allow":["GET"]}}],"collection":[{"href":"https:\/\/nordicmart.andreevmaster.com\/da\/wp-json\/wp\/v2\/product"}],"about":[{"href":"https:\/\/nordicmart.andreevmaster.com\/da\/wp-json\/wp\/v2\/types\/product"}],"replies":[{"embeddable":true,"href":"https:\/\/nordicmart.andreevmaster.com\/da\/wp-json\/wp\/v2\/comments?post=27332"}],"wp:attachment":[{"href":"https:\/\/nordicmart.andreevmaster.com\/da\/wp-json\/wp\/v2\/media?parent=27332"}],"wp:term":[{"taxonomy":"product_brand","embeddable":true,"href":"https:\/\/nordicmart.andreevmaster.com\/da\/wp-json\/wp\/v2\/product_brand?post=27332"},{"taxonomy":"product_cat","embeddable":true,"href":"https:\/\/nordicmart.andreevmaster.com\/da\/wp-json\/wp\/v2\/product_cat?post=27332"},{"taxonomy":"product_tag","embeddable":true,"href":"https:\/\/nordicmart.andreevmaster.com\/da\/wp-json\/wp\/v2\/product_tag?post=27332"}],"curies":[{"name":"wp","href":"https:\/\/api.w.org\/{rel}","templated":true}]}}