{"id":27331,"date":"2026-02-27T00:36:31","date_gmt":"2026-02-27T00:36:31","guid":{"rendered":"https:\/\/nordicmart.andreevmaster.com\/product\/viga-traebalancebraet\/"},"modified":"2026-02-27T09:15:09","modified_gmt":"2026-02-27T09:15:09","slug":"viga-traebalancebraet","status":"publish","type":"product","link":"https:\/\/nordicmart.andreevmaster.com\/da\/vare\/viga-traebalancebraet\/","title":{"rendered":"VIGA Tr\u00e6balancebr\u00e6t"},"content":{"rendered":"<p>Viga balancebr\u00e6ttet er et multifunktionelt leget\u00f8j, der underst\u00f8tter udviklingen af motoriske f\u00e6rdigheder, balance og kreativitet hos b\u00f8rn fra 3 \u00e5r og opefter. Basen er lavet af tr\u00e6 af h\u00f8j kvalitet og er d\u00e6kket med filt, hvilket \u00f8ger komforten og beskytter gulvet mod ridser. Afrundede kanter sikrer sikkerheden, selv under intens leg. Takket v\u00e6re sin alsidighed kan br\u00e6ttet bruges til b\u00e5de fysisk tr\u00e6ning og kreativ leg.S\u00e6ttet indeholder: \u2714\ufe0f Tr\u00e6balancebr\u00e6t med filt \u2714\ufe0f Snor til yderligere aktiviteter \u2714\ufe0f Instruktionskort med forslag til \u00f8velser og spil Egenskaber: \u2714\ufe0f Leget\u00f8j til b\u00f8rn fra 3 \u00e5r \u2714\ufe0f Barnets opgave er at balancere p\u00e5 br\u00e6ttet, mens det holder balancen. \u2714\ufe0f Sikre materialer, solidt h\u00e5ndv\u00e6rk \u2714\ufe0f Alsidig anvendelse \u2714\ufe0f Behagelig filt overflade \u2714\ufe0f Let at opbevare<\/p>\n<p>\u2705 Leget\u00f8jet udvikler:<\/p>\n<p>\u2714\ufe0f Grovmotorik \u2714\ufe0f Sensorisk stimulering \u2714\ufe0f Kreativitet<\/p>\n","protected":false},"excerpt":{"rendered":"<p>Viga balancebr\u00e6ttet er et multifunktionelt leget\u00f8j, der underst\u00f8tter udviklingen af motoriske f\u00e6rdigheder, balance og kreativitet hos b\u00f8rn fra 3 \u00e5r og opefter. Basen er lavet af tr\u00e6 af h\u00f8j kvalitet og er d\u00e6kket med filt, hvilket \u00f8ger komforten og beskytter gulvet mod ridser. Afrundede kanter sikrer sikkerheden, selv under intens leg. Takket v\u00e6re sin alsidighed [&hellip;]<\/p>\n","protected":false},"featured_media":0,"comment_status":"open","ping_status":"closed","template":"","meta":[],"product_brand":[],"product_cat":[31],"product_tag":[],"class_list":{"0":"post-27331","1":"product","2":"type-product","3":"status-publish","5":"product_cat-uncategorized-da","7":"first","8":"instock","9":"shipping-taxable","10":"purchasable","11":"product-type-simple"},"_links":{"self":[{"href":"https:\/\/nordicmart.andreevmaster.com\/da\/wp-json\/wp\/v2\/product\/27331","targetHints":{"allow":["GET"]}}],"collection":[{"href":"https:\/\/nordicmart.andreevmaster.com\/da\/wp-json\/wp\/v2\/product"}],"about":[{"href":"https:\/\/nordicmart.andreevmaster.com\/da\/wp-json\/wp\/v2\/types\/product"}],"replies":[{"embeddable":true,"href":"https:\/\/nordicmart.andreevmaster.com\/da\/wp-json\/wp\/v2\/comments?post=27331"}],"wp:attachment":[{"href":"https:\/\/nordicmart.andreevmaster.com\/da\/wp-json\/wp\/v2\/media?parent=27331"}],"wp:term":[{"taxonomy":"product_brand","embeddable":true,"href":"https:\/\/nordicmart.andreevmaster.com\/da\/wp-json\/wp\/v2\/product_brand?post=27331"},{"taxonomy":"product_cat","embeddable":true,"href":"https:\/\/nordicmart.andreevmaster.com\/da\/wp-json\/wp\/v2\/product_cat?post=27331"},{"taxonomy":"product_tag","embeddable":true,"href":"https:\/\/nordicmart.andreevmaster.com\/da\/wp-json\/wp\/v2\/product_tag?post=27331"}],"curies":[{"name":"wp","href":"https:\/\/api.w.org\/{rel}","templated":true}]}}