{"id":27330,"date":"2026-02-27T00:36:31","date_gmt":"2026-02-27T00:36:31","guid":{"rendered":"https:\/\/nordicmart.andreevmaster.com\/product\/viga-stort-traedukkehus\/"},"modified":"2026-02-27T09:15:09","modified_gmt":"2026-02-27T09:15:09","slug":"viga-stort-traedukkehus","status":"publish","type":"product","link":"https:\/\/nordicmart.andreevmaster.com\/da\/vare\/viga-stort-traedukkehus\/","title":{"rendered":"VIGA Stort tr\u00e6dukkehus"},"content":{"rendered":"<p>Et tr\u00e6dukkehus er det perfekte leget\u00f8j til piger. Huset har mange v\u00e6relser, s\u00e5 alle piger kan lege alle mulige roller med deres sm\u00e5 dukker, figurer eller bamser.<\/p>\n<p>Egenskaber:<\/p>\n<p>* &#8211; stort tr\u00e6hus &#8211; helt \u00e5bent p\u00e5 den ene side,<br \/>\n* &#8211; huset har 3 etager med 5 forskellige v\u00e6relser: k\u00f8kken, stue, badev\u00e6relse, sovev\u00e6relse og altan,<br \/>\n* &#8211; s\u00e6ttet indeholder forskellige m\u00f8bler &#8211; alt hvad du beh\u00f8ver for at lege,* &#8211; vores leget\u00f8j kan transporteres fra stueetagen til f\u00f8rste sal ved hj\u00e6lp af elevatoren (der er en hvid knap p\u00e5 h\u00f8jre side af huset til at betjene elevatoren),* &#8211; p\u00e5 \u00f8verste etage kan vores dukker g\u00e5 direkte fra sovev\u00e6relset ud p\u00e5 terrassen,* &#8211; s\u00e6ttet indeholder ikke dukker\/figurer.<\/p>\n<p>Leget\u00f8jet udvikler:<\/p>\n<p>* &#8211; fantasi,<br \/>\n* &#8211; kreativitet,<br \/>\n* &#8211; logisk t\u00e6nkning,<br \/>\n* &#8211; samarbejde,<br \/>\n* &#8211; deling,<br \/>\n* &#8211; rollespil.<\/p>\n","protected":false},"excerpt":{"rendered":"<p>Et tr\u00e6dukkehus er det perfekte leget\u00f8j til piger. Huset har mange v\u00e6relser, s\u00e5 alle piger kan lege alle mulige roller med deres sm\u00e5 dukker, figurer eller bamser. Egenskaber: * &#8211; stort tr\u00e6hus &#8211; helt \u00e5bent p\u00e5 den ene side, * &#8211; huset har 3 etager med 5 forskellige v\u00e6relser: k\u00f8kken, stue, badev\u00e6relse, sovev\u00e6relse og altan, [&hellip;]<\/p>\n","protected":false},"featured_media":0,"comment_status":"open","ping_status":"closed","template":"","meta":[],"product_brand":[],"product_cat":[31],"product_tag":[],"class_list":{"0":"post-27330","1":"product","2":"type-product","3":"status-publish","5":"product_cat-uncategorized-da","7":"first","8":"instock","9":"shipping-taxable","10":"purchasable","11":"product-type-simple"},"_links":{"self":[{"href":"https:\/\/nordicmart.andreevmaster.com\/da\/wp-json\/wp\/v2\/product\/27330","targetHints":{"allow":["GET"]}}],"collection":[{"href":"https:\/\/nordicmart.andreevmaster.com\/da\/wp-json\/wp\/v2\/product"}],"about":[{"href":"https:\/\/nordicmart.andreevmaster.com\/da\/wp-json\/wp\/v2\/types\/product"}],"replies":[{"embeddable":true,"href":"https:\/\/nordicmart.andreevmaster.com\/da\/wp-json\/wp\/v2\/comments?post=27330"}],"wp:attachment":[{"href":"https:\/\/nordicmart.andreevmaster.com\/da\/wp-json\/wp\/v2\/media?parent=27330"}],"wp:term":[{"taxonomy":"product_brand","embeddable":true,"href":"https:\/\/nordicmart.andreevmaster.com\/da\/wp-json\/wp\/v2\/product_brand?post=27330"},{"taxonomy":"product_cat","embeddable":true,"href":"https:\/\/nordicmart.andreevmaster.com\/da\/wp-json\/wp\/v2\/product_cat?post=27330"},{"taxonomy":"product_tag","embeddable":true,"href":"https:\/\/nordicmart.andreevmaster.com\/da\/wp-json\/wp\/v2\/product_tag?post=27330"}],"curies":[{"name":"wp","href":"https:\/\/api.w.org\/{rel}","templated":true}]}}