{"id":27329,"date":"2026-02-27T00:36:31","date_gmt":"2026-02-27T00:36:31","guid":{"rendered":"https:\/\/nordicmart.andreevmaster.com\/product\/viga-traeplade-med-larve-fsc-certificeret-montessori\/"},"modified":"2026-02-27T09:15:09","modified_gmt":"2026-02-27T09:15:09","slug":"viga-traeplade-med-larve-fsc-certificeret-montessori","status":"publish","type":"product","link":"https:\/\/nordicmart.andreevmaster.com\/da\/vare\/viga-traeplade-med-larve-fsc-certificeret-montessori\/","title":{"rendered":"VIGA Tr\u00e6plade med larve FSC-certificeret Montessori"},"content":{"rendered":"<p>En multifunktionel v\u00e6gplade med et charmerende billede af en larve. S\u00e6ttet best\u00e5r af 5 plader med forskellige funktioner. Br\u00e6dderne er meget nemme at samle og skille ad samt at transportere. Br\u00e6ttet med billedet af en larve er et leget\u00f8j, som flere b\u00f8rn kan lege med p\u00e5 samme tid. De kan ikke kun lege for sjov, men ogs\u00e5 l\u00e6re en masse. Det hj\u00e6lper dem med at l\u00e6re farver, lyde og grafik. Det udvikler ogs\u00e5 h\u00e5nd-\u00f8je-koordination og sociale f\u00e6rdigheder.  En genial kombination af leget\u00f8j til skoler, b\u00f8rnehaver, l\u00e6ringscentre og offentlige steder. Produktet er beregnet til b\u00f8rn over 18 m\u00e5neder. <\/p>\n<p>Egenskaber: <\/p>\n<p>* &#8211; en v\u00e6gplade best\u00e5ende af 5 larveformede dele,<br \/>\n* &#8211; hver del er et helt anderledes leget\u00f8j, der l\u00e6rer gennem leg,<br \/>\n* &#8211; larvens hoved har en metalkrog med tr\u00e6perler, som barnet kan flytte rundt i labyrinten, som det vil,* &#8211; det andet br\u00e6t har hjul med forskellige m\u00f8nstre, som, n\u00e5r de drejes, viser barnet fantastiske visuelle effekter afh\u00e6ngigt af den hastighed, hjulet drejes med,<br \/>\n* &#8211; p\u00e5 det tredje br\u00e6t kan barnet l\u00e6re, hvilke farver der skabes ved at blande de tre prim\u00e6rfarver: r\u00f8d, gul og bl\u00e5,<br \/>\n* &#8211; det fjerde br\u00e6t har fem typer l\u00e5se. N\u00e5r barnet har \u00e5bnet hver enkelt l\u00e5s, kan det l\u00e6re om fem forskellige materialer (EVA, velcro, spejl, filtstof, b\u00f8lgepap).<br \/>\n* &#8211; Det sidste br\u00e6t ligner ved f\u00f8rste \u00f8jekast kun et simpelt stykke udstyr. B\u00f8rnene kan selv kombinere forskellige gearkonstruktioner.<br \/>\n* &#8211; Br\u00e6ttet er meget nemt at samle, skille ad og transportere.<br \/>\n* &#8211; Det er lavet af lakeret tr\u00e6.<br \/>\n* &#8211; Malet med giftfri maling i levende farver.<\/p>\n<p>Leget\u00f8j:<\/p>\n<p>* &#8211; udvikler logiske t\u00e6nkeevner,<br \/>\n* &#8211; hj\u00e6lper med at l\u00e6re farver,<br \/>\n* &#8211; hj\u00e6lper med at l\u00e6re tal,<br \/>\n* &#8211; udvikler manuelle f\u00e6rdigheder hos b\u00f8rn,<br \/>\n* &#8211; underst\u00f8tter sensoriske f\u00e6rdigheder,<br \/>\n* &#8211; udvikler h\u00e5nd-\u00f8je-koordination,<br \/>\n* &#8211; l\u00e6rer teamwork,<br \/>\n* &#8211; fremmer delingsf\u00e6rdigheder.<\/p>\n<p>\u00d8ko-leget\u00f8j er designet til de yngste b\u00f8rn og er fremstillet af helt naturlige, biologisk nedbrydelige og allergivenlige materialer, hvilket g\u00f8r dem 100 % sikre og ufarlige, ikke kun for milj\u00f8et, men ogs\u00e5 for dit barn.<\/p>\n","protected":false},"excerpt":{"rendered":"<p>En multifunktionel v\u00e6gplade med et charmerende billede af en larve. S\u00e6ttet best\u00e5r af 5 plader med forskellige funktioner. Br\u00e6dderne er meget nemme at samle og skille ad samt at transportere. Br\u00e6ttet med billedet af en larve er et leget\u00f8j, som flere b\u00f8rn kan lege med p\u00e5 samme tid. De kan ikke kun lege for sjov, [&hellip;]<\/p>\n","protected":false},"featured_media":0,"comment_status":"open","ping_status":"closed","template":"","meta":[],"product_brand":[],"product_cat":[31],"product_tag":[],"class_list":{"0":"post-27329","1":"product","2":"type-product","3":"status-publish","5":"product_cat-uncategorized-da","7":"first","8":"instock","9":"shipping-taxable","10":"purchasable","11":"product-type-simple"},"_links":{"self":[{"href":"https:\/\/nordicmart.andreevmaster.com\/da\/wp-json\/wp\/v2\/product\/27329","targetHints":{"allow":["GET"]}}],"collection":[{"href":"https:\/\/nordicmart.andreevmaster.com\/da\/wp-json\/wp\/v2\/product"}],"about":[{"href":"https:\/\/nordicmart.andreevmaster.com\/da\/wp-json\/wp\/v2\/types\/product"}],"replies":[{"embeddable":true,"href":"https:\/\/nordicmart.andreevmaster.com\/da\/wp-json\/wp\/v2\/comments?post=27329"}],"wp:attachment":[{"href":"https:\/\/nordicmart.andreevmaster.com\/da\/wp-json\/wp\/v2\/media?parent=27329"}],"wp:term":[{"taxonomy":"product_brand","embeddable":true,"href":"https:\/\/nordicmart.andreevmaster.com\/da\/wp-json\/wp\/v2\/product_brand?post=27329"},{"taxonomy":"product_cat","embeddable":true,"href":"https:\/\/nordicmart.andreevmaster.com\/da\/wp-json\/wp\/v2\/product_cat?post=27329"},{"taxonomy":"product_tag","embeddable":true,"href":"https:\/\/nordicmart.andreevmaster.com\/da\/wp-json\/wp\/v2\/product_tag?post=27329"}],"curies":[{"name":"wp","href":"https:\/\/api.w.org\/{rel}","templated":true}]}}