{"id":27328,"date":"2026-02-27T00:36:30","date_gmt":"2026-02-27T00:36:30","guid":{"rendered":"https:\/\/nordicmart.andreevmaster.com\/product\/viga-mobil-butik-isbar-konditori-3-i-1\/"},"modified":"2026-02-27T09:15:09","modified_gmt":"2026-02-27T09:15:09","slug":"viga-mobil-butik-isbar-konditori-3-i-1","status":"publish","type":"product","link":"https:\/\/nordicmart.andreevmaster.com\/da\/vare\/viga-mobil-butik-isbar-konditori-3-i-1\/","title":{"rendered":"VIGA Mobil butik Isbar Konditori 3-i-1"},"content":{"rendered":"<p>3-i-1-butikken, konditoriet og isbaren er en perfekt gave til sm\u00e5 konditorer. S\u00e6ttet er ideelt til b\u00f8rn, der gerne vil lege s\u00e6lger eller konditor. Takket v\u00e6re dette leget\u00f8j vil dit barn f\u00f8le sig som en professionel konditor. Leget\u00f8jet leveres med mange sm\u00e5 tilbeh\u00f8r s\u00e5som slikkepinde, is, vafler og toppings. Derudover har butikken en tavle, hvor b\u00f8rnene kan tegne eller skrive priser eller dagens menu. Butikken har en hylde, hvor forskellige varer kan opbevares. Det hele er malet med giftfri maling i bl\u00f8de farver, der tiltr\u00e6kker b\u00f8rns opm\u00e6rksomhed.<\/p>\n<p>Egenskaber:<\/p>\n<p>* &#8211; s\u00e6ttet kan bruges som bageri, isbar eller butik,<br \/>\n* &#8211; s\u00e6ttet er ideelt til rollespil som s\u00e6lger,<br \/>\n* &#8211; s\u00e6ttet indeholder mange tilbeh\u00f8rsdele &#8211; is, slikkepinde, vafler, toppings,<br \/>\n* &#8211; en tavle til at skrive og male p\u00e5,<br \/>\n* &#8211; vognen er udstyret med en hylde,<br \/>\n* &#8211; hele s\u00e6ttet er malet med giftfri maling,<br \/>\n* &#8211; s\u00e6ttet har et bl\u00f8dt farveskema, der tiltr\u00e6kker b\u00f8rns opm\u00e6rksomhed.<\/p>\n<p>Leget\u00f8jet udvikler:<\/p>\n<p>* &#8211; kreativitet,<br \/>\n* &#8211; fantasi,<br \/>\n* &#8211; rollespilsevner,<br \/>\n* &#8211; kommunikation,<br \/>\n* &#8211; logisk t\u00e6nkning.<\/p>\n<p>Viga er et brand, der blev registreret i 2003, men som allerede er til stede i over 60 lande rundt om i verden. Deres innovative ideer har vundet anerkendelse i blandt andet Europa, USA, Australien og Japan. Virksomhedens grundl\u00e6ggere henledte opm\u00e6rksomheden p\u00e5 forskningsresultater, der peger p\u00e5 en sammenh\u00e6ng mellem leg og l\u00e6ring i de tidlige \u00e5r af barnets udvikling. For at hj\u00e6lpe for\u00e6ldre og uddannelsesinstitutioner med at opdrage b\u00f8rn og redde dem fra den virtuelle verden, som i h\u00f8j grad kan forvr\u00e6nge virkeligheden, tilbyder producenten et innovativt sortiment af produkter fremstillet af naturlige materialer, der er fremstillet gennem milj\u00f8venlige produktionsprocesser. Sikkerheden og kvaliteten af tr\u00e6produkter er en prioritet for Vigi, og producenten har sikret, at de malinger, der bruges til at male leget\u00f8jet, opfylder sikkerhedsstandarderne EN71 og ASTM.<\/p>\n","protected":false},"excerpt":{"rendered":"<p>3-i-1-butikken, konditoriet og isbaren er en perfekt gave til sm\u00e5 konditorer. S\u00e6ttet er ideelt til b\u00f8rn, der gerne vil lege s\u00e6lger eller konditor. Takket v\u00e6re dette leget\u00f8j vil dit barn f\u00f8le sig som en professionel konditor. Leget\u00f8jet leveres med mange sm\u00e5 tilbeh\u00f8r s\u00e5som slikkepinde, is, vafler og toppings. Derudover har butikken en tavle, hvor b\u00f8rnene [&hellip;]<\/p>\n","protected":false},"featured_media":0,"comment_status":"open","ping_status":"closed","template":"","meta":[],"product_brand":[],"product_cat":[31],"product_tag":[],"class_list":{"0":"post-27328","1":"product","2":"type-product","3":"status-publish","5":"product_cat-uncategorized-da","7":"first","8":"instock","9":"shipping-taxable","10":"purchasable","11":"product-type-simple"},"_links":{"self":[{"href":"https:\/\/nordicmart.andreevmaster.com\/da\/wp-json\/wp\/v2\/product\/27328","targetHints":{"allow":["GET"]}}],"collection":[{"href":"https:\/\/nordicmart.andreevmaster.com\/da\/wp-json\/wp\/v2\/product"}],"about":[{"href":"https:\/\/nordicmart.andreevmaster.com\/da\/wp-json\/wp\/v2\/types\/product"}],"replies":[{"embeddable":true,"href":"https:\/\/nordicmart.andreevmaster.com\/da\/wp-json\/wp\/v2\/comments?post=27328"}],"wp:attachment":[{"href":"https:\/\/nordicmart.andreevmaster.com\/da\/wp-json\/wp\/v2\/media?parent=27328"}],"wp:term":[{"taxonomy":"product_brand","embeddable":true,"href":"https:\/\/nordicmart.andreevmaster.com\/da\/wp-json\/wp\/v2\/product_brand?post=27328"},{"taxonomy":"product_cat","embeddable":true,"href":"https:\/\/nordicmart.andreevmaster.com\/da\/wp-json\/wp\/v2\/product_cat?post=27328"},{"taxonomy":"product_tag","embeddable":true,"href":"https:\/\/nordicmart.andreevmaster.com\/da\/wp-json\/wp\/v2\/product_tag?post=27328"}],"curies":[{"name":"wp","href":"https:\/\/api.w.org\/{rel}","templated":true}]}}