{"id":27327,"date":"2026-02-27T00:36:30","date_gmt":"2026-02-27T00:36:30","guid":{"rendered":"https:\/\/nordicmart.andreevmaster.com\/product\/viga-multifunktionelt-trae-laegecenter\/"},"modified":"2026-02-27T09:15:08","modified_gmt":"2026-02-27T09:15:08","slug":"viga-multifunktionelt-trae-laegecenter","status":"publish","type":"product","link":"https:\/\/nordicmart.andreevmaster.com\/da\/vare\/viga-multifunktionelt-trae-laegecenter\/","title":{"rendered":"VIGA Multifunktionelt tr\u00e6-l\u00e6gecenter"},"content":{"rendered":"<p>Det multifunktionelle l\u00e6gecenter fra det kendte og respekterede m\u00e6rke Viga er et fantastisk leget\u00f8j, der giver dit barn mulighed for at l\u00e6re mere om l\u00e6ge- eller sygeplejerskeyrket. S\u00e6ttet indeholder en l\u00e6gekonsultation, ventev\u00e6relser, en vask og en reception. Derudover medf\u00f8lger professionelt medicinsk udstyr, s\u00e5som et stetoskop, blodtryksm\u00e5ler, reflekshammer, termometer, r\u00f8ntgenudstyr, spr\u00f8jter, tabletter og pille\u00e6sker. Gennem leg kan vi forklare b\u00f8rn, hvad en l\u00e6ges arbejde indeb\u00e6rer, og vi kan spille rollen som l\u00e6ge, sygeplejerske eller patient. Det er en ideel m\u00e5de at g\u00f8re b\u00f8rn fortrolige med processen ved at g\u00e5 til l\u00e6gen, is\u00e6r dem, der er bange for at g\u00e5 til l\u00e6gen. Det er et fantastisk produkt til de sm\u00e5, der gerne vil v\u00e6re l\u00e6ger i fremtiden. Leget\u00f8jet er ideelt til rollespil og hj\u00e6lper med at udvikle b\u00f8rns fantasi og sociale f\u00e6rdigheder. Velegnet til b\u00f8rn over 3 \u00e5r.<\/p>\n<p>Funktioner:<\/p>\n<p>* &#8211; multifunktionelt medicinsk center i tr\u00e6,<br \/>\n* &#8211; s\u00e6ttet indeholder en l\u00e6gekonsultation, ventev\u00e6relse, vask og reception,<br \/>\n* &#8211; professionelt medicinsk udstyr er ogs\u00e5 inkluderet, s\u00e5som: blodtryksm\u00e5ler, stetoskop, termometer, reflekshammer (neurologisk), termometer, r\u00f8ntgenudstyr, spr\u00f8jter, piller i en pakke, medicinflasker,<br \/>\n* &#8211; leget\u00f8jet kan mindske barnets frygt for at g\u00e5 til l\u00e6gen,<br \/>\n* &#8211; det hele er lavet af lakeret tr\u00e6 og malet med giftfri maling i levende farver, der vil tilfredsstille alle brugere og give dem masser af sjov.<\/p>\n<p>Leget\u00f8jet udvikler:<\/p>\n<p>* &#8211; barnets fantasi,<br \/>\n* &#8211; barnets kreativitet,<br \/>\n* &#8211; sociale f\u00e6rdigheder,<br \/>\n* &#8211; fin- og grovmotorik.<\/p>\n<p>\u00d8ko-leget\u00f8j er designet til de yngste b\u00f8rn og er fremstillet af helt naturlige, biologisk nedbrydelige og allergivenlige materialer, hvilket g\u00f8r dem 100 % sikre og ufarlige, ikke kun for milj\u00f8et, men ogs\u00e5 for dit barn.<\/p>\n","protected":false},"excerpt":{"rendered":"<p>Det multifunktionelle l\u00e6gecenter fra det kendte og respekterede m\u00e6rke Viga er et fantastisk leget\u00f8j, der giver dit barn mulighed for at l\u00e6re mere om l\u00e6ge- eller sygeplejerskeyrket. S\u00e6ttet indeholder en l\u00e6gekonsultation, ventev\u00e6relser, en vask og en reception. Derudover medf\u00f8lger professionelt medicinsk udstyr, s\u00e5som et stetoskop, blodtryksm\u00e5ler, reflekshammer, termometer, r\u00f8ntgenudstyr, spr\u00f8jter, tabletter og pille\u00e6sker. Gennem leg [&hellip;]<\/p>\n","protected":false},"featured_media":0,"comment_status":"open","ping_status":"closed","template":"","meta":[],"product_brand":[],"product_cat":[31],"product_tag":[],"class_list":{"0":"post-27327","1":"product","2":"type-product","3":"status-publish","5":"product_cat-uncategorized-da","7":"first","8":"instock","9":"shipping-taxable","10":"purchasable","11":"product-type-simple"},"_links":{"self":[{"href":"https:\/\/nordicmart.andreevmaster.com\/da\/wp-json\/wp\/v2\/product\/27327","targetHints":{"allow":["GET"]}}],"collection":[{"href":"https:\/\/nordicmart.andreevmaster.com\/da\/wp-json\/wp\/v2\/product"}],"about":[{"href":"https:\/\/nordicmart.andreevmaster.com\/da\/wp-json\/wp\/v2\/types\/product"}],"replies":[{"embeddable":true,"href":"https:\/\/nordicmart.andreevmaster.com\/da\/wp-json\/wp\/v2\/comments?post=27327"}],"wp:attachment":[{"href":"https:\/\/nordicmart.andreevmaster.com\/da\/wp-json\/wp\/v2\/media?parent=27327"}],"wp:term":[{"taxonomy":"product_brand","embeddable":true,"href":"https:\/\/nordicmart.andreevmaster.com\/da\/wp-json\/wp\/v2\/product_brand?post=27327"},{"taxonomy":"product_cat","embeddable":true,"href":"https:\/\/nordicmart.andreevmaster.com\/da\/wp-json\/wp\/v2\/product_cat?post=27327"},{"taxonomy":"product_tag","embeddable":true,"href":"https:\/\/nordicmart.andreevmaster.com\/da\/wp-json\/wp\/v2\/product_tag?post=27327"}],"curies":[{"name":"wp","href":"https:\/\/api.w.org\/{rel}","templated":true}]}}