{"id":27326,"date":"2026-02-27T00:36:30","date_gmt":"2026-02-27T00:36:30","guid":{"rendered":"https:\/\/nordicmart.andreevmaster.com\/product\/viga-traefiskespil-fsc\/"},"modified":"2026-02-27T09:15:08","modified_gmt":"2026-02-27T09:15:08","slug":"viga-traefiskespil-fsc","status":"publish","type":"product","link":"https:\/\/nordicmart.andreevmaster.com\/da\/vare\/viga-traefiskespil-fsc\/","title":{"rendered":"VIGA Tr\u00e6fiskespil FSC"},"content":{"rendered":"<p>B\u00f8rn elsker at lege forskellige lege og tilbringe tid sammen med deres for\u00e6ldre og kammerater. Fra en tidlig alder l\u00e6rer de at konkurrere, men det kommer mest naturligt, n\u00e5r de leger. Fiskespillet kommer nu i en ny version \u2013 et tr\u00e6bord. <\/p>\n<p>Egenskaber: <\/p>\n<p>* &#8211; leget\u00f8jet indeholder et tr\u00e6bord, 4 fiskest\u00e6nger og 40 fisk,<br \/>\n* &#8211; fiskene findes i fire farver og har numre skrevet p\u00e5 ryggen,<br \/>\n* &#8211; b\u00f8rnene kan afholde fiskekonkurrencer og konkurrere i tallege.<\/p>\n<p>Leget\u00f8jet udvikler:<\/p>\n<p>* &#8211; h\u00e5nd-\u00f8je-koordination,<br \/>\n* &#8211; logisk t\u00e6nkning,<br \/>\n* &#8211; sociale f\u00e6rdigheder,<br \/>\n* &#8211; motoriske f\u00e6rdigheder.<\/p>\n","protected":false},"excerpt":{"rendered":"<p>B\u00f8rn elsker at lege forskellige lege og tilbringe tid sammen med deres for\u00e6ldre og kammerater. Fra en tidlig alder l\u00e6rer de at konkurrere, men det kommer mest naturligt, n\u00e5r de leger. Fiskespillet kommer nu i en ny version \u2013 et tr\u00e6bord. Egenskaber: * &#8211; leget\u00f8jet indeholder et tr\u00e6bord, 4 fiskest\u00e6nger og 40 fisk, * &#8211; [&hellip;]<\/p>\n","protected":false},"featured_media":0,"comment_status":"open","ping_status":"closed","template":"","meta":[],"product_brand":[],"product_cat":[31],"product_tag":[],"class_list":{"0":"post-27326","1":"product","2":"type-product","3":"status-publish","5":"product_cat-uncategorized-da","7":"first","8":"instock","9":"shipping-taxable","10":"purchasable","11":"product-type-simple"},"_links":{"self":[{"href":"https:\/\/nordicmart.andreevmaster.com\/da\/wp-json\/wp\/v2\/product\/27326","targetHints":{"allow":["GET"]}}],"collection":[{"href":"https:\/\/nordicmart.andreevmaster.com\/da\/wp-json\/wp\/v2\/product"}],"about":[{"href":"https:\/\/nordicmart.andreevmaster.com\/da\/wp-json\/wp\/v2\/types\/product"}],"replies":[{"embeddable":true,"href":"https:\/\/nordicmart.andreevmaster.com\/da\/wp-json\/wp\/v2\/comments?post=27326"}],"wp:attachment":[{"href":"https:\/\/nordicmart.andreevmaster.com\/da\/wp-json\/wp\/v2\/media?parent=27326"}],"wp:term":[{"taxonomy":"product_brand","embeddable":true,"href":"https:\/\/nordicmart.andreevmaster.com\/da\/wp-json\/wp\/v2\/product_brand?post=27326"},{"taxonomy":"product_cat","embeddable":true,"href":"https:\/\/nordicmart.andreevmaster.com\/da\/wp-json\/wp\/v2\/product_cat?post=27326"},{"taxonomy":"product_tag","embeddable":true,"href":"https:\/\/nordicmart.andreevmaster.com\/da\/wp-json\/wp\/v2\/product_tag?post=27326"}],"curies":[{"name":"wp","href":"https:\/\/api.w.org\/{rel}","templated":true}]}}