{"id":27325,"date":"2026-02-27T00:36:30","date_gmt":"2026-02-27T00:36:30","guid":{"rendered":"https:\/\/nordicmart.andreevmaster.com\/product\/viga-traekasseapparat-grat-og-hvidt\/"},"modified":"2026-02-27T09:15:08","modified_gmt":"2026-02-27T09:15:08","slug":"viga-traekasseapparat-grat-og-hvidt","status":"publish","type":"product","link":"https:\/\/nordicmart.andreevmaster.com\/da\/vare\/viga-traekasseapparat-grat-og-hvidt\/","title":{"rendered":"VIGA Tr\u00e6kasseapparat, gr\u00e5t og hvidt"},"content":{"rendered":"<p>Kasseapparatet er et fantastisk tr\u00e6leget\u00f8j, der giver b\u00f8rn mulighed for at udspille mange scener, der kan finde sted i en butik. B\u00f8rnene kan lege kasseassistent eller kunde og \u00f8ve sig i sociale interaktioner og kommunikationsevner sammen. Kontanter eller kort? Beregn det samlede bel\u00f8b, modtag pengene og giv det korrekte byttepenge. Kasseapparatet indeholder sedler, m\u00f8nter og et betalingskort. B\u00f8rnene kan l\u00e6re, mens de leger! Matematik, videnskabernes dronning, vil ikke l\u00e6ngere v\u00e6re skr\u00e6mmende. <\/p>\n<p>Egenskaber:<\/p>\n<p>* &#8211; kasseapparatet har et display med en regnestav,<br \/>\n* &#8211; s\u00e6ttet indeholder pengesedler, m\u00f8nter og et betalingskort,<br \/>\n* &#8211; takket v\u00e6re den udtr\u00e6kkelige skuffe, scanneren, knapperne og papirrullen vil dit barn f\u00f8le, at det bruger et rigtigt kasseapparat.<\/p>\n<p>Leget\u00f8jet udvikler:<\/p>\n<p>* &#8211; t\u00e6llef\u00e6rdigheder,<br \/>\n* &#8211; sociale f\u00e6rdigheder,<br \/>\n* &#8211; kommunikationsf\u00e6rdigheder,<br \/>\n* &#8211; logisk t\u00e6nkning,<br \/>\n* &#8211; fantasi.<\/p>\n","protected":false},"excerpt":{"rendered":"<p>Kasseapparatet er et fantastisk tr\u00e6leget\u00f8j, der giver b\u00f8rn mulighed for at udspille mange scener, der kan finde sted i en butik. B\u00f8rnene kan lege kasseassistent eller kunde og \u00f8ve sig i sociale interaktioner og kommunikationsevner sammen. Kontanter eller kort? Beregn det samlede bel\u00f8b, modtag pengene og giv det korrekte byttepenge. Kasseapparatet indeholder sedler, m\u00f8nter og [&hellip;]<\/p>\n","protected":false},"featured_media":0,"comment_status":"open","ping_status":"closed","template":"","meta":[],"product_brand":[],"product_cat":[31],"product_tag":[],"class_list":{"0":"post-27325","1":"product","2":"type-product","3":"status-publish","5":"product_cat-uncategorized-da","7":"first","8":"instock","9":"shipping-taxable","10":"purchasable","11":"product-type-simple"},"_links":{"self":[{"href":"https:\/\/nordicmart.andreevmaster.com\/da\/wp-json\/wp\/v2\/product\/27325","targetHints":{"allow":["GET"]}}],"collection":[{"href":"https:\/\/nordicmart.andreevmaster.com\/da\/wp-json\/wp\/v2\/product"}],"about":[{"href":"https:\/\/nordicmart.andreevmaster.com\/da\/wp-json\/wp\/v2\/types\/product"}],"replies":[{"embeddable":true,"href":"https:\/\/nordicmart.andreevmaster.com\/da\/wp-json\/wp\/v2\/comments?post=27325"}],"wp:attachment":[{"href":"https:\/\/nordicmart.andreevmaster.com\/da\/wp-json\/wp\/v2\/media?parent=27325"}],"wp:term":[{"taxonomy":"product_brand","embeddable":true,"href":"https:\/\/nordicmart.andreevmaster.com\/da\/wp-json\/wp\/v2\/product_brand?post=27325"},{"taxonomy":"product_cat","embeddable":true,"href":"https:\/\/nordicmart.andreevmaster.com\/da\/wp-json\/wp\/v2\/product_cat?post=27325"},{"taxonomy":"product_tag","embeddable":true,"href":"https:\/\/nordicmart.andreevmaster.com\/da\/wp-json\/wp\/v2\/product_tag?post=27325"}],"curies":[{"name":"wp","href":"https:\/\/api.w.org\/{rel}","templated":true}]}}