{"id":27324,"date":"2026-02-27T00:36:29","date_gmt":"2026-02-27T00:36:29","guid":{"rendered":"https:\/\/nordicmart.andreevmaster.com\/product\/viga-trae-snacks-og-drikkevarer-saet-med-12-fodevarer\/"},"modified":"2026-02-27T09:15:08","modified_gmt":"2026-02-27T09:15:08","slug":"viga-trae-snacks-og-drikkevarer-saet-med-12-fodevarer","status":"publish","type":"product","link":"https:\/\/nordicmart.andreevmaster.com\/da\/vare\/viga-trae-snacks-og-drikkevarer-saet-med-12-fodevarer\/","title":{"rendered":"VIGA Tr\u00e6-snacks og drikkevarer, s\u00e6t med 12 f\u00f8devarer"},"content":{"rendered":"<p>Dette s\u00e6t med 12 f\u00f8devarer fra det kendte m\u00e6rke Viga vil v\u00e6re en fantastisk tilf\u00f8jelse til dit barns daglige leg. Det vil tilf\u00f8je variation til enhver leg derhjemme eller i butikken og give dit barn mulighed for at lege, at det er en rigtig husmor. Indk\u00f8b vil ikke l\u00e6ngere v\u00e6re et problem, men vil blive sjovt for dine sm\u00e5. Din lille vil kunne efterligne sit st\u00f8rste forbillede, sin mor. S\u00e6ttet er designet med sm\u00e5 b\u00f8rns h\u00e6nder i tankerne, og frav\u00e6ret af skarpe kanter g\u00f8r det helt sikkert for b\u00f8rn. <\/p>\n<p>Leget\u00f8jet er lavet af tr\u00e6 af h\u00f8j kvalitet, hvilket garanterer dets holdbarhed. De materialer og malinger, der er brugt i produktionen af leget\u00f8jet, er milj\u00f8venlige og helt sikre.<\/p>\n<p>Egenskaber:<\/p>\n<p>* &#8211; s\u00e6ttet indeholder 12 f\u00f8devarer,<br \/>\n* &#8211; fremstillet af materiale af h\u00f8j kvalitet,<br \/>\n* &#8211; malet med giftfri maling, der er sikker for b\u00f8rn. <\/p>\n<p>Leget\u00f8jet udvikler:<\/p>\n<p>* &#8211; motoriske f\u00e6rdigheder,<br \/>\n* &#8211; kreativitet,<br \/>\n* &#8211; fantasi.<\/p>\n","protected":false},"excerpt":{"rendered":"<p>Dette s\u00e6t med 12 f\u00f8devarer fra det kendte m\u00e6rke Viga vil v\u00e6re en fantastisk tilf\u00f8jelse til dit barns daglige leg. Det vil tilf\u00f8je variation til enhver leg derhjemme eller i butikken og give dit barn mulighed for at lege, at det er en rigtig husmor. Indk\u00f8b vil ikke l\u00e6ngere v\u00e6re et problem, men vil blive [&hellip;]<\/p>\n","protected":false},"featured_media":0,"comment_status":"open","ping_status":"closed","template":"","meta":[],"product_brand":[],"product_cat":[31],"product_tag":[],"class_list":{"0":"post-27324","1":"product","2":"type-product","3":"status-publish","5":"product_cat-uncategorized-da","7":"first","8":"instock","9":"shipping-taxable","10":"purchasable","11":"product-type-simple"},"_links":{"self":[{"href":"https:\/\/nordicmart.andreevmaster.com\/da\/wp-json\/wp\/v2\/product\/27324","targetHints":{"allow":["GET"]}}],"collection":[{"href":"https:\/\/nordicmart.andreevmaster.com\/da\/wp-json\/wp\/v2\/product"}],"about":[{"href":"https:\/\/nordicmart.andreevmaster.com\/da\/wp-json\/wp\/v2\/types\/product"}],"replies":[{"embeddable":true,"href":"https:\/\/nordicmart.andreevmaster.com\/da\/wp-json\/wp\/v2\/comments?post=27324"}],"wp:attachment":[{"href":"https:\/\/nordicmart.andreevmaster.com\/da\/wp-json\/wp\/v2\/media?parent=27324"}],"wp:term":[{"taxonomy":"product_brand","embeddable":true,"href":"https:\/\/nordicmart.andreevmaster.com\/da\/wp-json\/wp\/v2\/product_brand?post=27324"},{"taxonomy":"product_cat","embeddable":true,"href":"https:\/\/nordicmart.andreevmaster.com\/da\/wp-json\/wp\/v2\/product_cat?post=27324"},{"taxonomy":"product_tag","embeddable":true,"href":"https:\/\/nordicmart.andreevmaster.com\/da\/wp-json\/wp\/v2\/product_tag?post=27324"}],"curies":[{"name":"wp","href":"https:\/\/api.w.org\/{rel}","templated":true}]}}