{"id":27323,"date":"2026-02-27T00:36:29","date_gmt":"2026-02-27T00:36:29","guid":{"rendered":"https:\/\/nordicmart.andreevmaster.com\/product\/viga-traefrugt-og-grontsager-saet-med-10-kasser\/"},"modified":"2026-02-27T09:15:07","modified_gmt":"2026-02-27T09:15:07","slug":"viga-traefrugt-og-grontsager-saet-med-10-kasser","status":"publish","type":"product","link":"https:\/\/nordicmart.andreevmaster.com\/da\/vare\/viga-traefrugt-og-grontsager-saet-med-10-kasser\/","title":{"rendered":"VIGA Tr\u00e6frugt og gr\u00f8ntsager, s\u00e6t med 10 kasser"},"content":{"rendered":"<p>Tr\u00e6frugter og -gr\u00f8ntsager i kasser fra det kendte m\u00e6rke Viga er det perfekte produkt til dit barn. De 10 smukke tr\u00e6kasser indeholder p\u00e6rer, appelsiner, kiwier, guler\u00f8dder, svampe, citroner, \u00e6bler, hvidl\u00f8g, auberginer og bananer. Dette er et fantastisk produkt til at lege k\u00f8bmand eller gr\u00f8nthandler. Dit barn spiller rollen som s\u00e6lger, og du k\u00f8ber produkter af dem, og s\u00e5 bytter I roller! Under s\u00e5danne lege l\u00e6rer dit barn grundl\u00e6ggende matematik gennem t\u00e6lling og grundl\u00e6ggende forretningsforst\u00e5else. <\/p>\n<p>Leget\u00f8jet er lavet af tr\u00e6 af h\u00f8j kvalitet, hvilket garanterer dets holdbarhed. De materialer og malinger, der er brugt i produktionen af leget\u00f8jet, er milj\u00f8venlige og helt sikre.<\/p>\n<p>Egenskaber:<\/p>\n<p>* &#8211; s\u00e6ttet indeholder 10 kasser med 10 slags frugt og gr\u00f8ntsager: p\u00e6rer, appelsiner, kiwier, guler\u00f8dder, svampe, citroner, \u00e6bler, hvidl\u00f8g, auberginer og bananer<br \/>\n* &#8211; lavet af materiale af h\u00f8j kvalitet,<br \/>\n* &#8211; malet med giftfri maling, der er sikker for b\u00f8rn,<\/p>\n<p>Leget\u00f8jet udvikler:<\/p>\n<p>* &#8211; motoriske f\u00e6rdigheder,<br \/>\n* &#8211; logisk t\u00e6nkning,<br \/>\n* &#8211; kreativitet,<br \/>\n* &#8211; fantasi.<\/p>\n","protected":false},"excerpt":{"rendered":"<p>Tr\u00e6frugter og -gr\u00f8ntsager i kasser fra det kendte m\u00e6rke Viga er det perfekte produkt til dit barn. De 10 smukke tr\u00e6kasser indeholder p\u00e6rer, appelsiner, kiwier, guler\u00f8dder, svampe, citroner, \u00e6bler, hvidl\u00f8g, auberginer og bananer. Dette er et fantastisk produkt til at lege k\u00f8bmand eller gr\u00f8nthandler. Dit barn spiller rollen som s\u00e6lger, og du k\u00f8ber produkter af [&hellip;]<\/p>\n","protected":false},"featured_media":0,"comment_status":"open","ping_status":"closed","template":"","meta":[],"product_brand":[],"product_cat":[31],"product_tag":[],"class_list":{"0":"post-27323","1":"product","2":"type-product","3":"status-publish","5":"product_cat-uncategorized-da","7":"first","8":"instock","9":"shipping-taxable","10":"purchasable","11":"product-type-simple"},"_links":{"self":[{"href":"https:\/\/nordicmart.andreevmaster.com\/da\/wp-json\/wp\/v2\/product\/27323","targetHints":{"allow":["GET"]}}],"collection":[{"href":"https:\/\/nordicmart.andreevmaster.com\/da\/wp-json\/wp\/v2\/product"}],"about":[{"href":"https:\/\/nordicmart.andreevmaster.com\/da\/wp-json\/wp\/v2\/types\/product"}],"replies":[{"embeddable":true,"href":"https:\/\/nordicmart.andreevmaster.com\/da\/wp-json\/wp\/v2\/comments?post=27323"}],"wp:attachment":[{"href":"https:\/\/nordicmart.andreevmaster.com\/da\/wp-json\/wp\/v2\/media?parent=27323"}],"wp:term":[{"taxonomy":"product_brand","embeddable":true,"href":"https:\/\/nordicmart.andreevmaster.com\/da\/wp-json\/wp\/v2\/product_brand?post=27323"},{"taxonomy":"product_cat","embeddable":true,"href":"https:\/\/nordicmart.andreevmaster.com\/da\/wp-json\/wp\/v2\/product_cat?post=27323"},{"taxonomy":"product_tag","embeddable":true,"href":"https:\/\/nordicmart.andreevmaster.com\/da\/wp-json\/wp\/v2\/product_tag?post=27323"}],"curies":[{"name":"wp","href":"https:\/\/api.w.org\/{rel}","templated":true}]}}