{"id":27322,"date":"2026-02-27T00:36:29","date_gmt":"2026-02-27T00:36:29","guid":{"rendered":"https:\/\/nordicmart.andreevmaster.com\/product\/viga-traeskoleskab-med-tavle\/"},"modified":"2026-02-27T09:15:07","modified_gmt":"2026-02-27T09:15:07","slug":"viga-traeskoleskab-med-tavle","status":"publish","type":"product","link":"https:\/\/nordicmart.andreevmaster.com\/da\/vare\/viga-traeskoleskab-med-tavle\/","title":{"rendered":"Viga Tr\u00e6sk\u00f8leskab med tavle"},"content":{"rendered":"<p>Tilf\u00f8j et charmerende Viga k\u00f8leskab i tr\u00e6 til dit barns legekrog. Dette realistiske leget\u00f8j er en fantastisk m\u00e5de at udvikle fantasi og kreativitet p\u00e5, mens man leger hus. K\u00f8leskabet har to rum \u2013 en fryser og et k\u00f8leskab \u2013 s\u00e5 dit barn kan forestille sig at opbevare sine madvarer ved de rigtige temperaturer. Derudover er der en tavle p\u00e5 k\u00f8leskabsl\u00e5gen, hvor dit barn kan skrive indk\u00f8bslister eller tegne billeder.<\/p>\n<p>\u2705 Egenskaber:<\/p>\n<p>\u2714\ufe0f Leget\u00f8j til b\u00f8rn fra 3 \u00e5r. \u2714\ufe0f Fremstillet af h\u00f8jkvalitets, giftfri materialer, der er sikre for b\u00f8rn. \u2714\ufe0f K\u00f8leskabet giver b\u00f8rn mulighed for at lege kok og udvikle deres kreativitet. \u2714\ufe0f B\u00f8rn l\u00e6rer om opbevaring af mad. \u2714\ufe0f K\u00f8leskabet ser meget attraktivt ud og vil v\u00e6re en dekoration i ethvert b\u00f8rnek\u00f8kken.<\/p>\n","protected":false},"excerpt":{"rendered":"<p>Tilf\u00f8j et charmerende Viga k\u00f8leskab i tr\u00e6 til dit barns legekrog. Dette realistiske leget\u00f8j er en fantastisk m\u00e5de at udvikle fantasi og kreativitet p\u00e5, mens man leger hus. K\u00f8leskabet har to rum \u2013 en fryser og et k\u00f8leskab \u2013 s\u00e5 dit barn kan forestille sig at opbevare sine madvarer ved de rigtige temperaturer. Derudover er [&hellip;]<\/p>\n","protected":false},"featured_media":0,"comment_status":"open","ping_status":"closed","template":"","meta":[],"product_brand":[],"product_cat":[31],"product_tag":[],"class_list":{"0":"post-27322","1":"product","2":"type-product","3":"status-publish","5":"product_cat-uncategorized-da","7":"first","8":"instock","9":"shipping-taxable","10":"purchasable","11":"product-type-simple"},"_links":{"self":[{"href":"https:\/\/nordicmart.andreevmaster.com\/da\/wp-json\/wp\/v2\/product\/27322","targetHints":{"allow":["GET"]}}],"collection":[{"href":"https:\/\/nordicmart.andreevmaster.com\/da\/wp-json\/wp\/v2\/product"}],"about":[{"href":"https:\/\/nordicmart.andreevmaster.com\/da\/wp-json\/wp\/v2\/types\/product"}],"replies":[{"embeddable":true,"href":"https:\/\/nordicmart.andreevmaster.com\/da\/wp-json\/wp\/v2\/comments?post=27322"}],"wp:attachment":[{"href":"https:\/\/nordicmart.andreevmaster.com\/da\/wp-json\/wp\/v2\/media?parent=27322"}],"wp:term":[{"taxonomy":"product_brand","embeddable":true,"href":"https:\/\/nordicmart.andreevmaster.com\/da\/wp-json\/wp\/v2\/product_brand?post=27322"},{"taxonomy":"product_cat","embeddable":true,"href":"https:\/\/nordicmart.andreevmaster.com\/da\/wp-json\/wp\/v2\/product_cat?post=27322"},{"taxonomy":"product_tag","embeddable":true,"href":"https:\/\/nordicmart.andreevmaster.com\/da\/wp-json\/wp\/v2\/product_tag?post=27322"}],"curies":[{"name":"wp","href":"https:\/\/api.w.org\/{rel}","templated":true}]}}