{"id":27321,"date":"2026-02-27T00:36:28","date_gmt":"2026-02-27T00:36:28","guid":{"rendered":"https:\/\/nordicmart.andreevmaster.com\/product\/viga-2-i-1-laererigt-tavle-med-magnetisk-montessori-verdenskort\/"},"modified":"2026-02-27T09:15:07","modified_gmt":"2026-02-27T09:15:07","slug":"viga-2-i-1-laererigt-tavle-med-magnetisk-montessori-verdenskort","status":"publish","type":"product","link":"https:\/\/nordicmart.andreevmaster.com\/da\/vare\/viga-2-i-1-laererigt-tavle-med-magnetisk-montessori-verdenskort\/","title":{"rendered":"Viga 2-i-1 l\u00e6rerigt tavle med magnetisk Montessori-verdenskort"},"content":{"rendered":"<p>Viga 2-i-1 undervisningsbr\u00e6t med magnetisk verdenskort, der ogs\u00e5 kan bruges som tegnebr\u00e6t, er det perfekte leget\u00f8j til unge opdagelsesrejsende, der er nysgerrige efter verden! Dette smukt udformede br\u00e6t med magnetiske elementer kombinerer p\u00e6dagogisk v\u00e6rdi med sjov. Placer tr\u00e6elementerne \u2013 kontinenter, skibe, fly, raketter og dyr, der lever p\u00e5 havets bund. Kortet er m\u00e6rket p\u00e5 engelsk, hvilket er perfekt til at l\u00e6re sproget.<\/p>\n<p>Funktioner:<\/p>\n<p>* &#8211; tegnebr\u00e6t,<br \/>\n* &#8211; magnetiske elementer,<br \/>\n* &#8211; kort p\u00e5 engelsk,<br \/>\n* &#8211; indeholder 106 elementer,<br \/>\n* &#8211; har et h\u00e5ndtag til oph\u00e6ngning p\u00e5 v\u00e6ggen.<\/p>\n<p>Leget\u00f8jet udvikler:<\/p>\n<p>* &#8211; h\u00e5nd-\u00f8je-koordination,<br \/>\n* &#8211; fantasi,<br \/>\n* &#8211; fingerf\u00e6rdighed,<br \/>\n* &#8211; kreativitet.<\/p>\n","protected":false},"excerpt":{"rendered":"<p>Viga 2-i-1 undervisningsbr\u00e6t med magnetisk verdenskort, der ogs\u00e5 kan bruges som tegnebr\u00e6t, er det perfekte leget\u00f8j til unge opdagelsesrejsende, der er nysgerrige efter verden! Dette smukt udformede br\u00e6t med magnetiske elementer kombinerer p\u00e6dagogisk v\u00e6rdi med sjov. Placer tr\u00e6elementerne \u2013 kontinenter, skibe, fly, raketter og dyr, der lever p\u00e5 havets bund. Kortet er m\u00e6rket p\u00e5 engelsk, [&hellip;]<\/p>\n","protected":false},"featured_media":0,"comment_status":"open","ping_status":"closed","template":"","meta":[],"product_brand":[],"product_cat":[31],"product_tag":[],"class_list":{"0":"post-27321","1":"product","2":"type-product","3":"status-publish","5":"product_cat-uncategorized-da","7":"first","8":"instock","9":"shipping-taxable","10":"purchasable","11":"product-type-simple"},"_links":{"self":[{"href":"https:\/\/nordicmart.andreevmaster.com\/da\/wp-json\/wp\/v2\/product\/27321","targetHints":{"allow":["GET"]}}],"collection":[{"href":"https:\/\/nordicmart.andreevmaster.com\/da\/wp-json\/wp\/v2\/product"}],"about":[{"href":"https:\/\/nordicmart.andreevmaster.com\/da\/wp-json\/wp\/v2\/types\/product"}],"replies":[{"embeddable":true,"href":"https:\/\/nordicmart.andreevmaster.com\/da\/wp-json\/wp\/v2\/comments?post=27321"}],"wp:attachment":[{"href":"https:\/\/nordicmart.andreevmaster.com\/da\/wp-json\/wp\/v2\/media?parent=27321"}],"wp:term":[{"taxonomy":"product_brand","embeddable":true,"href":"https:\/\/nordicmart.andreevmaster.com\/da\/wp-json\/wp\/v2\/product_brand?post=27321"},{"taxonomy":"product_cat","embeddable":true,"href":"https:\/\/nordicmart.andreevmaster.com\/da\/wp-json\/wp\/v2\/product_cat?post=27321"},{"taxonomy":"product_tag","embeddable":true,"href":"https:\/\/nordicmart.andreevmaster.com\/da\/wp-json\/wp\/v2\/product_tag?post=27321"}],"curies":[{"name":"wp","href":"https:\/\/api.w.org\/{rel}","templated":true}]}}