{"id":27320,"date":"2026-02-27T00:36:28","date_gmt":"2026-02-27T00:36:28","guid":{"rendered":"https:\/\/nordicmart.andreevmaster.com\/product\/viga-teater-og-kobmandsbutik-2-i-1\/"},"modified":"2026-02-27T09:15:07","modified_gmt":"2026-02-27T09:15:07","slug":"viga-teater-og-kobmandsbutik-2-i-1","status":"publish","type":"product","link":"https:\/\/nordicmart.andreevmaster.com\/da\/vare\/viga-teater-og-kobmandsbutik-2-i-1\/","title":{"rendered":"VIGA Teater og k\u00f8bmandsbutik 2-i-1"},"content":{"rendered":"<p>Dette leget\u00f8j af h\u00f8j kvalitet fra Viga Toys kombinerer et teater og en k\u00f8bmandsbutik. Vend blot leget\u00f8jet, og du kan p\u00e5tage dig helt nye roller.<\/p>\n<p>Funktioner:<\/p>\n<p>* &#8211; teater og butik &#8211; 2-i-1,<br \/>\n* &#8211; n\u00e5r b\u00f8rnene leger teater, kan du rulle gardinet op og skrive titlen p\u00e5 eventyret p\u00e5 tavlen,* &#8211; n\u00e5r b\u00f8rnene leger butik, kan de skrive butikkens navn og priserne p\u00e5 tavlen,<br \/>\n* &#8211; butikken har hylder til forskellige f\u00f8devarer &#8211; s\u00e6lges separat.<\/p>\n<p>Leget\u00f8jet udvikler:<\/p>\n<p>* &#8211; fantasi,<br \/>\n* &#8211; kreativitet,<br \/>\n* &#8211; logisk t\u00e6nkning,<br \/>\n* &#8211; sociale f\u00e6rdigheder,<br \/>\n* &#8211; rollespil.<\/p>\n","protected":false},"excerpt":{"rendered":"<p>Dette leget\u00f8j af h\u00f8j kvalitet fra Viga Toys kombinerer et teater og en k\u00f8bmandsbutik. Vend blot leget\u00f8jet, og du kan p\u00e5tage dig helt nye roller. Funktioner: * &#8211; teater og butik &#8211; 2-i-1, * &#8211; n\u00e5r b\u00f8rnene leger teater, kan du rulle gardinet op og skrive titlen p\u00e5 eventyret p\u00e5 tavlen,* &#8211; n\u00e5r b\u00f8rnene leger [&hellip;]<\/p>\n","protected":false},"featured_media":0,"comment_status":"open","ping_status":"closed","template":"","meta":[],"product_brand":[],"product_cat":[31],"product_tag":[],"class_list":{"0":"post-27320","1":"product","2":"type-product","3":"status-publish","5":"product_cat-uncategorized-da","7":"first","8":"instock","9":"shipping-taxable","10":"purchasable","11":"product-type-simple"},"_links":{"self":[{"href":"https:\/\/nordicmart.andreevmaster.com\/da\/wp-json\/wp\/v2\/product\/27320","targetHints":{"allow":["GET"]}}],"collection":[{"href":"https:\/\/nordicmart.andreevmaster.com\/da\/wp-json\/wp\/v2\/product"}],"about":[{"href":"https:\/\/nordicmart.andreevmaster.com\/da\/wp-json\/wp\/v2\/types\/product"}],"replies":[{"embeddable":true,"href":"https:\/\/nordicmart.andreevmaster.com\/da\/wp-json\/wp\/v2\/comments?post=27320"}],"wp:attachment":[{"href":"https:\/\/nordicmart.andreevmaster.com\/da\/wp-json\/wp\/v2\/media?parent=27320"}],"wp:term":[{"taxonomy":"product_brand","embeddable":true,"href":"https:\/\/nordicmart.andreevmaster.com\/da\/wp-json\/wp\/v2\/product_brand?post=27320"},{"taxonomy":"product_cat","embeddable":true,"href":"https:\/\/nordicmart.andreevmaster.com\/da\/wp-json\/wp\/v2\/product_cat?post=27320"},{"taxonomy":"product_tag","embeddable":true,"href":"https:\/\/nordicmart.andreevmaster.com\/da\/wp-json\/wp\/v2\/product_tag?post=27320"}],"curies":[{"name":"wp","href":"https:\/\/api.w.org\/{rel}","templated":true}]}}