{"id":27319,"date":"2026-02-27T00:36:28","date_gmt":"2026-02-27T00:36:28","guid":{"rendered":"https:\/\/nordicmart.andreevmaster.com\/product\/viga-polarb-trae-ride-on-brun-bjorn-blode-hjul\/"},"modified":"2026-02-27T09:15:07","modified_gmt":"2026-02-27T09:15:07","slug":"viga-polarb-trae-ride-on-brun-bjorn-blode-hjul","status":"publish","type":"product","link":"https:\/\/nordicmart.andreevmaster.com\/da\/vare\/viga-polarb-trae-ride-on-brun-bjorn-blode-hjul\/","title":{"rendered":"VIGA PolarB Tr\u00e6-ride-on Brun bj\u00f8rn Bl\u00f8de hjul"},"content":{"rendered":"<p>Tr\u00e6-trehjulet ride-on leget\u00f8j med en brun bj\u00f8rn \u2013 sikker og aktiv sjov!<\/p>\n<p>Tr\u00e6-trehjulet cykel fra VIGA&#8217;s PolarB-serie er et robust og attraktivt k\u00f8ret\u00f8j designet til de yngste b\u00f8rn. Fremstillet af holdbart tr\u00e6, med et rat i form af en s\u00f8d bj\u00f8rn, imponerer den med sit udseende og funktionalitet. Den har en styrel\u00e5s, et ekstra beskyttelsesbr\u00e6t og fire st\u00f8jsvage EVA-hjul, der er perfekte til b\u00e5de indend\u00f8rs og udend\u00f8rs brug.<\/p>\n<p>### Egenskaber:<\/p>\n<p>\u2714\ufe0f Leget\u00f8j til b\u00f8rn fra 12 m\u00e5neder<\/p>\n<p>\u2714\ufe0f Trehjulet design for st\u00f8rre stabilitet<\/p>\n<p>\u2714\ufe0f Sikker rattesp\u00e6rre forhindrer pludselige sving<\/p>\n<p>\u2714\ufe0f Rygl\u00e6n forhindrer brugeren i at glide bagud<\/p>\n<p>\u2714\ufe0f EVA-hjul \u2013 st\u00f8jsvage, holdbare og ridser ikke gulvet<\/p>\n<p>\u2714\ufe0f Naturligt design og venligt udseende som en bamse<\/p>\n<p>### Leget\u00f8jet underst\u00f8tter udviklingen:<\/p>\n<p>\u2714\ufe0f Motorisk koordination og balance<\/p>\n<p>\u2714\ufe0f Grovmotoriske f\u00e6rdigheder<br \/>\n\u2714\ufe0f Motorisk koordination og balance<br \/>\n\u2714\ufe0f Selvtillid under de f\u00f8rste fors\u00f8g p\u00e5 at k\u00f8re<\/p>\n","protected":false},"excerpt":{"rendered":"<p>Tr\u00e6-trehjulet ride-on leget\u00f8j med en brun bj\u00f8rn \u2013 sikker og aktiv sjov! Tr\u00e6-trehjulet cykel fra VIGA&#8217;s PolarB-serie er et robust og attraktivt k\u00f8ret\u00f8j designet til de yngste b\u00f8rn. Fremstillet af holdbart tr\u00e6, med et rat i form af en s\u00f8d bj\u00f8rn, imponerer den med sit udseende og funktionalitet. Den har en styrel\u00e5s, et ekstra beskyttelsesbr\u00e6t [&hellip;]<\/p>\n","protected":false},"featured_media":0,"comment_status":"open","ping_status":"closed","template":"","meta":[],"product_brand":[],"product_cat":[31],"product_tag":[],"class_list":{"0":"post-27319","1":"product","2":"type-product","3":"status-publish","5":"product_cat-uncategorized-da","7":"first","8":"instock","9":"shipping-taxable","10":"purchasable","11":"product-type-simple"},"_links":{"self":[{"href":"https:\/\/nordicmart.andreevmaster.com\/da\/wp-json\/wp\/v2\/product\/27319","targetHints":{"allow":["GET"]}}],"collection":[{"href":"https:\/\/nordicmart.andreevmaster.com\/da\/wp-json\/wp\/v2\/product"}],"about":[{"href":"https:\/\/nordicmart.andreevmaster.com\/da\/wp-json\/wp\/v2\/types\/product"}],"replies":[{"embeddable":true,"href":"https:\/\/nordicmart.andreevmaster.com\/da\/wp-json\/wp\/v2\/comments?post=27319"}],"wp:attachment":[{"href":"https:\/\/nordicmart.andreevmaster.com\/da\/wp-json\/wp\/v2\/media?parent=27319"}],"wp:term":[{"taxonomy":"product_brand","embeddable":true,"href":"https:\/\/nordicmart.andreevmaster.com\/da\/wp-json\/wp\/v2\/product_brand?post=27319"},{"taxonomy":"product_cat","embeddable":true,"href":"https:\/\/nordicmart.andreevmaster.com\/da\/wp-json\/wp\/v2\/product_cat?post=27319"},{"taxonomy":"product_tag","embeddable":true,"href":"https:\/\/nordicmart.andreevmaster.com\/da\/wp-json\/wp\/v2\/product_tag?post=27319"}],"curies":[{"name":"wp","href":"https:\/\/api.w.org\/{rel}","templated":true}]}}