{"id":27318,"date":"2026-02-27T00:36:27","date_gmt":"2026-02-27T00:36:27","guid":{"rendered":"https:\/\/nordicmart.andreevmaster.com\/product\/viga-traeskubbelegetoj-med-byggeklodser\/"},"modified":"2026-02-27T09:15:06","modified_gmt":"2026-02-27T09:15:06","slug":"viga-traeskubbelegetoj-med-byggeklodser","status":"publish","type":"product","link":"https:\/\/nordicmart.andreevmaster.com\/da\/vare\/viga-traeskubbelegetoj-med-byggeklodser\/","title":{"rendered":"Viga tr\u00e6skubbeleget\u00f8j med byggeklodser"},"content":{"rendered":"<p>Oplev gl\u00e6den ved de f\u00f8rste skridt med vores yndige skubbeleget\u00f8j i form af en krokodille! Dette multifunktionelle leget\u00f8j er den perfekte ledsager til dit barns udvikling. Den stabile konstruktion og det komfortable h\u00e5ndtag giver sikker st\u00f8tte, mens barnet l\u00e6rer at g\u00e5, og s\u00e6ttet med farverige klodser inde i g\u00e5vognen fremmer kreativ leg og udvikling af motoriske f\u00e6rdigheder. <\/p>\n<p>\u2705 Egenskaber: <\/p>\n<p>\u2714\ufe0f Sikker og stabil \u2013 den solide tr\u00e6konstruktion giver sikker st\u00f8tte til sm\u00e5 f\u00f8dder. \u2714\ufe0f Behageligt h\u00e5ndtag \u2013 passer perfekt til sm\u00e5 h\u00e6nder og hj\u00e6lper med at opretholde balancen. \u2714\ufe0f Farverige klodser medf\u00f8lger \u2013 en r\u00e6kke forskellige former og pastelfarver tilskynder til kreativ leg. \u2714\ufe0f Stille gummihjul \u2013 sikre for gulve og sikrer en j\u00e6vn og behagelig k\u00f8rsel. \u2714\ufe0f S\u00f8dt krokodilledesign \u2013 pastelfarver og en sjov form vil f\u00e5 din lille til at elske det!<\/p>\n<p>\u2705 Leget\u00f8jet udvikler:<\/p>\n<p>\u2714\ufe0f Kreativitet \u2013 klodserne hj\u00e6lper b\u00f8rn med at l\u00e6re farver og former og udvikle manuelle f\u00e6rdigheder. \u2714\ufe0f St\u00f8tter l\u00e6ring af at g\u00e5 \u2013 hj\u00e6lper dit barn med at f\u00e5 selvtillid, n\u00e5r det tager sine f\u00f8rste skridt. \u2714\ufe0f Multifunktionelt \u2013 kan bruges som g\u00e5vogn, skubbeleget\u00f8j og opbevaringsboks til leget\u00f8j og klodser. \u2714\ufe0f Holdbarhed og sikkerhed \u2013 fremstillet af naturligt, giftfrit tr\u00e6, opfylder de h\u00f8jeste standarder.<\/p>\n","protected":false},"excerpt":{"rendered":"<p>Oplev gl\u00e6den ved de f\u00f8rste skridt med vores yndige skubbeleget\u00f8j i form af en krokodille! Dette multifunktionelle leget\u00f8j er den perfekte ledsager til dit barns udvikling. Den stabile konstruktion og det komfortable h\u00e5ndtag giver sikker st\u00f8tte, mens barnet l\u00e6rer at g\u00e5, og s\u00e6ttet med farverige klodser inde i g\u00e5vognen fremmer kreativ leg og udvikling af [&hellip;]<\/p>\n","protected":false},"featured_media":0,"comment_status":"open","ping_status":"closed","template":"","meta":[],"product_brand":[],"product_cat":[31],"product_tag":[],"class_list":{"0":"post-27318","1":"product","2":"type-product","3":"status-publish","5":"product_cat-uncategorized-da","7":"first","8":"instock","9":"shipping-taxable","10":"purchasable","11":"product-type-simple"},"_links":{"self":[{"href":"https:\/\/nordicmart.andreevmaster.com\/da\/wp-json\/wp\/v2\/product\/27318","targetHints":{"allow":["GET"]}}],"collection":[{"href":"https:\/\/nordicmart.andreevmaster.com\/da\/wp-json\/wp\/v2\/product"}],"about":[{"href":"https:\/\/nordicmart.andreevmaster.com\/da\/wp-json\/wp\/v2\/types\/product"}],"replies":[{"embeddable":true,"href":"https:\/\/nordicmart.andreevmaster.com\/da\/wp-json\/wp\/v2\/comments?post=27318"}],"wp:attachment":[{"href":"https:\/\/nordicmart.andreevmaster.com\/da\/wp-json\/wp\/v2\/media?parent=27318"}],"wp:term":[{"taxonomy":"product_brand","embeddable":true,"href":"https:\/\/nordicmart.andreevmaster.com\/da\/wp-json\/wp\/v2\/product_brand?post=27318"},{"taxonomy":"product_cat","embeddable":true,"href":"https:\/\/nordicmart.andreevmaster.com\/da\/wp-json\/wp\/v2\/product_cat?post=27318"},{"taxonomy":"product_tag","embeddable":true,"href":"https:\/\/nordicmart.andreevmaster.com\/da\/wp-json\/wp\/v2\/product_tag?post=27318"}],"curies":[{"name":"wp","href":"https:\/\/api.w.org\/{rel}","templated":true}]}}