{"id":27317,"date":"2026-02-27T00:36:27","date_gmt":"2026-02-27T00:36:27","guid":{"rendered":"https:\/\/nordicmart.andreevmaster.com\/product\/viga-paedagogisk-legesaet-fra-36-maneder\/"},"modified":"2026-02-27T09:15:06","modified_gmt":"2026-02-27T09:15:06","slug":"viga-paedagogisk-legesaet-fra-36-maneder","status":"publish","type":"product","link":"https:\/\/nordicmart.andreevmaster.com\/da\/vare\/viga-paedagogisk-legesaet-fra-36-maneder\/","title":{"rendered":"VIGA P\u00e6dagogisk leges\u00e6t fra 36 m\u00e5neder"},"content":{"rendered":"<p>Free Spirits (36M+) er et s\u00e6t designet til b\u00f8rn, der er ved at tr\u00e6de ind i den sp\u00e6ndende fase, hvor de opdager verden. I en alder af tre begynder sproget at udvikle sig, og nysgerrigheden og uafh\u00e6ngigheden vokser. Leget\u00f8jet i denne serie indeholder \u00e5bne materialer og spil, der giver b\u00f8rnene mulighed for at udvikle deres fantasi, kreativitet og f\u00f8lelsesm\u00e6ssige intelligens samt forst\u00e5 verden gennem leg.<\/p>\n<p>Egenskaber<\/p>\n<p>* beregnet til b\u00f8rn over 36 m\u00e5neder<br \/>\n* emballage: farverig kasse<br \/>\n* underst\u00f8tter udviklingen af sociale og f\u00f8lelsesm\u00e6ssige f\u00e6rdigheder<br \/>\n* Stimulerer kreativitet og fantasi<br \/>\n* fremstillet af milj\u00f8venlige materialer<br \/>\n* udvikler sensoriske og motoriske f\u00e6rdigheder<br \/>\n* fremmer selvst\u00e6ndig leg og udforskning<br \/>\n* engagerer b\u00f8rn i en r\u00e6kke forskellige aktiviteter<\/p>\n<p>S\u00e6ttet indeholder<\/p>\n<p>* et ber\u00f8ringsbr\u00e6t \u2013 best\u00e5ende af 8 forskellige teksturer, der giver sensorisk stimulering og giver b\u00f8rn mulighed for at identificere glatte og ru overflader gennem ber\u00f8ring<br \/>\n* cirkul\u00e6re puslespil \u2013 udvikler kreativitet og logiske t\u00e6nkeevner, og opmuntrer b\u00f8rn til at skabe forskellige m\u00f8nstre<br \/>\n* mini-labyrint \u2013 kr\u00e6ver pr\u00e6cise bev\u00e6gelser og t\u00e5lmodighed og hj\u00e6lper b\u00f8rn med at forbedre deres manuelle f\u00e6rdigheder, n\u00e5r de pr\u00f8ver at f\u00e5 alle st\u00e5lkuglerne ned i hullerne<br \/>\n* hukommelsesspil \u2013 underst\u00f8tter kognitiv udvikling, koncentration, kreativitet og probleml\u00f8sningsf\u00e6rdigheder, med en medf\u00f8lgende bomuldspose til nem opbevaring<br \/>\n* tr\u00e6bog (f\u00f8lelser) \u2013 introducerer b\u00f8rn til f\u00f8lelsernes verden og l\u00e6rer dem om 8 grundl\u00e6ggende f\u00f8lelser: ro, gl\u00e6de, tristhed, vrede, k\u00e6rlighed, frygt, overraskelse og tr\u00e6thed<br \/>\n* farverige sten \u2013 giver b\u00f8rnene mulighed for at lege kreativt ved at balancere og bygge, samt introducerer dem til verden af br\u00f8ker og farver<\/p>\n<p>Leget\u00f8jet udvikler<\/p>\n<p>* sociale f\u00e6rdigheder<br \/>\n* kreativitet og fantasi<br \/>\n* f\u00f8lelsesm\u00e6ssig intelligens<br \/>\n* finmotorik<br \/>\n* koncentration og t\u00e5lmodighed<\/p>\n","protected":false},"excerpt":{"rendered":"<p>Free Spirits (36M+) er et s\u00e6t designet til b\u00f8rn, der er ved at tr\u00e6de ind i den sp\u00e6ndende fase, hvor de opdager verden. I en alder af tre begynder sproget at udvikle sig, og nysgerrigheden og uafh\u00e6ngigheden vokser. Leget\u00f8jet i denne serie indeholder \u00e5bne materialer og spil, der giver b\u00f8rnene mulighed for at udvikle deres [&hellip;]<\/p>\n","protected":false},"featured_media":0,"comment_status":"open","ping_status":"closed","template":"","meta":[],"product_brand":[],"product_cat":[31],"product_tag":[],"class_list":{"0":"post-27317","1":"product","2":"type-product","3":"status-publish","5":"product_cat-uncategorized-da","7":"first","8":"instock","9":"shipping-taxable","10":"purchasable","11":"product-type-simple"},"_links":{"self":[{"href":"https:\/\/nordicmart.andreevmaster.com\/da\/wp-json\/wp\/v2\/product\/27317","targetHints":{"allow":["GET"]}}],"collection":[{"href":"https:\/\/nordicmart.andreevmaster.com\/da\/wp-json\/wp\/v2\/product"}],"about":[{"href":"https:\/\/nordicmart.andreevmaster.com\/da\/wp-json\/wp\/v2\/types\/product"}],"replies":[{"embeddable":true,"href":"https:\/\/nordicmart.andreevmaster.com\/da\/wp-json\/wp\/v2\/comments?post=27317"}],"wp:attachment":[{"href":"https:\/\/nordicmart.andreevmaster.com\/da\/wp-json\/wp\/v2\/media?parent=27317"}],"wp:term":[{"taxonomy":"product_brand","embeddable":true,"href":"https:\/\/nordicmart.andreevmaster.com\/da\/wp-json\/wp\/v2\/product_brand?post=27317"},{"taxonomy":"product_cat","embeddable":true,"href":"https:\/\/nordicmart.andreevmaster.com\/da\/wp-json\/wp\/v2\/product_cat?post=27317"},{"taxonomy":"product_tag","embeddable":true,"href":"https:\/\/nordicmart.andreevmaster.com\/da\/wp-json\/wp\/v2\/product_tag?post=27317"}],"curies":[{"name":"wp","href":"https:\/\/api.w.org\/{rel}","templated":true}]}}