{"id":27316,"date":"2026-02-27T00:36:27","date_gmt":"2026-02-27T00:36:27","guid":{"rendered":"https:\/\/nordicmart.andreevmaster.com\/product\/viga-paedagogisk-legetojssaet-fra-24-maneder-til-36-maneder\/"},"modified":"2026-02-27T09:15:06","modified_gmt":"2026-02-27T09:15:06","slug":"viga-paedagogisk-legetojssaet-fra-24-maneder-til-36-maneder","status":"publish","type":"product","link":"https:\/\/nordicmart.andreevmaster.com\/da\/vare\/viga-paedagogisk-legetojssaet-fra-24-maneder-til-36-maneder\/","title":{"rendered":"VIGA P\u00e6dagogisk leget\u00f8jss\u00e6t Fra 24 m\u00e5neder til 36 m\u00e5neder"},"content":{"rendered":"<p>Little Thinkers (24-36M) er et p\u00e6dagogisk s\u00e6t, der giver sm\u00e5b\u00f8rn nye kognitive udfordringer inden for rumlig t\u00e6nkning og m\u00f8nstergenkendelse. Takket v\u00e6re leget\u00f8jet i s\u00e6ttet kan b\u00f8rn forbedre deres bev\u00e6gelsespr\u00e6cision, l\u00e6re grundl\u00e6ggende geometri og udvikle probleml\u00f8sningsf\u00e6rdigheder. Ideelt til sm\u00e5 opdagelsesrejsende, der er klar til mere avancerede opgaver. <\/p>\n<p>Funktioner <\/p>\n<p>* designet til b\u00f8rn i alderen 24-36 m\u00e5neder<br \/>\n* St\u00f8tter udviklingen af finmotorik, logisk t\u00e6nkning og m\u00f8nstergenkendelse<br \/>\n* Ideel til at l\u00e6re at t\u00e6lle, sortere og genkende former<br \/>\n* tr\u00e6elementer med sikre kanter<br \/>\n* praktisk kasse med h\u00e5ndtag til opbevaring og transport<\/p>\n<p>S\u00e6ttet indeholder<\/p>\n<p>* puslespilblokke \u2013 giver b\u00f8rnene mulighed for at \u00f8ve sig i at matche blokke og finde m\u00f8nstre, hvilket udvikler logisk t\u00e6nkning og finmotorik<br \/>\n* magnetisk pindsvinelabyrint \u2013 et leget\u00f8j, der underst\u00f8tter h\u00e5nd-\u00f8je-koordination og pr\u00e6cise bev\u00e6gelser, s\u00e5 barnet kan manipulere perler med en magnetisk pen<br \/>\n* tr\u00e6bog (k\u00f8ret\u00f8jer) \u2013 bogen l\u00e6rer b\u00f8rn om forskellige transportmidler, s\u00e5som cykler, balloner, fly og skolebusser<br \/>\n* frugtsk\u00e6ringss\u00e6t \u2013 tr\u00e6frugter til sk\u00e6ring, ideelt til at l\u00e6re h\u00e5nd-\u00f8je-koordination og udvikle sociale f\u00e6rdigheder gennem rollespil<br \/>\n* talpuslespil \u2013 et s\u00e6t til at l\u00e6re at t\u00e6lle fra 1 til 10 og udvikle f\u00e6rdigheder i talr\u00e6kkef\u00f8lge og m\u00e6ngdeerkendelse<br \/>\n* geometrisk labyrintpuslespil \u2013 et leget\u00f8j, der l\u00e6rer form- og farvegenkendelse og underst\u00f8tter probleml\u00f8sning og rumlige f\u00e6rdigheder<\/p>\n<p>Leget\u00f8jet udvikler<\/p>\n<p>* finmotorik<br \/>\n* form- og farvegenkendelse<br \/>\n* probleml\u00f8sningsf\u00e6rdigheder<br \/>\n* h\u00e5nd-\u00f8je-koordination<br \/>\n* at l\u00e6re at t\u00e6lle<\/p>\n","protected":false},"excerpt":{"rendered":"<p>Little Thinkers (24-36M) er et p\u00e6dagogisk s\u00e6t, der giver sm\u00e5b\u00f8rn nye kognitive udfordringer inden for rumlig t\u00e6nkning og m\u00f8nstergenkendelse. Takket v\u00e6re leget\u00f8jet i s\u00e6ttet kan b\u00f8rn forbedre deres bev\u00e6gelsespr\u00e6cision, l\u00e6re grundl\u00e6ggende geometri og udvikle probleml\u00f8sningsf\u00e6rdigheder. Ideelt til sm\u00e5 opdagelsesrejsende, der er klar til mere avancerede opgaver. Funktioner * designet til b\u00f8rn i alderen 24-36 m\u00e5neder [&hellip;]<\/p>\n","protected":false},"featured_media":0,"comment_status":"open","ping_status":"closed","template":"","meta":[],"product_brand":[],"product_cat":[31],"product_tag":[],"class_list":{"0":"post-27316","1":"product","2":"type-product","3":"status-publish","5":"product_cat-uncategorized-da","7":"first","8":"instock","9":"shipping-taxable","10":"purchasable","11":"product-type-simple"},"_links":{"self":[{"href":"https:\/\/nordicmart.andreevmaster.com\/da\/wp-json\/wp\/v2\/product\/27316","targetHints":{"allow":["GET"]}}],"collection":[{"href":"https:\/\/nordicmart.andreevmaster.com\/da\/wp-json\/wp\/v2\/product"}],"about":[{"href":"https:\/\/nordicmart.andreevmaster.com\/da\/wp-json\/wp\/v2\/types\/product"}],"replies":[{"embeddable":true,"href":"https:\/\/nordicmart.andreevmaster.com\/da\/wp-json\/wp\/v2\/comments?post=27316"}],"wp:attachment":[{"href":"https:\/\/nordicmart.andreevmaster.com\/da\/wp-json\/wp\/v2\/media?parent=27316"}],"wp:term":[{"taxonomy":"product_brand","embeddable":true,"href":"https:\/\/nordicmart.andreevmaster.com\/da\/wp-json\/wp\/v2\/product_brand?post=27316"},{"taxonomy":"product_cat","embeddable":true,"href":"https:\/\/nordicmart.andreevmaster.com\/da\/wp-json\/wp\/v2\/product_cat?post=27316"},{"taxonomy":"product_tag","embeddable":true,"href":"https:\/\/nordicmart.andreevmaster.com\/da\/wp-json\/wp\/v2\/product_tag?post=27316"}],"curies":[{"name":"wp","href":"https:\/\/api.w.org\/{rel}","templated":true}]}}