{"id":27315,"date":"2026-02-27T00:36:27","date_gmt":"2026-02-27T00:36:27","guid":{"rendered":"https:\/\/nordicmart.andreevmaster.com\/product\/viga-paedagogisk-legetojssaet-fra-18-maneder-til-24-maneder\/"},"modified":"2026-02-27T09:15:06","modified_gmt":"2026-02-27T09:15:06","slug":"viga-paedagogisk-legetojssaet-fra-18-maneder-til-24-maneder","status":"publish","type":"product","link":"https:\/\/nordicmart.andreevmaster.com\/da\/vare\/viga-paedagogisk-legetojssaet-fra-18-maneder-til-24-maneder\/","title":{"rendered":"VIGA P\u00e6dagogisk leget\u00f8jss\u00e6t fra 18 m\u00e5neder til 24 m\u00e5neder"},"content":{"rendered":"<p>Colour Crafters (18-24M) er et s\u00e6t, der introducerer sm\u00e5b\u00f8rn til rytme, farver og former, samtidig med at det udvikler deres fingerf\u00e6rdighed og probleml\u00f8sningsevner. Leget\u00f8jet i s\u00e6ttet byder p\u00e5 nye udfordringer, hj\u00e6lper med at l\u00e6re motorisk koordination og giver en tidlig introduktion til fysikkens grundl\u00e6ggende principper. Ideelt til b\u00f8rn, der opdager verden omkring sig gennem leg, bygning og udforskning.<\/p>\n<p>Egenskaber<\/p>\n<p>* designet til b\u00f8rn i alderen 18-24 m\u00e5neder<br \/>\n* St\u00f8tter udviklingen af finmotorik og h\u00e5nd-\u00f8je-koordination<br \/>\n* hj\u00e6lper med at l\u00e6re at genkende former, farver og lyde<br \/>\n* indeholder holdbare tr\u00e6elementer med sikre, afrundede kanter<br \/>\n* kasse med h\u00e5ndtag for nem opbevaring og transport<\/p>\n<p>S\u00e6ttet indeholder<\/p>\n<p>* xylofon \u2013 det perfekte f\u00f8rste musikinstrument, der underst\u00f8tter udviklingen af h\u00f8relsen og interessen for musik<br \/>\n* rutsjebane med leget\u00f8jsbiler \u2013 et leget\u00f8j, der udvikler h\u00e5nd-\u00f8je-koordinationen og sporingsf\u00e6rdighederne og giver timevis af sjov<br \/>\n* blokpuslespil \u2013 tr\u00e6klodser til genkendelse af former og l\u00e6ring af begrebet dele og helheder<br \/>\n* tr\u00e6bog (frugt) \u2013 en farverig bog, der l\u00e6rer om de vigtigste frugter, s\u00e5som bananer, p\u00e6rer, vandmeloner og \u00e6bler<br \/>\n* skruer og m\u00f8trikker \u2013 et fantastisk redskab til at udvikle fingerf\u00e6rdighed og probleml\u00f8sningsevner<br \/>\n* tr\u00e5dsn\u00f8ringsspil \u2013 en aktivitet, der underst\u00f8tter udviklingen af finmotorik og pr\u00e6cision, som er vigtig for senere f\u00e6rdigheder s\u00e5som at skrive eller binde sko<\/p>\n<p>Leget\u00f8jet udvikler<\/p>\n<p>* h\u00e5nd-\u00f8je-koordination<br \/>\n* genkendelse af former og farver<br \/>\n* finmotorik<br \/>\n* logiske t\u00e6nkeevner<\/p>\n","protected":false},"excerpt":{"rendered":"<p>Colour Crafters (18-24M) er et s\u00e6t, der introducerer sm\u00e5b\u00f8rn til rytme, farver og former, samtidig med at det udvikler deres fingerf\u00e6rdighed og probleml\u00f8sningsevner. Leget\u00f8jet i s\u00e6ttet byder p\u00e5 nye udfordringer, hj\u00e6lper med at l\u00e6re motorisk koordination og giver en tidlig introduktion til fysikkens grundl\u00e6ggende principper. Ideelt til b\u00f8rn, der opdager verden omkring sig gennem leg, [&hellip;]<\/p>\n","protected":false},"featured_media":0,"comment_status":"open","ping_status":"closed","template":"","meta":[],"product_brand":[],"product_cat":[31],"product_tag":[],"class_list":{"0":"post-27315","1":"product","2":"type-product","3":"status-publish","5":"product_cat-uncategorized-da","7":"first","8":"instock","9":"shipping-taxable","10":"purchasable","11":"product-type-simple"},"_links":{"self":[{"href":"https:\/\/nordicmart.andreevmaster.com\/da\/wp-json\/wp\/v2\/product\/27315","targetHints":{"allow":["GET"]}}],"collection":[{"href":"https:\/\/nordicmart.andreevmaster.com\/da\/wp-json\/wp\/v2\/product"}],"about":[{"href":"https:\/\/nordicmart.andreevmaster.com\/da\/wp-json\/wp\/v2\/types\/product"}],"replies":[{"embeddable":true,"href":"https:\/\/nordicmart.andreevmaster.com\/da\/wp-json\/wp\/v2\/comments?post=27315"}],"wp:attachment":[{"href":"https:\/\/nordicmart.andreevmaster.com\/da\/wp-json\/wp\/v2\/media?parent=27315"}],"wp:term":[{"taxonomy":"product_brand","embeddable":true,"href":"https:\/\/nordicmart.andreevmaster.com\/da\/wp-json\/wp\/v2\/product_brand?post=27315"},{"taxonomy":"product_cat","embeddable":true,"href":"https:\/\/nordicmart.andreevmaster.com\/da\/wp-json\/wp\/v2\/product_cat?post=27315"},{"taxonomy":"product_tag","embeddable":true,"href":"https:\/\/nordicmart.andreevmaster.com\/da\/wp-json\/wp\/v2\/product_tag?post=27315"}],"curies":[{"name":"wp","href":"https:\/\/api.w.org\/{rel}","templated":true}]}}