{"id":27314,"date":"2026-02-27T00:36:26","date_gmt":"2026-02-27T00:36:26","guid":{"rendered":"https:\/\/nordicmart.andreevmaster.com\/product\/viga-paedagogisk-legetojssaet-fra-12-til-18-maneder\/"},"modified":"2026-02-27T09:15:06","modified_gmt":"2026-02-27T09:15:06","slug":"viga-paedagogisk-legetojssaet-fra-12-til-18-maneder","status":"publish","type":"product","link":"https:\/\/nordicmart.andreevmaster.com\/da\/vare\/viga-paedagogisk-legetojssaet-fra-12-til-18-maneder\/","title":{"rendered":"VIGA P\u00e6dagogisk leget\u00f8jss\u00e6t fra 12 til 18 m\u00e5neder"},"content":{"rendered":"<p>Motion Masters (12-18M) er et s\u00e6t designet til at st\u00f8tte babyer i deres naturlige motoriske og kognitive udvikling. Takket v\u00e6re en r\u00e6kke forskellige leget\u00f8jsartikler \u00f8ver b\u00f8rnene deres koordination, udvikler finger- og h\u00e5ndmotorik og l\u00e6rer at genkende former og farver. Farverige elementer og tr\u00e6dyr v\u00e6kker nysgerrigheden og opmuntrer til at opdage nye f\u00e6rdigheder hver dag.<\/p>\n<p>Egenskaber<\/p>\n<p>* s\u00e6t egnet til b\u00f8rn i alderen 12-18 m\u00e5neder<br \/>\n* underst\u00f8tter udviklingen af h\u00e5nd-\u00f8je-koordination og finmotorik<br \/>\n* tr\u00e6elementer med sikre kanter og holdbar konstruktion<br \/>\n* Farverige m\u00f8nstre og enkle former letter l\u00e6ring gennem leg<br \/>\n* emballage i form af en kasse med h\u00e5ndtag, ideel til en gave<\/p>\n<p>S\u00e6ttet indeholder<\/p>\n<p>* tr\u00e6hammerspil \u2013 en farverig b\u00e6nk med 6 pinde og en hammer, der udvikler h\u00e5ndledsfleksibilitet og motorisk koordination<br \/>\n* formssorteringspyramide \u2013 5 klodser til at stable, som hj\u00e6lper med at forst\u00e5 begreberne st\u00f8rrelse og antal<br \/>\n* motorisk l\u00f8kke med perler \u2013 tr\u00e6perler p\u00e5 tr\u00e5de, ideel til at udvikle fingerf\u00e6rdighed og koordination af begge h\u00e6nder<br \/>\n* geometrisk puslespil \u2013 store klodser med h\u00e5ndtag, som hj\u00e6lper med at genkende grundl\u00e6ggende former og farver<br \/>\n* tr\u00e6bog \u2013 en lille bog med billeder af dyr, ideel til de f\u00f8rste fors\u00f8g p\u00e5 at l\u00e6se<br \/>\n* Tr\u00e6kleget\u00f8j med isbj\u00f8rn \u2013 et s\u00f8dt leget\u00f8j, der udvikler grovmotoriske f\u00e6rdigheder og tilskynder til at g\u00e5<\/p>\n<p>Leget\u00f8jet udvikler<\/p>\n<p>* fin- og grovmotoriske f\u00e6rdigheder<br \/>\n* h\u00e5nd-\u00f8je-koordination<br \/>\n* genkendelse af former og farver<br \/>\n* fingerf\u00e6rdighed og pr\u00e6cision<\/p>\n","protected":false},"excerpt":{"rendered":"<p>Motion Masters (12-18M) er et s\u00e6t designet til at st\u00f8tte babyer i deres naturlige motoriske og kognitive udvikling. Takket v\u00e6re en r\u00e6kke forskellige leget\u00f8jsartikler \u00f8ver b\u00f8rnene deres koordination, udvikler finger- og h\u00e5ndmotorik og l\u00e6rer at genkende former og farver. Farverige elementer og tr\u00e6dyr v\u00e6kker nysgerrigheden og opmuntrer til at opdage nye f\u00e6rdigheder hver dag. Egenskaber [&hellip;]<\/p>\n","protected":false},"featured_media":0,"comment_status":"open","ping_status":"closed","template":"","meta":[],"product_brand":[],"product_cat":[31],"product_tag":[],"class_list":{"0":"post-27314","1":"product","2":"type-product","3":"status-publish","5":"product_cat-uncategorized-da","7":"first","8":"instock","9":"shipping-taxable","10":"purchasable","11":"product-type-simple"},"_links":{"self":[{"href":"https:\/\/nordicmart.andreevmaster.com\/da\/wp-json\/wp\/v2\/product\/27314","targetHints":{"allow":["GET"]}}],"collection":[{"href":"https:\/\/nordicmart.andreevmaster.com\/da\/wp-json\/wp\/v2\/product"}],"about":[{"href":"https:\/\/nordicmart.andreevmaster.com\/da\/wp-json\/wp\/v2\/types\/product"}],"replies":[{"embeddable":true,"href":"https:\/\/nordicmart.andreevmaster.com\/da\/wp-json\/wp\/v2\/comments?post=27314"}],"wp:attachment":[{"href":"https:\/\/nordicmart.andreevmaster.com\/da\/wp-json\/wp\/v2\/media?parent=27314"}],"wp:term":[{"taxonomy":"product_brand","embeddable":true,"href":"https:\/\/nordicmart.andreevmaster.com\/da\/wp-json\/wp\/v2\/product_brand?post=27314"},{"taxonomy":"product_cat","embeddable":true,"href":"https:\/\/nordicmart.andreevmaster.com\/da\/wp-json\/wp\/v2\/product_cat?post=27314"},{"taxonomy":"product_tag","embeddable":true,"href":"https:\/\/nordicmart.andreevmaster.com\/da\/wp-json\/wp\/v2\/product_tag?post=27314"}],"curies":[{"name":"wp","href":"https:\/\/api.w.org\/{rel}","templated":true}]}}