{"id":27313,"date":"2026-02-27T00:36:26","date_gmt":"2026-02-27T00:36:26","guid":{"rendered":"https:\/\/nordicmart.andreevmaster.com\/product\/viga-paedagogisk-legetojssaet-fra-6-maneder-til-12-maneder\/"},"modified":"2026-02-27T09:15:06","modified_gmt":"2026-02-27T09:15:06","slug":"viga-paedagogisk-legetojssaet-fra-6-maneder-til-12-maneder","status":"publish","type":"product","link":"https:\/\/nordicmart.andreevmaster.com\/da\/vare\/viga-paedagogisk-legetojssaet-fra-6-maneder-til-12-maneder\/","title":{"rendered":"VIGA P\u00e6dagogisk leget\u00f8jss\u00e6t Fra 6 m\u00e5neder til 12 m\u00e5neder"},"content":{"rendered":"<p>Little Explorers (6-12M) er et fantastisk p\u00e6dagogisk s\u00e6t, der underst\u00f8tter udviklingen af babyer i deres f\u00f8rste leve\u00e5r. Det best\u00e5r af en r\u00e6kke leget\u00f8j, der er designet til at engagere b\u00f8rn og stimulere deres sanser gennem leg. Hvert element er perfekt tilpasset sm\u00e5 h\u00e6nder, s\u00e5 b\u00f8rn nemt kan l\u00e6re nye former, farver og lyde, hvilket underst\u00f8tter udviklingen af motoriske f\u00e6rdigheder og h\u00e5nd-\u00f8je-koordination. S\u00e6ttet er ikke kun sikkert, men ogs\u00e5 visuelt tiltalende, hvilket opmuntrer b\u00f8rn til at udforske verden p\u00e5 en interaktiv m\u00e5de. <\/p>\n<p>Funktioner <\/p>\n<p>* ideelt til b\u00f8rn i alderen 6 til 12 m\u00e5neder<br \/>\n* fremstillet af sikre materialer, herunder tr\u00e6<br \/>\n* Stimulerer sensorisk udvikling: ber\u00f8ring, h\u00f8relse, syn<br \/>\n* St\u00f8tter udviklingen af fin- og grovmotorik<br \/>\n* let at gribe, sikkert og babyvenligt<\/p>\n<p>S\u00e6ttet indeholder<\/p>\n<p>* en roterende tromle \u2013 stimulerer f\u00f8le- og h\u00f8resansen med sin enkle, men sp\u00e6ndende mekanik<br \/>\n* bl\u00f8d sensorisk bold \u2013 udvikler gribef\u00e6rdigheder og underst\u00f8tter motorisk udvikling<br \/>\n* en &#8216;regnstav&#8217;-rangle \u2013 hj\u00e6lper med at udvikle h\u00f8resansen og underst\u00f8tter fin- og grovmotoriske f\u00e6rdigheder<br \/>\n* tr\u00e6bil \u2013 let at gribe, ideel til sm\u00e5 h\u00e6nder, god til at udvikle manipulationsf\u00e6rdigheder<br \/>\n* puslespil med store knopper \u2013 perfekt til at udvikle h\u00e5nd-\u00f8je-koordination og logisk t\u00e6nkning<br \/>\n* kasse med skuffe \u2013 underst\u00f8tter l\u00e6ring af begrebet objektpermanens og udvikler kognitive f\u00e6rdigheder<\/p>\n<p>Leget\u00f8jet udvikler<\/p>\n<p>* h\u00e5nd-\u00f8je-koordination<br \/>\n* fin- og grovmotorik<br \/>\n* logisk t\u00e6nkning<br \/>\n* visuel perception<\/p>\n","protected":false},"excerpt":{"rendered":"<p>Little Explorers (6-12M) er et fantastisk p\u00e6dagogisk s\u00e6t, der underst\u00f8tter udviklingen af babyer i deres f\u00f8rste leve\u00e5r. Det best\u00e5r af en r\u00e6kke leget\u00f8j, der er designet til at engagere b\u00f8rn og stimulere deres sanser gennem leg. Hvert element er perfekt tilpasset sm\u00e5 h\u00e6nder, s\u00e5 b\u00f8rn nemt kan l\u00e6re nye former, farver og lyde, hvilket underst\u00f8tter [&hellip;]<\/p>\n","protected":false},"featured_media":0,"comment_status":"open","ping_status":"closed","template":"","meta":[],"product_brand":[],"product_cat":[31],"product_tag":[],"class_list":{"0":"post-27313","1":"product","2":"type-product","3":"status-publish","5":"product_cat-uncategorized-da","7":"first","8":"instock","9":"shipping-taxable","10":"purchasable","11":"product-type-simple"},"_links":{"self":[{"href":"https:\/\/nordicmart.andreevmaster.com\/da\/wp-json\/wp\/v2\/product\/27313","targetHints":{"allow":["GET"]}}],"collection":[{"href":"https:\/\/nordicmart.andreevmaster.com\/da\/wp-json\/wp\/v2\/product"}],"about":[{"href":"https:\/\/nordicmart.andreevmaster.com\/da\/wp-json\/wp\/v2\/types\/product"}],"replies":[{"embeddable":true,"href":"https:\/\/nordicmart.andreevmaster.com\/da\/wp-json\/wp\/v2\/comments?post=27313"}],"wp:attachment":[{"href":"https:\/\/nordicmart.andreevmaster.com\/da\/wp-json\/wp\/v2\/media?parent=27313"}],"wp:term":[{"taxonomy":"product_brand","embeddable":true,"href":"https:\/\/nordicmart.andreevmaster.com\/da\/wp-json\/wp\/v2\/product_brand?post=27313"},{"taxonomy":"product_cat","embeddable":true,"href":"https:\/\/nordicmart.andreevmaster.com\/da\/wp-json\/wp\/v2\/product_cat?post=27313"},{"taxonomy":"product_tag","embeddable":true,"href":"https:\/\/nordicmart.andreevmaster.com\/da\/wp-json\/wp\/v2\/product_tag?post=27313"}],"curies":[{"name":"wp","href":"https:\/\/api.w.org\/{rel}","templated":true}]}}