{"id":27312,"date":"2026-02-27T00:36:26","date_gmt":"2026-02-27T00:36:26","guid":{"rendered":"https:\/\/nordicmart.andreevmaster.com\/product\/viga-laeringslegetojssaet-fra-fodslen-til-6-maneder\/"},"modified":"2026-02-27T09:15:05","modified_gmt":"2026-02-27T09:15:05","slug":"viga-laeringslegetojssaet-fra-fodslen-til-6-maneder","status":"publish","type":"product","link":"https:\/\/nordicmart.andreevmaster.com\/da\/vare\/viga-laeringslegetojssaet-fra-fodslen-til-6-maneder\/","title":{"rendered":"VIGA L\u00e6ringsleget\u00f8jss\u00e6t Fra f\u00f8dslen til 6 m\u00e5neder"},"content":{"rendered":"<p>Grow-with-Me Box (0-6M) er et sensorisk s\u00e6t, der er specielt designet til babyer for at st\u00f8tte deres udvikling fra de f\u00f8rste dage af livet. Kassen indeholder leget\u00f8j, der stimulerer syn, h\u00f8relse og ber\u00f8ring og hj\u00e6lper med at udvikle koordination og motoriske f\u00e6rdigheder. Hvert produkt er fremstillet af materialer af h\u00f8jeste kvalitet, herunder FSC-certificeret tr\u00e6, som garanterer sikkerhed og holdbarhed. Det er den perfekte l\u00f8sning for for\u00e6ldre, der s\u00f8ger omfattende udviklingsst\u00f8tte til deres barn. <\/p>\n<p>Egenskaber <\/p>\n<p>* S\u00e6t tilpasset behovene hos b\u00f8rn i alderen 0-6 m\u00e5neder<br \/>\n* Leget\u00f8j fremstillet af sikkert FSC-tr\u00e6 og milj\u00f8venlige materialer<br \/>\n* Ideel til at stimulere sanserne: syn, h\u00f8relse og ber\u00f8ring<br \/>\n* Praktisk emballage, ideel til opbevaring og gave<br \/>\n* S\u00e6ttet er klar til brug, hvilket sparer for\u00e6ldrene tid<\/p>\n<p>S\u00e6ttet indeholder<\/p>\n<p>* Kontrastkort til at stimulere nyf\u00f8dtes syn<br \/>\n* Et tr\u00e6spejl til selvopdagelse og udvikling af bevidsthed om eget spejlbillede<br \/>\n* En rangle til at rulle med, styrke musklerne og motorisk koordination<br \/>\n* en skive til at flytte genstande fra h\u00e5nd til h\u00e5nd, hvilket underst\u00f8tter l\u00e6ringsprocessen<br \/>\n* dobbelte maracas til udvikling af rytme og koncentration<br \/>\n* s\u00e6t sensoriske bolde til stimulering af f\u00f8lesansen og \u00f8velse i at gribe<\/p>\n<p>Leget\u00f8jet udvikler<\/p>\n<p>* grovmotoriske f\u00e6rdigheder<br \/>\n* h\u00e5nd-\u00f8je-koordination<br \/>\n* visuel perception<br \/>\n* selvbevidsthed<\/p>\n","protected":false},"excerpt":{"rendered":"<p>Grow-with-Me Box (0-6M) er et sensorisk s\u00e6t, der er specielt designet til babyer for at st\u00f8tte deres udvikling fra de f\u00f8rste dage af livet. Kassen indeholder leget\u00f8j, der stimulerer syn, h\u00f8relse og ber\u00f8ring og hj\u00e6lper med at udvikle koordination og motoriske f\u00e6rdigheder. Hvert produkt er fremstillet af materialer af h\u00f8jeste kvalitet, herunder FSC-certificeret tr\u00e6, som [&hellip;]<\/p>\n","protected":false},"featured_media":0,"comment_status":"open","ping_status":"closed","template":"","meta":[],"product_brand":[],"product_cat":[31],"product_tag":[],"class_list":{"0":"post-27312","1":"product","2":"type-product","3":"status-publish","5":"product_cat-uncategorized-da","7":"first","8":"instock","9":"shipping-taxable","10":"purchasable","11":"product-type-simple"},"_links":{"self":[{"href":"https:\/\/nordicmart.andreevmaster.com\/da\/wp-json\/wp\/v2\/product\/27312","targetHints":{"allow":["GET"]}}],"collection":[{"href":"https:\/\/nordicmart.andreevmaster.com\/da\/wp-json\/wp\/v2\/product"}],"about":[{"href":"https:\/\/nordicmart.andreevmaster.com\/da\/wp-json\/wp\/v2\/types\/product"}],"replies":[{"embeddable":true,"href":"https:\/\/nordicmart.andreevmaster.com\/da\/wp-json\/wp\/v2\/comments?post=27312"}],"wp:attachment":[{"href":"https:\/\/nordicmart.andreevmaster.com\/da\/wp-json\/wp\/v2\/media?parent=27312"}],"wp:term":[{"taxonomy":"product_brand","embeddable":true,"href":"https:\/\/nordicmart.andreevmaster.com\/da\/wp-json\/wp\/v2\/product_brand?post=27312"},{"taxonomy":"product_cat","embeddable":true,"href":"https:\/\/nordicmart.andreevmaster.com\/da\/wp-json\/wp\/v2\/product_cat?post=27312"},{"taxonomy":"product_tag","embeddable":true,"href":"https:\/\/nordicmart.andreevmaster.com\/da\/wp-json\/wp\/v2\/product_tag?post=27312"}],"curies":[{"name":"wp","href":"https:\/\/api.w.org\/{rel}","templated":true}]}}