{"id":27311,"date":"2026-02-27T00:36:25","date_gmt":"2026-02-27T00:36:25","guid":{"rendered":"https:\/\/nordicmart.andreevmaster.com\/product\/viga-polarb-trae-kokkensaet-xl-vaskemaskine-komfur-opvaskemaskine-gron\/"},"modified":"2026-02-27T09:15:05","modified_gmt":"2026-02-27T09:15:05","slug":"viga-polarb-trae-kokkensaet-xl-vaskemaskine-komfur-opvaskemaskine-gron","status":"publish","type":"product","link":"https:\/\/nordicmart.andreevmaster.com\/da\/vare\/viga-polarb-trae-kokkensaet-xl-vaskemaskine-komfur-opvaskemaskine-gron\/","title":{"rendered":"VIGA PolarB Tr\u00e6 k\u00f8kkens\u00e6t XL Vaskemaskine Komfur Opvaskemaskine &#8211; Gr\u00f8n"},"content":{"rendered":"<p>Dette store tr\u00e6 k\u00f8kkens\u00e6t til sm\u00e5b\u00f8rn fra Viga er et specielt designet s\u00e6t, der vil give dit barn uforglemmelige \u00f8jeblikke med sjov! S\u00e6ttet indeholder et k\u00f8leskab, komfur med ovn, vask, opvaskemaskine og vaskemaskine. Tykke h\u00e5ndtag g\u00f8r det nemt at \u00e5bne og lukke d\u00f8rene, og alle knapper afgiver en klikkende lyd, n\u00e5r de drejes. De smukke pastelfarver tiltr\u00e6kker dit barns opm\u00e6rksomhed og fungerer samtidig som en charmerende dekoration til rummet. S\u00e6ttet er helt sikkert for de yngste b\u00f8rn, da det ikke har skarpe kanter eller hj\u00f8rner. Et legek\u00f8kken er et centrum for kreativt leg for b\u00f8rn, hvor de udvikler deres fantasi, samarbejdsevner og motoriske f\u00e6rdigheder. Dit barn kan udspille scener fra voksenlivet, tilberede m\u00e5ltider til sine k\u00e6re og \u00f8ve sig i at v\u00e6re selvst\u00e6ndig. Det er en fantastisk m\u00e5de at l\u00e6re b\u00f8rn om mad, madlavning, tal, farver og former p\u00e5 en interaktiv m\u00e5de. Desuden kan dette leget\u00f8j vokse med dit barn, og forskellige tilbeh\u00f8r giver mulighed for en r\u00e6kke forskellige legemuligheder!<\/p>\n<p>Egenskaber:<\/p>\n<p>* &#8211; Leget\u00f8j til b\u00f8rn fra 18 m\u00e5neder og opefter<br \/>\n* &#8211; Sikkert for b\u00f8rn, ingen skarpe kanter<br \/>\n* &#8211; Smukke pastelfarver<br \/>\n* &#8211; Masser af opbevaringsplads<br \/>\n* &#8211; Op til 130 cm langt<br \/>\n* &#8211; Giver timevis af kreativ leg<\/p>\n<p>S\u00e6ttet indeholder:<\/p>\n<p>* &#8211; Vaskemaskine<br \/>\n* &#8211; Vask med opvaskemaskine<br \/>\n* &#8211; Komfur med ovn<br \/>\n* &#8211; K\u00f8leskab<br \/>\n* &#8211; Skab<br \/>\n* &#8211; Masser af plads p\u00e5 k\u00f8kkenbordet<\/p>\n","protected":false},"excerpt":{"rendered":"<p>Dette store tr\u00e6 k\u00f8kkens\u00e6t til sm\u00e5b\u00f8rn fra Viga er et specielt designet s\u00e6t, der vil give dit barn uforglemmelige \u00f8jeblikke med sjov! S\u00e6ttet indeholder et k\u00f8leskab, komfur med ovn, vask, opvaskemaskine og vaskemaskine. Tykke h\u00e5ndtag g\u00f8r det nemt at \u00e5bne og lukke d\u00f8rene, og alle knapper afgiver en klikkende lyd, n\u00e5r de drejes. De smukke [&hellip;]<\/p>\n","protected":false},"featured_media":0,"comment_status":"open","ping_status":"closed","template":"","meta":[],"product_brand":[],"product_cat":[31],"product_tag":[],"class_list":{"0":"post-27311","1":"product","2":"type-product","3":"status-publish","5":"product_cat-uncategorized-da","7":"first","8":"instock","9":"shipping-taxable","10":"purchasable","11":"product-type-simple"},"_links":{"self":[{"href":"https:\/\/nordicmart.andreevmaster.com\/da\/wp-json\/wp\/v2\/product\/27311","targetHints":{"allow":["GET"]}}],"collection":[{"href":"https:\/\/nordicmart.andreevmaster.com\/da\/wp-json\/wp\/v2\/product"}],"about":[{"href":"https:\/\/nordicmart.andreevmaster.com\/da\/wp-json\/wp\/v2\/types\/product"}],"replies":[{"embeddable":true,"href":"https:\/\/nordicmart.andreevmaster.com\/da\/wp-json\/wp\/v2\/comments?post=27311"}],"wp:attachment":[{"href":"https:\/\/nordicmart.andreevmaster.com\/da\/wp-json\/wp\/v2\/media?parent=27311"}],"wp:term":[{"taxonomy":"product_brand","embeddable":true,"href":"https:\/\/nordicmart.andreevmaster.com\/da\/wp-json\/wp\/v2\/product_brand?post=27311"},{"taxonomy":"product_cat","embeddable":true,"href":"https:\/\/nordicmart.andreevmaster.com\/da\/wp-json\/wp\/v2\/product_cat?post=27311"},{"taxonomy":"product_tag","embeddable":true,"href":"https:\/\/nordicmart.andreevmaster.com\/da\/wp-json\/wp\/v2\/product_tag?post=27311"}],"curies":[{"name":"wp","href":"https:\/\/api.w.org\/{rel}","templated":true}]}}