{"id":27310,"date":"2026-02-27T00:36:25","date_gmt":"2026-02-27T00:36:25","guid":{"rendered":"https:\/\/nordicmart.andreevmaster.com\/product\/viga-polarb-traevaskemaskine-tilbehor\/"},"modified":"2026-02-27T09:15:05","modified_gmt":"2026-02-27T09:15:05","slug":"viga-polarb-traevaskemaskine-tilbehor","status":"publish","type":"product","link":"https:\/\/nordicmart.andreevmaster.com\/da\/vare\/viga-polarb-traevaskemaskine-tilbehor\/","title":{"rendered":"VIGA PolarB tr\u00e6vaskemaskine tilbeh\u00f8r"},"content":{"rendered":"<p>PolarB-serien af tr\u00e6vaskemaskiner fra det kendte m\u00e6rke Viga er et fremragende p\u00e6dagogisk leget\u00f8j til b\u00f8rn, der giver mulighed for kreativt rollespil. Takket v\u00e6re det realistiske design og de funktionelle elementer kan de sm\u00e5 p\u00e5tage sig rollen som voksne, mens de l\u00e6rer grundl\u00e6ggende husholdningsopgaver. Produktet er ideelt til b\u00f8rn fra 3 \u00e5r og opefter. <\/p>\n<p>\u2705Egenskaber:<\/p>\n<p>\u2714\ufe0f Til b\u00f8rn fra 3 \u00e5r og opefter \u2714\ufe0f Den \u00e5bne d\u00f8r ligner en rigtig vaskemaskine, s\u00e5 b\u00f8rnene kan l\u00e6gge &#8220;vasket\u00f8j&#8221; ind og tage det ud. \u2714\ufe0f To tr\u00e6knapper giver b\u00f8rnene mulighed for at indstille programmer, hvilket udvikler deres manuelle f\u00e6rdigheder. \u2714\ufe0f Sidefoldbare arme med mini-klemmer giver dig mulighed for at h\u00e6nge s\u00f8de, farverige filtkl\u00e6der op. \u2714\ufe0f Sidefoldbart lille strygebr\u00e6t \u2714\ufe0f S\u00e6ttet indeholder tr\u00e6vaskemiddel, et strygejern og en vasket\u00f8jskurv for at g\u00f8re legetiden mere sjov.<\/p>\n<p>\u2705S\u00e6ttet indeholder:<\/p>\n<p>\u2714\ufe0f Tr\u00e6vaskemaskine \u2714\ufe0f Vasket\u00f8jskurv \u2714\ufe0f Filt &#8220;t\u00f8j&#8221; \u2714\ufe0f Tr\u00e6strygejern \u2714\ufe0f Tr\u00e6vaskemiddel<\/p>\n<p>\u2705Leget\u00f8jet udvikler:<\/p>\n<p>\u2714\ufe0f L\u00e6ring af grundl\u00e6ggende husholdningsopgaver \u2714\ufe0f Udvikling af motoriske f\u00e6rdigheder \u2714\ufe0f Udvikling af kreativitet og fantasi<\/p>\n","protected":false},"excerpt":{"rendered":"<p>PolarB-serien af tr\u00e6vaskemaskiner fra det kendte m\u00e6rke Viga er et fremragende p\u00e6dagogisk leget\u00f8j til b\u00f8rn, der giver mulighed for kreativt rollespil. Takket v\u00e6re det realistiske design og de funktionelle elementer kan de sm\u00e5 p\u00e5tage sig rollen som voksne, mens de l\u00e6rer grundl\u00e6ggende husholdningsopgaver. Produktet er ideelt til b\u00f8rn fra 3 \u00e5r og opefter. \u2705Egenskaber: \u2714\ufe0f [&hellip;]<\/p>\n","protected":false},"featured_media":0,"comment_status":"open","ping_status":"closed","template":"","meta":[],"product_brand":[],"product_cat":[31],"product_tag":[],"class_list":{"0":"post-27310","1":"product","2":"type-product","3":"status-publish","5":"product_cat-uncategorized-da","7":"first","8":"instock","9":"shipping-taxable","10":"purchasable","11":"product-type-simple"},"_links":{"self":[{"href":"https:\/\/nordicmart.andreevmaster.com\/da\/wp-json\/wp\/v2\/product\/27310","targetHints":{"allow":["GET"]}}],"collection":[{"href":"https:\/\/nordicmart.andreevmaster.com\/da\/wp-json\/wp\/v2\/product"}],"about":[{"href":"https:\/\/nordicmart.andreevmaster.com\/da\/wp-json\/wp\/v2\/types\/product"}],"replies":[{"embeddable":true,"href":"https:\/\/nordicmart.andreevmaster.com\/da\/wp-json\/wp\/v2\/comments?post=27310"}],"wp:attachment":[{"href":"https:\/\/nordicmart.andreevmaster.com\/da\/wp-json\/wp\/v2\/media?parent=27310"}],"wp:term":[{"taxonomy":"product_brand","embeddable":true,"href":"https:\/\/nordicmart.andreevmaster.com\/da\/wp-json\/wp\/v2\/product_brand?post=27310"},{"taxonomy":"product_cat","embeddable":true,"href":"https:\/\/nordicmart.andreevmaster.com\/da\/wp-json\/wp\/v2\/product_cat?post=27310"},{"taxonomy":"product_tag","embeddable":true,"href":"https:\/\/nordicmart.andreevmaster.com\/da\/wp-json\/wp\/v2\/product_tag?post=27310"}],"curies":[{"name":"wp","href":"https:\/\/api.w.org\/{rel}","templated":true}]}}