{"id":27309,"date":"2026-02-27T00:36:25","date_gmt":"2026-02-27T00:36:25","guid":{"rendered":"https:\/\/nordicmart.andreevmaster.com\/product\/viga-polarb-stort-trae-kokken-med-foldbar-bordplade-skab-med-gardin\/"},"modified":"2026-02-27T09:15:05","modified_gmt":"2026-02-27T09:15:05","slug":"viga-polarb-stort-trae-kokken-med-foldbar-bordplade-skab-med-gardin","status":"publish","type":"product","link":"https:\/\/nordicmart.andreevmaster.com\/da\/vare\/viga-polarb-stort-trae-kokken-med-foldbar-bordplade-skab-med-gardin\/","title":{"rendered":"VIGA PolarB stort tr\u00e6 k\u00f8kken med foldbar bordplade + skab med gardin"},"content":{"rendered":"<p>Dette charmerende tr\u00e6 k\u00f8kken fra det kendte m\u00e6rke Viga er en god id\u00e9 til et godt og holdbart leget\u00f8j til dit barn. K\u00f8kkenet er designet til at f\u00e5 dit barn til at f\u00f8le sig som en rigtig kok! En spejlbl\u00e6ndet emh\u00e6tte, komfur og ovn er kun begyndelsen p\u00e5 de faciliteter, dette leget\u00f8j har at byde p\u00e5. B\u00f8rnene l\u00e6rer at bruge k\u00f8kkenredskaber, t\u00e6nke kreativt og bruge deres fantasi, mens de leger. <\/p>\n<p>Egenskaber:<\/p>\n<p>* &#8211; Leget\u00f8j til b\u00f8rn fra 3 \u00e5r<br \/>\n* &#8211; Smukke farver, godt h\u00e5ndv\u00e6rk<br \/>\n* &#8211; Mens de leger, l\u00e6rer b\u00f8rnene at tage ansvar for deres eget rod og rydde op<br \/>\n* &#8211; Tilbeh\u00f8r ligesom i et rigtigt k\u00f8kken<br \/>\n* &#8211; Let at samle, helt sikkert for b\u00f8rn<\/p>\n<p>S\u00e6ttet indeholder:<\/p>\n<p>* en ovn med et charmerende glasdesign med et bj\u00f8rnehoved<br \/>\n* en gryde, 2 tallerkener og en stegepande<br \/>\n* et skab med et forh\u00e6ng af bl\u00f8dt stof<br \/>\n* en bev\u00e6gelig vandhane ved vasken og knapper til komfuret og ovnen<br \/>\n* krydderihylde med salt- og peberb\u00f8sser<br \/>\n* sammenklappeligt sidebord \u2013 til at sk\u00e6re eller spise p\u00e5<br \/>\n* krog til oph\u00e6ngning af k\u00f8kkenredskaber: skeer, spatler, knive og sk\u00e6rebr\u00e6tter<\/p>\n<p>K\u00f8kkenets m\u00e5l: 72,9 x 30 x 64,2 (cm)<\/p>\n","protected":false},"excerpt":{"rendered":"<p>Dette charmerende tr\u00e6 k\u00f8kken fra det kendte m\u00e6rke Viga er en god id\u00e9 til et godt og holdbart leget\u00f8j til dit barn. K\u00f8kkenet er designet til at f\u00e5 dit barn til at f\u00f8le sig som en rigtig kok! En spejlbl\u00e6ndet emh\u00e6tte, komfur og ovn er kun begyndelsen p\u00e5 de faciliteter, dette leget\u00f8j har at byde [&hellip;]<\/p>\n","protected":false},"featured_media":0,"comment_status":"open","ping_status":"closed","template":"","meta":[],"product_brand":[],"product_cat":[31],"product_tag":[],"class_list":{"0":"post-27309","1":"product","2":"type-product","3":"status-publish","5":"product_cat-uncategorized-da","7":"first","8":"instock","9":"shipping-taxable","10":"purchasable","11":"product-type-simple"},"_links":{"self":[{"href":"https:\/\/nordicmart.andreevmaster.com\/da\/wp-json\/wp\/v2\/product\/27309","targetHints":{"allow":["GET"]}}],"collection":[{"href":"https:\/\/nordicmart.andreevmaster.com\/da\/wp-json\/wp\/v2\/product"}],"about":[{"href":"https:\/\/nordicmart.andreevmaster.com\/da\/wp-json\/wp\/v2\/types\/product"}],"replies":[{"embeddable":true,"href":"https:\/\/nordicmart.andreevmaster.com\/da\/wp-json\/wp\/v2\/comments?post=27309"}],"wp:attachment":[{"href":"https:\/\/nordicmart.andreevmaster.com\/da\/wp-json\/wp\/v2\/media?parent=27309"}],"wp:term":[{"taxonomy":"product_brand","embeddable":true,"href":"https:\/\/nordicmart.andreevmaster.com\/da\/wp-json\/wp\/v2\/product_brand?post=27309"},{"taxonomy":"product_cat","embeddable":true,"href":"https:\/\/nordicmart.andreevmaster.com\/da\/wp-json\/wp\/v2\/product_cat?post=27309"},{"taxonomy":"product_tag","embeddable":true,"href":"https:\/\/nordicmart.andreevmaster.com\/da\/wp-json\/wp\/v2\/product_tag?post=27309"}],"curies":[{"name":"wp","href":"https:\/\/api.w.org\/{rel}","templated":true}]}}