{"id":27308,"date":"2026-02-27T00:36:24","date_gmt":"2026-02-27T00:36:24","guid":{"rendered":"https:\/\/nordicmart.andreevmaster.com\/product\/viga-polarb-displayhylde\/"},"modified":"2026-02-27T09:15:04","modified_gmt":"2026-02-27T09:15:04","slug":"viga-polarb-displayhylde","status":"publish","type":"product","link":"https:\/\/nordicmart.andreevmaster.com\/da\/vare\/viga-polarb-displayhylde\/","title":{"rendered":"VIGA PolarB Displayhylde"},"content":{"rendered":"<p>PolarB displayhylden er perfekt til ethvert b\u00f8rnev\u00e6relse. Hylden er lavet af h\u00f8jkvalitets tr\u00e6, malet med giftfri maling, med stor opm\u00e6rksomhed p\u00e5 alle detaljer. Hylden har 3 hylder, hvor du kan placere dekorationer, leget\u00f8j eller blomster. Produktet er designet med de yngste i tankerne, hvorfor hyldens kanter er afrundede. Det hele er malet i bl\u00f8de farver, der passer ind i mange rum.<\/p>\n<p>Egenskaber:<\/p>\n<p>* &#8211; materialer af h\u00f8j kvalitet,<br \/>\n* &#8211; stor opm\u00e6rksomhed p\u00e5 detaljer,<br \/>\n* &#8211; bl\u00f8de farver,<br \/>\n* &#8211; bogreol malet med giftfri maling,<br \/>\n* &#8211; bogreolen best\u00e5r af 3 hylder,<br \/>\n* &#8211; passer ind i ethvert rum eller butik<br \/>\n* &#8211; Produkt fra PolarB-serien,<br \/>\n* &#8211; gratis displaystativ ved k\u00f8b af Polar B-produktpakke &#8211; sp\u00f8rg om detaljer.<\/p>\n<p>VIGA TOYS er smukt, veldesignet og sikkert tr\u00e6leget\u00f8j. Over 20 \u00e5rs erfaring garanterer kvalitet og fremragende design. Sortimentet af tr\u00e6leget\u00f8j omfatter: k\u00f8kkener, tilbeh\u00f8r, babywalkere, cykler, p\u00e6dagogisk leget\u00f8j, musikleget\u00f8j, sn\u00f8releget\u00f8j, f\u00e6rdighedsspil, flade klodser, rumlige klodser, tog og togs\u00e6t, legehuse og teatre, puslespil, spil, minileget\u00f8j, skoleartikler og meget mere.<\/p>\n","protected":false},"excerpt":{"rendered":"<p>PolarB displayhylden er perfekt til ethvert b\u00f8rnev\u00e6relse. Hylden er lavet af h\u00f8jkvalitets tr\u00e6, malet med giftfri maling, med stor opm\u00e6rksomhed p\u00e5 alle detaljer. Hylden har 3 hylder, hvor du kan placere dekorationer, leget\u00f8j eller blomster. Produktet er designet med de yngste i tankerne, hvorfor hyldens kanter er afrundede. Det hele er malet i bl\u00f8de farver, [&hellip;]<\/p>\n","protected":false},"featured_media":0,"comment_status":"open","ping_status":"closed","template":"","meta":[],"product_brand":[],"product_cat":[31],"product_tag":[],"class_list":{"0":"post-27308","1":"product","2":"type-product","3":"status-publish","5":"product_cat-uncategorized-da","7":"first","8":"instock","9":"shipping-taxable","10":"purchasable","11":"product-type-simple"},"_links":{"self":[{"href":"https:\/\/nordicmart.andreevmaster.com\/da\/wp-json\/wp\/v2\/product\/27308","targetHints":{"allow":["GET"]}}],"collection":[{"href":"https:\/\/nordicmart.andreevmaster.com\/da\/wp-json\/wp\/v2\/product"}],"about":[{"href":"https:\/\/nordicmart.andreevmaster.com\/da\/wp-json\/wp\/v2\/types\/product"}],"replies":[{"embeddable":true,"href":"https:\/\/nordicmart.andreevmaster.com\/da\/wp-json\/wp\/v2\/comments?post=27308"}],"wp:attachment":[{"href":"https:\/\/nordicmart.andreevmaster.com\/da\/wp-json\/wp\/v2\/media?parent=27308"}],"wp:term":[{"taxonomy":"product_brand","embeddable":true,"href":"https:\/\/nordicmart.andreevmaster.com\/da\/wp-json\/wp\/v2\/product_brand?post=27308"},{"taxonomy":"product_cat","embeddable":true,"href":"https:\/\/nordicmart.andreevmaster.com\/da\/wp-json\/wp\/v2\/product_cat?post=27308"},{"taxonomy":"product_tag","embeddable":true,"href":"https:\/\/nordicmart.andreevmaster.com\/da\/wp-json\/wp\/v2\/product_tag?post=27308"}],"curies":[{"name":"wp","href":"https:\/\/api.w.org\/{rel}","templated":true}]}}