{"id":27307,"date":"2026-02-27T00:36:24","date_gmt":"2026-02-27T00:36:24","guid":{"rendered":"https:\/\/nordicmart.andreevmaster.com\/product\/viga-polarb-traemarkedssaet-xxl-markedsbodstilbehor-butik\/"},"modified":"2026-02-27T09:15:04","modified_gmt":"2026-02-27T09:15:04","slug":"viga-polarb-traemarkedssaet-xxl-markedsbodstilbehor-butik","status":"publish","type":"product","link":"https:\/\/nordicmart.andreevmaster.com\/da\/vare\/viga-polarb-traemarkedssaet-xxl-markedsbodstilbehor-butik\/","title":{"rendered":"VIGA PolarB Tr\u00e6markedss\u00e6t XXl Markedsbodstilbeh\u00f8r Butik"},"content":{"rendered":"<p>Tr\u00e6markedss\u00e6ttet fra VIGA tager rollespil som butiksindehaver til et helt nyt niveau. S\u00e6ttet er lavet af massivt tr\u00e6 og malet i pastelfarver i gr\u00f8nne nuancer, og det vil helt sikkert charmere dine b\u00f8rn og blive deres yndlingslegehj\u00f8rne. Den har to hylder, hvor den \u00f8verste er opdelt i tre separate rum, en stofbaldakin, en lille tavle til at beskrive varerne og skrive priserne p\u00e5 samt en lille klokke til at tiltr\u00e6kke kundernes opm\u00e6rksomhed. S\u00e6ttet indeholder 18 f\u00f8devarer, s\u00e5 bodet aldrig bliver tomt.<\/p>\n<p>Egenskaber:<\/p>\n<p>* &#8211; leget\u00f8j til b\u00f8rn fra 3 \u00e5r<br \/>\n* &#8211; s\u00e6ttet indeholder 18 f\u00f8devarer<br \/>\n* &#8211; lille tavle til at skrive produktpriser p\u00e5<br \/>\n* &#8211; klokke til at tiltr\u00e6kke kundernes opm\u00e6rksomhed<br \/>\n* &#8211; kan blive et yndet legested til rollespil<br \/>\n* &#8211; lavet af massivt tr\u00e6 malet med giftfri maling<\/p>\n<p>Leget\u00f8jet udvikler:<\/p>\n<p>* &#8211; fantasi<br \/>\n* &#8211; sociale og kommunikative f\u00e6rdigheder<br \/>\n* &#8211; logisk t\u00e6nkning<\/p>\n","protected":false},"excerpt":{"rendered":"<p>Tr\u00e6markedss\u00e6ttet fra VIGA tager rollespil som butiksindehaver til et helt nyt niveau. S\u00e6ttet er lavet af massivt tr\u00e6 og malet i pastelfarver i gr\u00f8nne nuancer, og det vil helt sikkert charmere dine b\u00f8rn og blive deres yndlingslegehj\u00f8rne. Den har to hylder, hvor den \u00f8verste er opdelt i tre separate rum, en stofbaldakin, en lille tavle [&hellip;]<\/p>\n","protected":false},"featured_media":0,"comment_status":"open","ping_status":"closed","template":"","meta":[],"product_brand":[],"product_cat":[31],"product_tag":[],"class_list":{"0":"post-27307","1":"product","2":"type-product","3":"status-publish","5":"product_cat-uncategorized-da","7":"first","8":"instock","9":"shipping-taxable","10":"purchasable","11":"product-type-simple"},"_links":{"self":[{"href":"https:\/\/nordicmart.andreevmaster.com\/da\/wp-json\/wp\/v2\/product\/27307","targetHints":{"allow":["GET"]}}],"collection":[{"href":"https:\/\/nordicmart.andreevmaster.com\/da\/wp-json\/wp\/v2\/product"}],"about":[{"href":"https:\/\/nordicmart.andreevmaster.com\/da\/wp-json\/wp\/v2\/types\/product"}],"replies":[{"embeddable":true,"href":"https:\/\/nordicmart.andreevmaster.com\/da\/wp-json\/wp\/v2\/comments?post=27307"}],"wp:attachment":[{"href":"https:\/\/nordicmart.andreevmaster.com\/da\/wp-json\/wp\/v2\/media?parent=27307"}],"wp:term":[{"taxonomy":"product_brand","embeddable":true,"href":"https:\/\/nordicmart.andreevmaster.com\/da\/wp-json\/wp\/v2\/product_brand?post=27307"},{"taxonomy":"product_cat","embeddable":true,"href":"https:\/\/nordicmart.andreevmaster.com\/da\/wp-json\/wp\/v2\/product_cat?post=27307"},{"taxonomy":"product_tag","embeddable":true,"href":"https:\/\/nordicmart.andreevmaster.com\/da\/wp-json\/wp\/v2\/product_tag?post=27307"}],"curies":[{"name":"wp","href":"https:\/\/api.w.org\/{rel}","templated":true}]}}