{"id":27306,"date":"2026-02-27T00:36:24","date_gmt":"2026-02-27T00:36:24","guid":{"rendered":"https:\/\/nordicmart.andreevmaster.com\/product\/viga-polarb-educational-8-in-1-activity-cube-2\/"},"modified":"2026-02-27T09:15:04","modified_gmt":"2026-02-27T09:15:04","slug":"viga-polarb-educational-8-in-1-activity-cube-2","status":"publish","type":"product","link":"https:\/\/nordicmart.andreevmaster.com\/da\/vare\/viga-polarb-educational-8-in-1-activity-cube-2\/","title":{"rendered":"VIGA PolarB Educational 8-in-1 Activity Cube"},"content":{"rendered":"<p>8-i-1 aktivitets-terningen fra Viga er et fantastisk leget\u00f8j, der p\u00e5 genial vis kombinerer sk\u00f8nhed med sjov og l\u00e6ring. Den er blevet anerkendt i USA, hvor den i 2023 modtog den prestigefyldte PAL Awards 2023 fra certificerede talep\u00e6dagoger. Denne alsidige terning \u00e5bner en ny verden af muligheder for unge sind, underst\u00f8tter kognitiv udvikling, sprogf\u00e6rdigheder og styrker meningsfulde interaktioner mellem b\u00f8rn og omsorgspersoner. Gennem leg giver den mulighed for at introducere nye ord og begreber og tilskynder til selvst\u00e6ndig t\u00e6nkning. Denne p\u00e6dagogiske terning har 8 forskellige aktiviteter, der er designet til at adressere forskellige aspekter af b\u00f8rns udvikling og berige l\u00e6ringen. Formesortereren, motorl\u00f8kken og det roterende hjul giver mulighed for at \u00f8ve h\u00e5nd-\u00f8je-koordination, finmotorik og rumlig forst\u00e5else. Xylofonen og tavlen udvikler kreativiteten, mens spejlet og bloktr\u00e6kkende skodde underst\u00f8tter udviklingen af kognitive f\u00e6rdigheder. Den ottende og sidste aktivitet er en v\u00e6g med dyr gemt bag klapper, der svarer til deres mad.<\/p>\n<p>Egenskaber:<\/p>\n<p>* &#8211; leget\u00f8j til b\u00f8rn fra 18 m\u00e5neder og opefter<br \/>\n* &#8211; aktivitets-terningen vandt PAL Awards 2023 i USA<br \/>\n* &#8211; indeholder 8 aktiviteter: sammenkoblede klodser, sorteringsmaskine, spejl, xylofon, tavle, drejehjul, blok-fjernelsessk\u00e6rm og en v\u00e6g med skjulte dyr bag billeder af deres mad<br \/>\n* &#8211; underst\u00f8tter forskellige aspekter af barnets udvikling gennem leg<br \/>\n* &#8211; kan bruges til at introducere nye ord og begreber<br \/>\n* &#8211; tilskynder til selvst\u00e6ndig t\u00e6nkning<br \/>\n* &#8211; lavet af lakeret tr\u00e6<\/p>\n<p>Leget\u00f8jet udvikler:<\/p>\n<p>* &#8211; logisk t\u00e6nkning<br \/>\n* &#8211; finmotorik<br \/>\n* &#8211; h\u00e5nd-\u00f8je-koordination<br \/>\n* &#8211; kreativitet<br \/>\n* &#8211; koncentration<\/p>\n","protected":false},"excerpt":{"rendered":"<p>8-i-1 aktivitets-terningen fra Viga er et fantastisk leget\u00f8j, der p\u00e5 genial vis kombinerer sk\u00f8nhed med sjov og l\u00e6ring. Den er blevet anerkendt i USA, hvor den i 2023 modtog den prestigefyldte PAL Awards 2023 fra certificerede talep\u00e6dagoger. Denne alsidige terning \u00e5bner en ny verden af muligheder for unge sind, underst\u00f8tter kognitiv udvikling, sprogf\u00e6rdigheder og styrker [&hellip;]<\/p>\n","protected":false},"featured_media":0,"comment_status":"open","ping_status":"closed","template":"","meta":[],"product_brand":[],"product_cat":[31],"product_tag":[],"class_list":{"0":"post-27306","1":"product","2":"type-product","3":"status-publish","5":"product_cat-uncategorized-da","7":"first","8":"instock","9":"shipping-taxable","10":"purchasable","11":"product-type-simple"},"_links":{"self":[{"href":"https:\/\/nordicmart.andreevmaster.com\/da\/wp-json\/wp\/v2\/product\/27306","targetHints":{"allow":["GET"]}}],"collection":[{"href":"https:\/\/nordicmart.andreevmaster.com\/da\/wp-json\/wp\/v2\/product"}],"about":[{"href":"https:\/\/nordicmart.andreevmaster.com\/da\/wp-json\/wp\/v2\/types\/product"}],"replies":[{"embeddable":true,"href":"https:\/\/nordicmart.andreevmaster.com\/da\/wp-json\/wp\/v2\/comments?post=27306"}],"wp:attachment":[{"href":"https:\/\/nordicmart.andreevmaster.com\/da\/wp-json\/wp\/v2\/media?parent=27306"}],"wp:term":[{"taxonomy":"product_brand","embeddable":true,"href":"https:\/\/nordicmart.andreevmaster.com\/da\/wp-json\/wp\/v2\/product_brand?post=27306"},{"taxonomy":"product_cat","embeddable":true,"href":"https:\/\/nordicmart.andreevmaster.com\/da\/wp-json\/wp\/v2\/product_cat?post=27306"},{"taxonomy":"product_tag","embeddable":true,"href":"https:\/\/nordicmart.andreevmaster.com\/da\/wp-json\/wp\/v2\/product_tag?post=27306"}],"curies":[{"name":"wp","href":"https:\/\/api.w.org\/{rel}","templated":true}]}}