{"id":27305,"date":"2026-02-27T00:36:24","date_gmt":"2026-02-27T00:36:24","guid":{"rendered":"https:\/\/nordicmart.andreevmaster.com\/product\/viga-polarb-baby-gym-stand-2\/"},"modified":"2026-02-27T09:15:04","modified_gmt":"2026-02-27T09:15:04","slug":"viga-polarb-baby-gym-stand-2","status":"publish","type":"product","link":"https:\/\/nordicmart.andreevmaster.com\/da\/vare\/viga-polarb-baby-gym-stand-2\/","title":{"rendered":"VIGA PolarB Baby Gym Stand"},"content":{"rendered":"<p>Stativ &#8211; Viga PolarB Baby Play Gym anbefales til b\u00f8rn fra den f\u00f8rste levem\u00e5ned. Det er ideelt til dit barns f\u00f8rste lege. Takket v\u00e6re de medf\u00f8lgende interaktive vedh\u00e6ng tilskynder stativet til leg, hvilket stimulerer sanserne og musklerne fra de f\u00f8rste dage af livet.<\/p>\n<p>Egenskaber:<\/p>\n<p>* &#8211; til b\u00f8rn fra den f\u00f8rste levem\u00e5ned,<br \/>\n* &#8211; malet med b\u00f8rnevenlige malinger,<br \/>\n* &#8211; stativet kan placeres p\u00e5 et t\u00e6ppe, en m\u00e5tte, gulvet eller i en krybbe,<br \/>\n* &#8211; vedh\u00e6ngene laver lyde: de rasler, knitrer og knirker.<\/p>\n<p>Leget\u00f8jet udvikler:<\/p>\n<p>* &#8211; psykomotoriske f\u00e6rdigheder,<br \/>\n* &#8211; h\u00e5nd-\u00f8je-koordination,<br \/>\n* &#8211; logisk t\u00e6nkning,<br \/>\n* &#8211; motoriske f\u00e6rdigheder,<br \/>\n* &#8211; nysgerrighed.<\/p>\n","protected":false},"excerpt":{"rendered":"<p>Stativ &#8211; Viga PolarB Baby Play Gym anbefales til b\u00f8rn fra den f\u00f8rste levem\u00e5ned. Det er ideelt til dit barns f\u00f8rste lege. Takket v\u00e6re de medf\u00f8lgende interaktive vedh\u00e6ng tilskynder stativet til leg, hvilket stimulerer sanserne og musklerne fra de f\u00f8rste dage af livet. Egenskaber: * &#8211; til b\u00f8rn fra den f\u00f8rste levem\u00e5ned, * &#8211; malet [&hellip;]<\/p>\n","protected":false},"featured_media":0,"comment_status":"open","ping_status":"closed","template":"","meta":[],"product_brand":[],"product_cat":[31],"product_tag":[],"class_list":{"0":"post-27305","1":"product","2":"type-product","3":"status-publish","5":"product_cat-uncategorized-da","7":"first","8":"instock","9":"shipping-taxable","10":"purchasable","11":"product-type-simple"},"_links":{"self":[{"href":"https:\/\/nordicmart.andreevmaster.com\/da\/wp-json\/wp\/v2\/product\/27305","targetHints":{"allow":["GET"]}}],"collection":[{"href":"https:\/\/nordicmart.andreevmaster.com\/da\/wp-json\/wp\/v2\/product"}],"about":[{"href":"https:\/\/nordicmart.andreevmaster.com\/da\/wp-json\/wp\/v2\/types\/product"}],"replies":[{"embeddable":true,"href":"https:\/\/nordicmart.andreevmaster.com\/da\/wp-json\/wp\/v2\/comments?post=27305"}],"wp:attachment":[{"href":"https:\/\/nordicmart.andreevmaster.com\/da\/wp-json\/wp\/v2\/media?parent=27305"}],"wp:term":[{"taxonomy":"product_brand","embeddable":true,"href":"https:\/\/nordicmart.andreevmaster.com\/da\/wp-json\/wp\/v2\/product_brand?post=27305"},{"taxonomy":"product_cat","embeddable":true,"href":"https:\/\/nordicmart.andreevmaster.com\/da\/wp-json\/wp\/v2\/product_cat?post=27305"},{"taxonomy":"product_tag","embeddable":true,"href":"https:\/\/nordicmart.andreevmaster.com\/da\/wp-json\/wp\/v2\/product_tag?post=27305"}],"curies":[{"name":"wp","href":"https:\/\/api.w.org\/{rel}","templated":true}]}}