{"id":27303,"date":"2026-02-27T00:36:23","date_gmt":"2026-02-27T00:36:23","guid":{"rendered":"https:\/\/nordicmart.andreevmaster.com\/product\/viga-polarb-traeskokken-lys-lyd-tilbehor\/"},"modified":"2026-02-27T09:15:04","modified_gmt":"2026-02-27T09:15:04","slug":"viga-polarb-traeskokken-lys-lyd-tilbehor","status":"publish","type":"product","link":"https:\/\/nordicmart.andreevmaster.com\/da\/vare\/viga-polarb-traeskokken-lys-lyd-tilbehor\/","title":{"rendered":"VIGA PolarB Tr\u00e6sk\u00f8kken Lys Lyd + Tilbeh\u00f8r"},"content":{"rendered":"<p>At tilberede m\u00e5ltider sammen er en fantastisk m\u00e5de at l\u00e6re gennem leg. Hvert k\u00f8kken har en vask, ovn og komfur, hvor du kan lave dine yndlingsretter til hele familien. Et vidunderligt k\u00f8kkenleget\u00f8j til b\u00f8rn, der giver dem mulighed for at lave mad og tilberede l\u00e6kre m\u00e5ltider til familie eller venner. B\u00f8rnene l\u00e6rer at bruge k\u00f8kkenredskaber, mens de leger, og deres kreative t\u00e6nkning og fantasi stimuleres p\u00e5 bedste vis.<\/p>\n<p>Funktioner:<\/p>\n<p>* &#8211; k\u00f8kkenet har en vask, ovn, komfur, mikroovn, k\u00f8leskab,<br \/>\n* &#8211; du finder vigtigt k\u00f8kkenudstyr &#8211; en gryde med l\u00e5g, en stegepande, en ske, en skummeske, en spatel, gr\u00f8ntsager, salt- og peberb\u00f8sser,<br \/>\n* &#8211; 3 bev\u00e6gelige knapper,* &#8211; efter madlavningen kan barnet vaske op i vasken og lave mad igen,* &#8211; under vasken er der et k\u00f8leskab med en tavle, hvor man kan skrive opskrifter ned,* &#8211; et skab til opbevaring af egne madvarer,* &#8211; mens barnet leger, l\u00e6rer det at tage ansvar for sit eget rod og oprydning,* &#8211; det hele er lavet af lakeret tr\u00e6 og malet med giftfri maling i &#8220;polare&#8221; farver, der vil tilfredsstille alle brugere og give dem masser af sjov. Leget\u00f8jet udvikler:* &#8211; kreativitet,* &#8211; fantasi,* &#8211; sociale f\u00e6rdigheder.<\/p>\n","protected":false},"excerpt":{"rendered":"<p>At tilberede m\u00e5ltider sammen er en fantastisk m\u00e5de at l\u00e6re gennem leg. Hvert k\u00f8kken har en vask, ovn og komfur, hvor du kan lave dine yndlingsretter til hele familien. Et vidunderligt k\u00f8kkenleget\u00f8j til b\u00f8rn, der giver dem mulighed for at lave mad og tilberede l\u00e6kre m\u00e5ltider til familie eller venner. B\u00f8rnene l\u00e6rer at bruge k\u00f8kkenredskaber, [&hellip;]<\/p>\n","protected":false},"featured_media":0,"comment_status":"open","ping_status":"closed","template":"","meta":[],"product_brand":[],"product_cat":[31],"product_tag":[],"class_list":{"0":"post-27303","1":"product","2":"type-product","3":"status-publish","5":"product_cat-uncategorized-da","7":"first","8":"instock","9":"shipping-taxable","10":"purchasable","11":"product-type-simple"},"_links":{"self":[{"href":"https:\/\/nordicmart.andreevmaster.com\/da\/wp-json\/wp\/v2\/product\/27303","targetHints":{"allow":["GET"]}}],"collection":[{"href":"https:\/\/nordicmart.andreevmaster.com\/da\/wp-json\/wp\/v2\/product"}],"about":[{"href":"https:\/\/nordicmart.andreevmaster.com\/da\/wp-json\/wp\/v2\/types\/product"}],"replies":[{"embeddable":true,"href":"https:\/\/nordicmart.andreevmaster.com\/da\/wp-json\/wp\/v2\/comments?post=27303"}],"wp:attachment":[{"href":"https:\/\/nordicmart.andreevmaster.com\/da\/wp-json\/wp\/v2\/media?parent=27303"}],"wp:term":[{"taxonomy":"product_brand","embeddable":true,"href":"https:\/\/nordicmart.andreevmaster.com\/da\/wp-json\/wp\/v2\/product_brand?post=27303"},{"taxonomy":"product_cat","embeddable":true,"href":"https:\/\/nordicmart.andreevmaster.com\/da\/wp-json\/wp\/v2\/product_cat?post=27303"},{"taxonomy":"product_tag","embeddable":true,"href":"https:\/\/nordicmart.andreevmaster.com\/da\/wp-json\/wp\/v2\/product_tag?post=27303"}],"curies":[{"name":"wp","href":"https:\/\/api.w.org\/{rel}","templated":true}]}}