{"id":27302,"date":"2026-02-27T00:36:23","date_gmt":"2026-02-27T00:36:23","guid":{"rendered":"https:\/\/nordicmart.andreevmaster.com\/product\/viga-polarb-traetogsaet-til-born-togskinner-90-stykker\/"},"modified":"2026-02-27T09:15:03","modified_gmt":"2026-02-27T09:15:03","slug":"viga-polarb-traetogsaet-til-born-togskinner-90-stykker","status":"publish","type":"product","link":"https:\/\/nordicmart.andreevmaster.com\/da\/vare\/viga-polarb-traetogsaet-til-born-togskinner-90-stykker\/","title":{"rendered":"VIGA PolarB Tr\u00e6togs\u00e6t til b\u00f8rn Togskinner 90 stykker"},"content":{"rendered":"<p>Tr\u00e6togs\u00e6ttet fra PolarB-serien er et leget\u00f8j, som dit barn vil have gl\u00e6de af i meget lang tid og som vil give mange timers kreativ og interessant leg. Takket v\u00e6re togs\u00e6ttet kan dit barn skabe sine egne legescenarier og eventyr. Det farverige togs\u00e6t med tilbeh\u00f8r er en fryd for \u00f8jet og opmuntrer til leg.<\/p>\n<p>Egenskaber:<\/p>\n<p>* &#8211; s\u00e6ttet best\u00e5r af 90 dele, herunder skinner, skinneh\u00f8je, et tog og forskellige vogne, jernbaneskilte, bygninger, dyr, k\u00f8ret\u00f8jer og forskellige typer tr\u00e6er og klipper<br \/>\n* &#8211; b\u00f8rn kan bygge enhver rute til toget ved hj\u00e6lp af forskellige skinner, forhindringer og h\u00f8je<br \/>\n* &#8211; vognene kan bruges til at transportere de dyr, der er inkluderet i s\u00e6ttet,<br \/>\n* &#8211; leget\u00f8jet har ingen skarpe kanter og er fremstillet af materialer af h\u00f8jeste kvalitet, der er sikre for b\u00f8rn og milj\u00f8et,<br \/>\n* &#8211; malet med giftfri maling.<\/p>\n<p>Leget\u00f8jet udvikler:<\/p>\n<p>* &#8211; fantasi,<br \/>\n* &#8211; kreativitet,<br \/>\n* &#8211; sensoriske f\u00e6rdigheder,<br \/>\n* &#8211; finmotorik.<\/p>\n","protected":false},"excerpt":{"rendered":"<p>Tr\u00e6togs\u00e6ttet fra PolarB-serien er et leget\u00f8j, som dit barn vil have gl\u00e6de af i meget lang tid og som vil give mange timers kreativ og interessant leg. Takket v\u00e6re togs\u00e6ttet kan dit barn skabe sine egne legescenarier og eventyr. Det farverige togs\u00e6t med tilbeh\u00f8r er en fryd for \u00f8jet og opmuntrer til leg. Egenskaber: * [&hellip;]<\/p>\n","protected":false},"featured_media":0,"comment_status":"open","ping_status":"closed","template":"","meta":[],"product_brand":[],"product_cat":[31],"product_tag":[],"class_list":{"0":"post-27302","1":"product","2":"type-product","3":"status-publish","5":"product_cat-uncategorized-da","7":"first","8":"instock","9":"shipping-taxable","10":"purchasable","11":"product-type-simple"},"_links":{"self":[{"href":"https:\/\/nordicmart.andreevmaster.com\/da\/wp-json\/wp\/v2\/product\/27302","targetHints":{"allow":["GET"]}}],"collection":[{"href":"https:\/\/nordicmart.andreevmaster.com\/da\/wp-json\/wp\/v2\/product"}],"about":[{"href":"https:\/\/nordicmart.andreevmaster.com\/da\/wp-json\/wp\/v2\/types\/product"}],"replies":[{"embeddable":true,"href":"https:\/\/nordicmart.andreevmaster.com\/da\/wp-json\/wp\/v2\/comments?post=27302"}],"wp:attachment":[{"href":"https:\/\/nordicmart.andreevmaster.com\/da\/wp-json\/wp\/v2\/media?parent=27302"}],"wp:term":[{"taxonomy":"product_brand","embeddable":true,"href":"https:\/\/nordicmart.andreevmaster.com\/da\/wp-json\/wp\/v2\/product_brand?post=27302"},{"taxonomy":"product_cat","embeddable":true,"href":"https:\/\/nordicmart.andreevmaster.com\/da\/wp-json\/wp\/v2\/product_cat?post=27302"},{"taxonomy":"product_tag","embeddable":true,"href":"https:\/\/nordicmart.andreevmaster.com\/da\/wp-json\/wp\/v2\/product_tag?post=27302"}],"curies":[{"name":"wp","href":"https:\/\/api.w.org\/{rel}","templated":true}]}}