{"id":27301,"date":"2026-02-27T00:36:22","date_gmt":"2026-02-27T00:36:22","guid":{"rendered":"https:\/\/nordicmart.andreevmaster.com\/product\/viga-polarb-shop-konditori-isbar-3-i-1\/"},"modified":"2026-02-27T09:15:03","modified_gmt":"2026-02-27T09:15:03","slug":"viga-polarb-shop-konditori-isbar-3-i-1","status":"publish","type":"product","link":"https:\/\/nordicmart.andreevmaster.com\/da\/vare\/viga-polarb-shop-konditori-isbar-3-i-1\/","title":{"rendered":"VIGA PolarB Shop Konditori Isbar 3-i-1"},"content":{"rendered":"<p>PolarB 3-i-1 Shop, Bageri og Isbar er den perfekte gave til sm\u00e5 bagere. S\u00e6ttet er ideelt til b\u00f8rn, der gerne vil lege butiksindehaver eller bager. Med dette leget\u00f8j vil dit barn f\u00f8le sig som en professionel konditor. Leget\u00f8jet har mange sm\u00e5 tilbeh\u00f8rsdele s\u00e5som slikkepinde, is, vafler og toppings. Vognen har en hylde, der kan \u00e5bnes og bruges til opbevaring af forskellige ting. Det hele er malet med giftfri maling i bl\u00f8de farver, der tiltr\u00e6kker b\u00f8rns opm\u00e6rksomhed.<\/p>\n<p>Egenskaber:<\/p>\n<p>* &#8211; s\u00e6ttet kan bruges som bageri, isbar eller butik,<br \/>\n* &#8211; s\u00e6ttet er ideelt til rollespil som s\u00e6lger,<br \/>\n* &#8211; s\u00e6ttet indeholder mange tilbeh\u00f8rsdele &#8211; is, slikkepinde, vafler, toppings,<br \/>\n* &#8211; vognen er udstyret med en lille hylde,<br \/>\n* &#8211; hele s\u00e6ttet er malet med giftfri maling,<br \/>\n* &#8211; s\u00e6ttet har et bl\u00f8dt farveskema, der tiltr\u00e6kker b\u00f8rns opm\u00e6rksomhed.<\/p>\n<p>Leget\u00f8jet udvikler:<\/p>\n<p>* &#8211; kreativitet,<br \/>\n* &#8211; fantasi,<br \/>\n* &#8211; rollespilsevner,<br \/>\n* &#8211; kommunikation,<br \/>\n* &#8211; logisk t\u00e6nkning.<\/p>\n<p>VIGA TOYS er smukt, veldesignet og sikkert tr\u00e6leget\u00f8j. Over 20 \u00e5rs erfaring garanterer kvalitet og fremragende design. Sortimentet af tr\u00e6leget\u00f8j omfatter: k\u00f8kkener, tilbeh\u00f8r, babywalkere, cykler, p\u00e6dagogisk leget\u00f8j, musikleget\u00f8j, sn\u00f8releget\u00f8j, f\u00e6rdighedsspil, flade klodser, rumlige klodser, tog og togs\u00e6t, legehuse og teatre, puslespil, spil, minileget\u00f8j, skoleartikler og meget mere.<\/p>\n","protected":false},"excerpt":{"rendered":"<p>PolarB 3-i-1 Shop, Bageri og Isbar er den perfekte gave til sm\u00e5 bagere. S\u00e6ttet er ideelt til b\u00f8rn, der gerne vil lege butiksindehaver eller bager. Med dette leget\u00f8j vil dit barn f\u00f8le sig som en professionel konditor. Leget\u00f8jet har mange sm\u00e5 tilbeh\u00f8rsdele s\u00e5som slikkepinde, is, vafler og toppings. Vognen har en hylde, der kan \u00e5bnes [&hellip;]<\/p>\n","protected":false},"featured_media":0,"comment_status":"open","ping_status":"closed","template":"","meta":[],"product_brand":[],"product_cat":[31],"product_tag":[],"class_list":{"0":"post-27301","1":"product","2":"type-product","3":"status-publish","5":"product_cat-uncategorized-da","7":"first","8":"instock","9":"shipping-taxable","10":"purchasable","11":"product-type-simple"},"_links":{"self":[{"href":"https:\/\/nordicmart.andreevmaster.com\/da\/wp-json\/wp\/v2\/product\/27301","targetHints":{"allow":["GET"]}}],"collection":[{"href":"https:\/\/nordicmart.andreevmaster.com\/da\/wp-json\/wp\/v2\/product"}],"about":[{"href":"https:\/\/nordicmart.andreevmaster.com\/da\/wp-json\/wp\/v2\/types\/product"}],"replies":[{"embeddable":true,"href":"https:\/\/nordicmart.andreevmaster.com\/da\/wp-json\/wp\/v2\/comments?post=27301"}],"wp:attachment":[{"href":"https:\/\/nordicmart.andreevmaster.com\/da\/wp-json\/wp\/v2\/media?parent=27301"}],"wp:term":[{"taxonomy":"product_brand","embeddable":true,"href":"https:\/\/nordicmart.andreevmaster.com\/da\/wp-json\/wp\/v2\/product_brand?post=27301"},{"taxonomy":"product_cat","embeddable":true,"href":"https:\/\/nordicmart.andreevmaster.com\/da\/wp-json\/wp\/v2\/product_cat?post=27301"},{"taxonomy":"product_tag","embeddable":true,"href":"https:\/\/nordicmart.andreevmaster.com\/da\/wp-json\/wp\/v2\/product_tag?post=27301"}],"curies":[{"name":"wp","href":"https:\/\/api.w.org\/{rel}","templated":true}]}}